{"id":17560,"date":"2024-05-04T15:18:19","date_gmt":"2024-05-04T15:18:19","guid":{"rendered":"https:\/\/hgjammer.com\/?page_id=17560"},"modified":"2024-07-24T15:08:24","modified_gmt":"2024-07-24T15:08:24","slug":"faq","status":"publish","type":"page","link":"https:\/\/hgjammer.com\/de\/faq\/","title":{"rendered":"FAQ"},"content":{"rendered":"\t\t<div data-elementor-type=\"wp-page\" data-elementor-id=\"17560\" class=\"elementor elementor-17560 elementor-16427\" data-elementor-post-type=\"page\">\n\t\t\t\t<div class=\"wd-negative-gap elementor-element elementor-element-8a402c8 e-flex e-con-boxed e-con e-parent\" data-id=\"8a402c8\" data-element_type=\"container\">\n\t\t\t\t\t<div class=\"e-con-inner\">\n\t\t\t\t<div class=\"elementor-element elementor-element-8a8fdb3 elementor-widget elementor-widget-wd_text_block\" data-id=\"8a8fdb3\" data-element_type=\"widget\" data-widget_type=\"wd_text_block.default\">\n\t\t\t\t<div class=\"elementor-widget-container\">\n\t\t\t\t\t\t\t<div class=\"wd-text-block reset-last-child text-left\">\n\t\t\t\n\t\t\t<h2>#1 Was genau ist ein Signal Jammer?<\/h2><p><a href=\"https:\/\/hgjammer.com\/de\/produkt-kategorie\/stoersender\/\"><strong>Signal-St\u00f6rsender<\/strong><\/a> k\u00f6nnen verwendet werden, um \u00dcbertragungssignale zu blockieren. Nehmen Sie zum Beispiel Handy-St\u00f6rsender. Sie k\u00f6nnen Telefonsignale blockieren, so dass es unm\u00f6glich ist, Anrufe oder SMS zu t\u00e4tigen oder zu empfangen. WiFi-St\u00f6rsender funktionieren \u00e4hnlich, sie unterbrechen den Netzwerkzugang f\u00fcr Ger\u00e4te in der N\u00e4he, wenn sie aktiviert werden.<\/p><h2>#2 Was k\u00f6nnen Sie mit einem Signalst\u00f6rer tun?<\/h2><p>Es gibt verschiedene Situationen, in denen Signalst\u00f6rer n\u00fctzlich sind. In Pr\u00fcfungsr\u00e4umen zum Beispiel k\u00f6nnen sie Studenten am Schummeln hindern, indem sie Handysignale blockieren. Bei wichtigen Gesch\u00e4ftsbesprechungen k\u00f6nnen St\u00f6rsender das Abh\u00f6ren und das Durchsickern von Informationen verhindern. Oder wenn Sie verhindern m\u00f6chten, dass Sie \u00fcber GPS geortet werden, k\u00f6nnen Sie einen <strong><a href=\"https:\/\/hgjammer.com\/de\/produkt-kategorie\/gps-stoersender\/\">GPS-St\u00f6rsender<\/a><\/strong> Diese Signale werden blockiert.<\/p><h2>#3 M\u00fcssen Sie Ihren Signal Jammer installieren?<\/h2><p>Ganz gleich, ob Sie sich f\u00fcr einen Handheld- oder einen Desktop-St\u00f6rsender entscheiden, die Installation ist ein Kinderspiel. Sie m\u00fcssen lediglich die Antennen auf das Ger\u00e4t schrauben, und schon sind Sie startklar.<\/p><h2>#4 Funktioniert Ihr Handy-Signalst\u00f6rer in meinem Land?<\/h2><p>Unbedingt. Wir wissen, dass verschiedene L\u00e4nder unterschiedliche Zellsignalfrequenzen verwenden. Wir stellen unsere Ger\u00e4te so ein, dass sie die Mobilfunksignale in Ihrem Land blockieren. Wir passen die Frequenzen an Ihre Lieferadresse an. Wenn Sie jedoch Signale aus einem anderen Land blockieren m\u00fcssen, teilen Sie uns dies einfach nach Ihrer Bestellung per E-Mail mit.<\/p><h2>#5 Kann ich einen Signalst\u00f6rer in meinem Auto verwenden?<\/h2><p>Ja, das k\u00f6nnen Sie. Wenn Sie einen St\u00f6rsender f\u00fcr Ihr Auto ben\u00f6tigen, entscheiden Sie sich f\u00fcr einen Handheld-St\u00f6rsender.<\/p><h2>#6 Nicht sicher, welches Produkt Sie w\u00e4hlen sollen?<\/h2><p>Kein Problem! Schicken Sie uns eine E-Mail mit Ihren W\u00fcnschen und wir melden uns innerhalb von 12 Stunden mit einer Empfehlung bei Ihnen.<\/p><h2>#7 Ich brauche nicht so viele Frequenzen zu blockieren<\/h2><p>Unsere St\u00f6rsender k\u00f6nnen mehrere Frequenzen wie Handys, WiFi und GPS blockieren. Mit den DIP-Schaltern auf unseren Ger\u00e4ten k\u00f6nnen Sie jedoch ganz einfach bestimmte Antennen deaktivieren. Sie k\u00f6nnen zum Beispiel nur GPS blockieren, w\u00e4hrend Mobilfunk- und WiFi-Signale unber\u00fchrt bleiben.<\/p><h2>#8 Wie lange wird es dauern, bis ich meine Bestellung erhalte?<\/h2><p>Sobald wir Ihre Bestellung erhalten haben, dauert es 5 Werktage, bis Ihr Ger\u00e4t hergestellt ist, und dann 4 bis 7 Tage bis zum Versand. In der Regel erhalten Sie Ihr Paket innerhalb von 12 Tagen nach der Bestellung.<\/p><h2>#9 Woher werden die Produkte geliefert?<\/h2><p>Unsere Pakete werden von Hongkong aus verschickt.<\/p><h2>#10 Welche Versandmethoden verwenden Sie?<\/h2><p>Wir versenden in der Regel mit DHL oder UPS. Sie erhalten eine Sendungsverfolgungsnummer, sobald Ihr Paket auf dem Weg ist.<\/p><h2>#11 Wird das Paket problemlos durch den Zoll kommen?<\/h2><p>Ja, das wird es. Wir kennzeichnen unsere Pakete als andere elektronische Ger\u00e4te, wie z.B. drahtlose Router, so dass Ihre Bestellung den Zoll problemlos passieren kann. Wir haben bisher keine Probleme mit der Zollabfertigung gehabt.<\/p><h2>#12 Muss ich Zollgeb\u00fchren zahlen?<\/h2><p>Da die Zollbestimmungen von Land zu Land unterschiedlich sind, k\u00f6nnen wir nicht vorhersagen, ob Z\u00f6lle erhoben werden. Sollten jedoch Zollgeb\u00fchren anfallen, \u00fcbernehmen wir diese Kosten, so dass Sie sich keine Sorgen machen m\u00fcssen.<\/p><h2>#13 Kann ich eine R\u00fcckerstattung erhalten?<\/h2><p>Wenn Sie mit Ihrem Kauf innerhalb von 30 Tagen nach Erhalt nicht zufrieden sind, bieten wir Ihnen einen kostenlosen Umtausch oder eine vollst\u00e4ndige R\u00fcckerstattung an. Pr\u00fcfen Sie unsere <strong><a href=\"https:\/\/hgjammer.com\/de\/erstattung-ruckgabe\/\">Erstattungs- und R\u00fcckgabebedingungen hier<\/a><\/strong>.<\/p><h2>#14 Was ist Ihre Garantiepolitik?<\/h2><p>Wir bieten eine einj\u00e4hrige Garantie ohne zus\u00e4tzliche Kosten. Wenn das Produkt innerhalb der Garantiezeit einen nicht von Menschenhand verursachten Schaden aufweist, reparieren wir ihn kostenlos. Pr\u00fcfen Sie unsere <strong><a href=\"https:\/\/hgjammer.com\/de\/garantie\/\">Garantiebestimmungen<\/a><\/strong> f\u00fcr weitere Details.<\/p><h2>#15 Kann ich mit Ihrem Kundendienst telefonisch sprechen?<\/h2><p>Derzeit bieten wir nur E-Mail-Support an. Sie k\u00f6nnen gerne <strong><a href=\"https:\/\/hgjammer.com\/contact-us\/\">kontaktieren Sie uns<\/a><\/strong> bei Fragen.<\/p><h2>#16 Sind Sie ein Hersteller?<\/h2><p>Ja, wir sind einer der f\u00fchrenden <strong><a href=\"https:\/\/hgjammer.com\/de\/ueber-uns\/\">Signalst\u00f6rer-Hersteller<\/a><\/strong> in Asien. Wir stellen seit 2008 St\u00f6rsender her.<\/p><h2>#17 Kann ich die Jammerfrequenzen anpassen?<\/h2><p>Ja, das k\u00f6nnen Sie. Wir k\u00f6nnen St\u00f6rsender f\u00fcr Frequenzen von 20MHz bis 6GHz herstellen. Nennen Sie uns einfach Ihre Anforderungen, und wir werden Ihren Bedarf ermitteln.<\/p><h2>#18 Gibt es einen Rabatt f\u00fcr Gro\u00dfbestellungen?<\/h2><p>Auf jeden Fall. Bitte kontaktieren Sie unseren Kundenservice f\u00fcr weitere Informationen.<\/p>\n\t\t\t\t\t<\/div>\n\t\t\t\t\t\t<\/div>\n\t\t\t\t<\/div>\n\t\t\t\t\t<\/div>\n\t\t\t\t<\/div>\n\t\t\t\t<\/div>\n\t\t","protected":false},"excerpt":{"rendered":"<p>#1 Was genau ist ein Signal Jammer? Signal-St\u00f6rsender k\u00f6nnen verwendet werden, um \u00dcbertragungssignale zu blockieren. Nehmen Sie zum Beispiel Handy-St\u00f6rsender.<\/p>\n","protected":false},"author":1,"featured_media":0,"parent":0,"menu_order":0,"comment_status":"closed","ping_status":"closed","template":"","meta":{"_acf_changed":false,"footnotes":""},"class_list":["post-17560","page","type-page","status-publish","hentry"],"acf":[],"_links":{"self":[{"href":"https:\/\/hgjammer.com\/de\/wp-json\/wp\/v2\/pages\/17560","targetHints":{"allow":["GET"]}}],"collection":[{"href":"https:\/\/hgjammer.com\/de\/wp-json\/wp\/v2\/pages"}],"about":[{"href":"https:\/\/hgjammer.com\/de\/wp-json\/wp\/v2\/types\/page"}],"author":[{"embeddable":true,"href":"https:\/\/hgjammer.com\/de\/wp-json\/wp\/v2\/users\/1"}],"replies":[{"embeddable":true,"href":"https:\/\/hgjammer.com\/de\/wp-json\/wp\/v2\/comments?post=17560"}],"version-history":[{"count":2,"href":"https:\/\/hgjammer.com\/de\/wp-json\/wp\/v2\/pages\/17560\/revisions"}],"predecessor-version":[{"id":17714,"href":"https:\/\/hgjammer.com\/de\/wp-json\/wp\/v2\/pages\/17560\/revisions\/17714"}],"wp:attachment":[{"href":"https:\/\/hgjammer.com\/de\/wp-json\/wp\/v2\/media?parent=17560"}],"curies":[{"name":"wp","href":"https:\/\/api.w.org\/{rel}","templated":true}]}}