{"id":17602,"date":"2024-03-23T08:16:39","date_gmt":"2024-03-23T08:16:39","guid":{"rendered":"https:\/\/hgjammer.com\/?page_id=17602"},"modified":"2024-07-24T15:02:42","modified_gmt":"2024-07-24T15:02:42","slug":"garantie","status":"publish","type":"page","link":"https:\/\/hgjammer.com\/de\/garantie\/","title":{"rendered":"1-Jahres-Garantie"},"content":{"rendered":"\n<p>Danke, dass Sie sich f\u00fcr HGJammer.com entschieden haben. Als zuverl\u00e4ssiger Lieferant mit jahrelanger Erfahrung sind wir bestrebt, qualitativ hochwertige Produkte und einen ausgezeichneten Kundenservice anzubieten. Unsere 1-Jahres-Garantie gew\u00e4hrleistet, dass Ihr Kauf f\u00fcr einen Zeitraum von einem Jahr ab Kaufdatum gegen Defekte und Fehlfunktionen gesch\u00fctzt ist.<\/p>\n\n<h2 class=\"wp-block-heading\"><strong>Garantieleistungen<\/strong><\/h2>\n\n<ul class=\"wp-block-list\">\n<li>Die 1-Jahres-Garantie beginnt ab dem auf Ihrer Rechnung oder Quittung angegebenen Kaufdatum.<\/li>\n\n\n\n<li>Diese Garantie deckt Material- und Verarbeitungsfehler bei normalem Gebrauch ab.<\/li>\n\n\n\n<li>Kunden m\u00fcssen ausf\u00fchrliche Informationen \u00fcber das Problem zur Verf\u00fcgung stellen und, falls erforderlich, ein Video aufnehmen, das das Problem zeigt, und es an unser Kundendienstteam senden.<\/li>\n\n\n\n<li>Kunden m\u00fcssen den Artikel zur Probleml\u00f6sung an HGJammer.com zur\u00fccksenden.<\/li>\n\n\n\n<li>Sobald wir den Artikel vom Kunden erhalten haben, werden wir uns bem\u00fchen, das Problem innerhalb von <strong>15 Werktagen<\/strong> zu beheben. Wenn das Problem nicht gel\u00f6st werden kann, wird dem Kunden ein neuer Ersatzartikel zugeschickt.<\/li>\n<\/ul>\n\n<h2 class=\"wp-block-heading\"><strong>Kosten f\u00fcr den Versand<\/strong><\/h2>\n\n<ul class=\"wp-block-list\">\n<li><strong>Der Kunde ist f\u00fcr die Versandkosten verantwortlich, die mit der R\u00fccksendung des Artikels an HGJammer.com f\u00fcr den Garantieservice verbunden sind.<\/strong><\/li>\n\n\n\n<li>HGJammer.com \u00fcbernimmt die Versandkosten f\u00fcr die R\u00fccksendung des reparierten oder ersetzten Artikels an den Kunden.<\/li>\n<\/ul>\n\n<h2 class=\"wp-block-heading\"><strong>Ausschl\u00fcsse<\/strong><\/h2>\n\n<ul class=\"wp-block-list\">\n<li>Diese Garantie deckt keine Sch\u00e4den ab, die durch unsachgem\u00e4\u00dfen Gebrauch, Missbrauch, Unf\u00e4lle, nicht autorisierte Modifikationen oder Ver\u00e4nderungen am Produkt verursacht wurden.<\/li>\n\n\n\n<li>Artikel, die vom Kunden zerst\u00f6rt oder unsachgem\u00e4\u00df behandelt wurden, k\u00f6nnen im Rahmen dieser Garantie nicht ersetzt werden.<\/li>\n<\/ul>\n\n<h2 class=\"wp-block-heading\"><strong>Anspruch Prozess<\/strong><\/h2>\n\n<ol class=\"wp-block-list\">\n<li>Schicken Sie Ihre Anfrage zusammen mit Ihrem Garantieanspruch an info@hgjammer.com und geben Sie dabei detaillierte Informationen \u00fcber das Problem und, falls erforderlich, eine Videodemonstration an.<\/li>\n\n\n\n<li>Der Kundendienst wird Sie durch den R\u00fcckgabeprozess f\u00fchren und Ihnen Anweisungen f\u00fcr den Versand des Artikels an HGJammer.com geben.<\/li>\n\n\n\n<li>Sobald wir den Artikel erhalten haben, wird unser technisches Team das Problem beurteilen und je nach Bedarf eine Reparatur oder einen Austausch vornehmen.<\/li>\n\n\n\n<li>Reparierte oder ersetzte Artikel werden umgehend an den Kunden zur\u00fcckgeschickt, wobei die Versandkosten von HGJammer.com \u00fcbernommen werden.<\/li>\n<\/ol>\n\n<h2 class=\"wp-block-heading\"><strong>Einschr\u00e4nkung der Haftung<\/strong><\/h2>\n\n<ul class=\"wp-block-list\">\n<li>Die Haftung von HGJammer.com im Rahmen dieser Garantie beschr\u00e4nkt sich ausschlie\u00dflich auf die Reparatur oder den Ersatz von defekten Artikeln, wie in dieser Richtlinie beschrieben.<\/li>\n\n\n\n<li>Wir haften nicht f\u00fcr indirekte Sch\u00e4den, Folgesch\u00e4den oder beil\u00e4ufige Sch\u00e4den, die durch die Verwendung unserer Produkte entstehen.<\/li>\n<\/ul>\n\n<h2 class=\"wp-block-heading\"><strong>Kontaktinformationen<\/strong><\/h2>\n\n<p>Wenn Sie Fragen zu unseren Garantiebestimmungen haben, wenden Sie sich bitte an unser Kundendienstteam unter <a>info@hgjammer.com.<\/a><\/p>\n\n<p>Diese Garantiebestimmungen k\u00f6nnen ohne vorherige Ank\u00fcndigung ge\u00e4ndert werden. Die aktuellsten Informationen finden Sie auf unserer Website oder beim Kundendienst.<\/p>\n","protected":false},"excerpt":{"rendered":"<p>Danke, dass Sie sich f\u00fcr HGJammer.com entschieden haben. Als zuverl\u00e4ssiger Lieferant mit jahrelanger Erfahrung sind wir bestrebt, qualitativ hochwertige Produkte<\/p>\n","protected":false},"author":1,"featured_media":0,"parent":0,"menu_order":0,"comment_status":"closed","ping_status":"closed","template":"","meta":{"_acf_changed":false,"footnotes":""},"class_list":["post-17602","page","type-page","status-publish","hentry"],"acf":[],"_links":{"self":[{"href":"https:\/\/hgjammer.com\/de\/wp-json\/wp\/v2\/pages\/17602","targetHints":{"allow":["GET"]}}],"collection":[{"href":"https:\/\/hgjammer.com\/de\/wp-json\/wp\/v2\/pages"}],"about":[{"href":"https:\/\/hgjammer.com\/de\/wp-json\/wp\/v2\/types\/page"}],"author":[{"embeddable":true,"href":"https:\/\/hgjammer.com\/de\/wp-json\/wp\/v2\/users\/1"}],"replies":[{"embeddable":true,"href":"https:\/\/hgjammer.com\/de\/wp-json\/wp\/v2\/comments?post=17602"}],"version-history":[{"count":1,"href":"https:\/\/hgjammer.com\/de\/wp-json\/wp\/v2\/pages\/17602\/revisions"}],"predecessor-version":[{"id":17603,"href":"https:\/\/hgjammer.com\/de\/wp-json\/wp\/v2\/pages\/17602\/revisions\/17603"}],"wp:attachment":[{"href":"https:\/\/hgjammer.com\/de\/wp-json\/wp\/v2\/media?parent=17602"}],"curies":[{"name":"wp","href":"https:\/\/api.w.org\/{rel}","templated":true}]}}