{"id":17608,"date":"2024-03-23T08:32:33","date_gmt":"2024-03-23T08:32:33","guid":{"rendered":"https:\/\/hgjammer.com\/?page_id=17608"},"modified":"2024-07-24T15:03:51","modified_gmt":"2024-07-24T15:03:51","slug":"erstattung-ruckgabe","status":"publish","type":"page","link":"https:\/\/hgjammer.com\/de\/erstattung-ruckgabe\/","title":{"rendered":"R\u00fcckerstattung und R\u00fcckgabebedingungen"},"content":{"rendered":"\n<p>Wir von HGJammer.com m\u00f6chten, dass Sie mit Ihrem Kauf vollkommen zufrieden sind. Sollten Sie aus irgendeinem Grund nicht zufrieden sein, bieten wir Ihnen ein R\u00fcckerstattungs- und R\u00fcckgaberecht, damit Sie sich keine Sorgen machen m\u00fcssen.<\/p>\n\n<h2 class=\"wp-block-heading\"><strong>30-Tage R\u00fcckgaberecht<\/strong><\/h2>\n\n<p>Wir wissen, dass sich die Umst\u00e4nde \u00e4ndern k\u00f6nnen. Deshalb bieten wir Ihnen ein 30-t\u00e4giges R\u00fcckgaberecht ab dem Kaufdatum. Wenn seit Ihrem Kauf 30 Tage vergangen sind, k\u00f6nnen wir Ihnen leider weder eine R\u00fcckerstattung noch einen Umtausch anbieten.<\/p>\n\n<h2 class=\"wp-block-heading\"><strong>Anspruchsberechtigung f\u00fcr R\u00fccksendungen<\/strong><\/h2>\n\n<p>Um f\u00fcr eine R\u00fcckgabe in Frage zu kommen, muss Ihr Artikel unbenutzt sein und sich im selben Zustand befinden, in dem Sie ihn erhalten haben. Es muss au\u00dferdem in der Originalverpackung sein. Wir ben\u00f6tigen eine Quittung oder einen Kaufnachweis, um Ihre R\u00fcckgabe abzuschlie\u00dfen.<\/p>\n\n<h2 class=\"wp-block-heading\"><strong>Erstattungsprozess<\/strong><\/h2>\n\n<p>Sobald wir Ihre R\u00fccksendung erhalten und gepr\u00fcft haben, senden wir Ihnen eine E-Mail, um Sie zu benachrichtigen, dass wir Ihren zur\u00fcckgesandten Artikel erhalten haben. Wir werden Sie dann \u00fcber die Genehmigung oder Ablehnung Ihrer Erstattung informieren. Im Falle einer Genehmigung wird Ihre R\u00fcckerstattung bearbeitet und eine Gutschrift auf Ihre Kreditkarte oder Ihre urspr\u00fcngliche Zahlungsmethode wird innerhalb einer bestimmten Anzahl von Tagen automatisch vorgenommen.<\/p>\n\n<h2 class=\"wp-block-heading\"><strong>Versp\u00e4tete oder fehlende Erstattungen<\/strong><\/h2>\n\n<p>Wenn Sie noch keine Erstattung erhalten haben, \u00fcberpr\u00fcfen Sie bitte zun\u00e4chst Ihr Bankkonto. Wenden Sie sich dann an Ihr Kreditkartenunternehmen, da es einige Zeit dauern kann, bis Ihre Erstattung offiziell verbucht wird. Wenn Sie all dies getan haben und Ihre R\u00fcckerstattung immer noch nicht erhalten haben, kontaktieren Sie uns bitte unter <a>info@hgjammer.com.<\/a><\/p>\n\n<h2 class=\"wp-block-heading\"><strong>Verkauf Artikel<\/strong><\/h2>\n\n<p>Bitte beachten Sie, dass nur Artikel zum regul\u00e4ren Preis erstattet werden k\u00f6nnen. Ausverkaufte Artikel k\u00f6nnen leider nicht erstattet werden.<\/p>\n\n<h2 class=\"wp-block-heading\"><strong>Tauschen Sie<\/strong><\/h2>\n\n<p>Wir ersetzen Artikel nur, wenn sie defekt oder besch\u00e4digt sind. Wenn Sie einen Artikel gegen denselben umtauschen m\u00f6chten, senden Sie uns bitte eine E-Mail an <a>info@hgjammer.com.<\/a><\/p>\n\n<h2 class=\"wp-block-heading\"><strong>Kosten f\u00fcr den Versand<\/strong><\/h2>\n\n<p>Der Kunde ist f\u00fcr die Zahlung der Versandkosten f\u00fcr die R\u00fccksendung von Artikeln selbst verantwortlich. Die Versandkosten sind nicht erstattungsf\u00e4hig. Wenn Sie eine R\u00fcckerstattung erhalten, werden die Kosten f\u00fcr den R\u00fcckversand von Ihrer R\u00fcckerstattung abgezogen.<\/p>\n\n<h2 class=\"wp-block-heading\"><strong>R\u00fccksendezeit<\/strong><\/h2>\n\n<p>Die Zeit, die es dauern kann, bis Ihr umgetauschtes Produkt bei Ihnen eintrifft, kann je nach Ihrem Standort variieren.<\/p>\n\n<h2 class=\"wp-block-heading\">Brauchen Sie Hilfe?<\/h2>\n\n<p>Wenn Sie Fragen oder Bedenken bez\u00fcglich unserer Erstattungs- und R\u00fcckgabebestimmungen haben, z\u00f6gern Sie bitte nicht, unser Support-Team unter <a>info@hgjammer.com<\/a> zu kontaktieren <a>.<\/a><\/p>\n\n<p>Wir sch\u00e4tzen Ihre Zufriedenheit und bem\u00fchen uns, Ihren Einkauf bei HGJammer.com so reibungslos wie m\u00f6glich zu gestalten.<\/p>\n","protected":false},"excerpt":{"rendered":"<p>Wir von HGJammer.com m\u00f6chten, dass Sie mit Ihrem Kauf vollkommen zufrieden sind. Sollten Sie aus irgendeinem Grund nicht zufrieden sein,<\/p>\n","protected":false},"author":1,"featured_media":0,"parent":0,"menu_order":0,"comment_status":"closed","ping_status":"closed","template":"","meta":{"_acf_changed":false,"footnotes":""},"class_list":["post-17608","page","type-page","status-publish","hentry"],"acf":[],"_links":{"self":[{"href":"https:\/\/hgjammer.com\/de\/wp-json\/wp\/v2\/pages\/17608","targetHints":{"allow":["GET"]}}],"collection":[{"href":"https:\/\/hgjammer.com\/de\/wp-json\/wp\/v2\/pages"}],"about":[{"href":"https:\/\/hgjammer.com\/de\/wp-json\/wp\/v2\/types\/page"}],"author":[{"embeddable":true,"href":"https:\/\/hgjammer.com\/de\/wp-json\/wp\/v2\/users\/1"}],"replies":[{"embeddable":true,"href":"https:\/\/hgjammer.com\/de\/wp-json\/wp\/v2\/comments?post=17608"}],"version-history":[{"count":1,"href":"https:\/\/hgjammer.com\/de\/wp-json\/wp\/v2\/pages\/17608\/revisions"}],"predecessor-version":[{"id":17609,"href":"https:\/\/hgjammer.com\/de\/wp-json\/wp\/v2\/pages\/17608\/revisions\/17609"}],"wp:attachment":[{"href":"https:\/\/hgjammer.com\/de\/wp-json\/wp\/v2\/media?parent=17608"}],"curies":[{"name":"wp","href":"https:\/\/api.w.org\/{rel}","templated":true}]}}