{"id":17610,"date":"2021-10-12T15:51:09","date_gmt":"2021-10-12T15:51:09","guid":{"rendered":"https:\/\/hgjammer.com\/?page_id=17610"},"modified":"2024-07-24T15:01:48","modified_gmt":"2024-07-24T15:01:48","slug":"ueber-uns","status":"publish","type":"page","link":"https:\/\/hgjammer.com\/de\/ueber-uns\/","title":{"rendered":"\u00dcber uns"},"content":{"rendered":"\t\t<div data-elementor-type=\"wp-page\" data-elementor-id=\"17610\" class=\"elementor elementor-17610 elementor-4400\" data-elementor-post-type=\"page\">\n\t\t\t\t<div class=\"wd-negative-gap elementor-element elementor-element-15ec654 wd-section-stretch e-flex e-con-boxed e-con e-parent\" data-id=\"15ec654\" data-element_type=\"container\" data-settings=\"{&quot;background_background&quot;:&quot;classic&quot;}\">\n\t\t\t\t\t<div class=\"e-con-inner\">\n\t\t<div class=\"elementor-element elementor-element-efd847c e-con-full e-flex e-con e-child\" data-id=\"efd847c\" data-element_type=\"container\">\n\t\t\t\t<div class=\"elementor-element elementor-element-4409be5 elementor-widget-tablet__width-inherit wd-width-100 elementor-widget elementor-widget-wd_title\" data-id=\"4409be5\" data-element_type=\"widget\" data-widget_type=\"wd_title.default\">\n\t\t\t\t<div class=\"elementor-widget-container\">\n\t\t\t\t\t\t\t<div class=\"title-wrapper wd-set-mb reset-last-child wd-title-color-primary wd-title-style-underlined wd-title-size-large text-left\">\n\n\t\t\t\t\t\t\t\t\t\t\t<div class=\"title-subtitle subtitle-color-primary subtitle-style-default wd-fontsize-xs\">\n\t\t\t\t\tH&amp;G Techonlogy\t\t\t\t<\/div>\n\t\t\t\n\t\t\t<div class=\"liner-continer\">\n\t\t\t\t<h1 class=\"woodmart-title-container title wd-fontsize-xxl\">\u00dcber uns<\/h1> \n\t\t\t\t\t\t\t<\/div>\n\n\t\t\t\t\t\t\t<div class=\"title-after_title reset-last-child wd-fontsize-s\">\n\t\t\t\t\t<p>H&amp;G Technology Co., LTD ist seit 2008 ein f\u00fchrender Hersteller und Exporteur von RF-St\u00f6rsendern. Unsere Produkte werden in Europa, den Vereinigten Staaten, Asien, dem Nahen Osten, Russland und Afrika vertrieben. Unsere Kunden reichen von Regierungsbeh\u00f6rden und privaten Sicherheitsfirmen bis hin zu Milit\u00e4rlieferanten und Universit\u00e4ten weltweit. Wir haben uns durch erstklassige Produkte und zuverl\u00e4ssigen After-Sales-Service einen Namen gemacht. \u00dcberzeugt von der Qualit\u00e4t unserer Produkte bieten wir auf jede Bestellung eine einj\u00e4hrige Garantie, sodass Sie mit voller Ruhe bei uns einkaufen k\u00f6nnen.<\/p>\t\t\t\t<\/div>\n\t\t\t\t\t<\/div>\n\t\t\t\t\t\t<\/div>\n\t\t\t\t<\/div>\n\t\t<div class=\"elementor-element elementor-element-8619fed e-con-full e-flex e-con e-child\" data-id=\"8619fed\" data-element_type=\"container\">\n\t\t\t\t<div class=\"elementor-element elementor-element-d02ff7f elementor-widget elementor-widget-wd_button\" data-id=\"d02ff7f\" data-element_type=\"widget\" data-widget_type=\"wd_button.default\">\n\t\t\t\t<div class=\"elementor-widget-container\">\n\t\t\t\t\t\t\t<div class=\"wd-button-wrapper text-center\" >\n\t\t\t<a class=\"btn btn-style-default btn-shape-rectangle btn-size-small btn-color-alt btn-icon-pos-right\"  href=\"https:\/\/hgjammer.com\/de\/produkt-kategorie\/stoersender\/\">\n\t\t\t\t<span class=\"wd-btn-text\" data-elementor-setting-key=\"text\">\n\t\t\t\t\tUnsere Produkte kaufen\t\t\t\t<\/span>\n\n\t\t\t\t\t\t\t<\/a>\n\t\t<\/div>\n\t\t\t\t\t\t<\/div>\n\t\t\t\t<\/div>\n\t\t\t\t<div class=\"elementor-element elementor-element-97081a0 elementor-widget elementor-widget-wd_button\" data-id=\"97081a0\" data-element_type=\"widget\" data-widget_type=\"wd_button.default\">\n\t\t\t\t<div class=\"elementor-widget-container\">\n\t\t\t\t\t\t\t<div class=\"wd-button-wrapper text-center\" >\n\t\t\t<a class=\"btn btn-style-link btn-shape- btn-size-small btn-icon-pos-right\"  href=\"https:\/\/hgjammer.com\/contact-us\/\">\n\t\t\t\t<span class=\"wd-btn-text\" data-elementor-setting-key=\"text\">\n\t\t\t\t\tKontaktieren Sie uns\t\t\t\t<\/span>\n\n\t\t\t\t\t\t\t<\/a>\n\t\t<\/div>\n\t\t\t\t\t\t<\/div>\n\t\t\t\t<\/div>\n\t\t\t\t<\/div>\n\t\t\t\t<\/div>\n\t\t<div class=\"elementor-element elementor-element-604a653 e-con-full e-flex e-con e-child\" data-id=\"604a653\" data-element_type=\"container\">\n\t\t\t\t<div class=\"elementor-element elementor-element-b8cdacc elementor-widget elementor-widget-image\" data-id=\"b8cdacc\" data-element_type=\"widget\" data-widget_type=\"image.default\">\n\t\t\t\t<div class=\"elementor-widget-container\">\n\t\t\t\t\t\t\t\t\t\t\t\t<figure class=\"wp-caption\">\n\t\t\t\t\t\t\t\t\t\t<img loading=\"lazy\" decoding=\"async\" width=\"800\" height=\"543\" src=\"https:\/\/hgjammer.com\/wp-content\/uploads\/2024\/05\/hg-technology-shenzhen-factory.jpg\" class=\"attachment-full size-full wp-image-17530\" alt=\"\" srcset=\"https:\/\/hgjammer.com\/wp-content\/uploads\/2024\/05\/hg-technology-shenzhen-factory.jpg 800w, https:\/\/hgjammer.com\/wp-content\/uploads\/2024\/05\/hg-technology-shenzhen-factory-400x272.jpg 400w, https:\/\/hgjammer.com\/wp-content\/uploads\/2024\/05\/hg-technology-shenzhen-factory-768x521.jpg 768w, https:\/\/hgjammer.com\/wp-content\/uploads\/2024\/05\/hg-technology-shenzhen-factory-430x292.jpg 430w, https:\/\/hgjammer.com\/wp-content\/uploads\/2024\/05\/hg-technology-shenzhen-factory-700x475.jpg 700w, https:\/\/hgjammer.com\/wp-content\/uploads\/2024\/05\/hg-technology-shenzhen-factory-150x102.jpg 150w\" sizes=\"auto, (max-width: 800px) 100vw, 800px\" \/>\t\t\t\t\t\t\t\t\t\t\t<figcaption class=\"widget-image-caption wp-caption-text\">H&amp;G Technology Shenzhen Fabrik<\/figcaption>\n\t\t\t\t\t\t\t\t\t\t<\/figure>\n\t\t\t\t\t\t\t\t\t<\/div>\n\t\t\t\t<\/div>\n\t\t\t\t<\/div>\n\t\t\t\t\t<\/div>\n\t\t\t\t<\/div>\n\t\t<div class=\"wd-negative-gap elementor-element elementor-element-a29f80b e-flex e-con-boxed e-con e-parent\" data-id=\"a29f80b\" data-element_type=\"container\">\n\t\t\t\t\t<div class=\"e-con-inner\">\n\t\t<div class=\"elementor-element elementor-element-01ed793 e-con-full e-flex e-con e-child\" data-id=\"01ed793\" data-element_type=\"container\">\n\t\t\t\t<div class=\"elementor-element elementor-element-fcf9c36 wd-width-100 elementor-widget elementor-widget-wd_images_gallery\" data-id=\"fcf9c36\" data-element_type=\"widget\" data-widget_type=\"wd_images_gallery.default\">\n\t\t\t\t<div class=\"elementor-widget-container\">\n\t\t\t\t\t\t\t<div class=\"wd-images-gallery photoswipe-images\" style=\"--wd-align-items:center; --wd-justify-content:center;\">\n\t\t\t\t\t\t<div class=\"wd-masonry wd-grid-f-col\" style=\"--wd-col-lg:2;--wd-col-md:2;--wd-col-sm:1;--wd-gap-lg:2px;\" >\n\t\t\t\t\t\t\t\t\t\t\t\t\t\t\t\t\t\t<div class=\"wd-gallery-item wd-col\">\n\t\t\t\t\t\t\t\t\t\t\t\t\t<a  href=\"https:\/\/hgjammer.com\/wp-content\/uploads\/2024\/06\/drone-uav-jammer-packaging-process.jpg\" data-width=\"800\" data-height=\"543\" data-index=\"1\" data-elementor-open-lightbox=\"no\">\n\t\t\t\t\t\t\n\t\t\t\t\t\t<img loading=\"lazy\" decoding=\"async\" width=\"768\" height=\"521\" src=\"https:\/\/hgjammer.com\/wp-content\/uploads\/2024\/06\/drone-uav-jammer-packaging-process-768x521.jpg\" class=\"attachment-medium_large size-medium_large\" alt=\"drone uav jammer packaging process\" srcset=\"https:\/\/hgjammer.com\/wp-content\/uploads\/2024\/06\/drone-uav-jammer-packaging-process-768x521.jpg 768w, https:\/\/hgjammer.com\/wp-content\/uploads\/2024\/06\/drone-uav-jammer-packaging-process-400x272.jpg 400w, https:\/\/hgjammer.com\/wp-content\/uploads\/2024\/06\/drone-uav-jammer-packaging-process-430x292.jpg 430w, https:\/\/hgjammer.com\/wp-content\/uploads\/2024\/06\/drone-uav-jammer-packaging-process-700x475.jpg 700w, https:\/\/hgjammer.com\/wp-content\/uploads\/2024\/06\/drone-uav-jammer-packaging-process-150x102.jpg 150w, https:\/\/hgjammer.com\/wp-content\/uploads\/2024\/06\/drone-uav-jammer-packaging-process.jpg 800w\" sizes=\"auto, (max-width: 768px) 100vw, 768px\" \/>\n\t\t\t\t\t\t\t\t\t\t\t\t\t<\/a>\n\t\t\t\t\t\t\t\t\t\t\t<\/div>\n\t\t\t\t\t\t\t\t\t\t\t\t\t\t\t<div class=\"wd-gallery-item wd-col\">\n\t\t\t\t\t\t\t\t\t\t\t\t\t<a  href=\"https:\/\/hgjammer.com\/wp-content\/uploads\/2024\/06\/signal-jammer-device-testing-process.jpg\" data-width=\"800\" data-height=\"543\" data-index=\"2\" data-elementor-open-lightbox=\"no\">\n\t\t\t\t\t\t\n\t\t\t\t\t\t<img loading=\"lazy\" decoding=\"async\" width=\"768\" height=\"521\" src=\"https:\/\/hgjammer.com\/wp-content\/uploads\/2024\/06\/signal-jammer-device-testing-process-768x521.jpg\" class=\"attachment-medium_large size-medium_large\" alt=\"signal jammer device testing process\" srcset=\"https:\/\/hgjammer.com\/wp-content\/uploads\/2024\/06\/signal-jammer-device-testing-process-768x521.jpg 768w, https:\/\/hgjammer.com\/wp-content\/uploads\/2024\/06\/signal-jammer-device-testing-process-400x272.jpg 400w, https:\/\/hgjammer.com\/wp-content\/uploads\/2024\/06\/signal-jammer-device-testing-process-430x292.jpg 430w, https:\/\/hgjammer.com\/wp-content\/uploads\/2024\/06\/signal-jammer-device-testing-process-700x475.jpg 700w, https:\/\/hgjammer.com\/wp-content\/uploads\/2024\/06\/signal-jammer-device-testing-process-150x102.jpg 150w, https:\/\/hgjammer.com\/wp-content\/uploads\/2024\/06\/signal-jammer-device-testing-process.jpg 800w\" sizes=\"auto, (max-width: 768px) 100vw, 768px\" \/>\n\t\t\t\t\t\t\t\t\t\t\t\t\t<\/a>\n\t\t\t\t\t\t\t\t\t\t\t<\/div>\n\t\t\t\t\t\t\t\t\t\t\t\t\t\t\t<div class=\"wd-gallery-item wd-col\">\n\t\t\t\t\t\t\t\t\t\t\t\t\t<a  href=\"https:\/\/hgjammer.com\/wp-content\/uploads\/2024\/06\/drone-jammer-showcase.jpg\" data-width=\"800\" data-height=\"543\" data-index=\"3\" data-elementor-open-lightbox=\"no\">\n\t\t\t\t\t\t\n\t\t\t\t\t\t<img loading=\"lazy\" decoding=\"async\" width=\"768\" height=\"521\" src=\"https:\/\/hgjammer.com\/wp-content\/uploads\/2024\/06\/drone-jammer-showcase-768x521.jpg\" class=\"attachment-medium_large size-medium_large\" alt=\"drone jammers\" srcset=\"https:\/\/hgjammer.com\/wp-content\/uploads\/2024\/06\/drone-jammer-showcase-768x521.jpg 768w, https:\/\/hgjammer.com\/wp-content\/uploads\/2024\/06\/drone-jammer-showcase-400x272.jpg 400w, https:\/\/hgjammer.com\/wp-content\/uploads\/2024\/06\/drone-jammer-showcase-430x292.jpg 430w, https:\/\/hgjammer.com\/wp-content\/uploads\/2024\/06\/drone-jammer-showcase-700x475.jpg 700w, https:\/\/hgjammer.com\/wp-content\/uploads\/2024\/06\/drone-jammer-showcase-150x102.jpg 150w, https:\/\/hgjammer.com\/wp-content\/uploads\/2024\/06\/drone-jammer-showcase.jpg 800w\" sizes=\"auto, (max-width: 768px) 100vw, 768px\" \/>\n\t\t\t\t\t\t\t\t\t\t\t\t\t<\/a>\n\t\t\t\t\t\t\t\t\t\t\t<\/div>\n\t\t\t\t\t\t\t\t\t\t\t\t\t\t\t<div class=\"wd-gallery-item wd-col\">\n\t\t\t\t\t\t\t\t\t\t\t\t\t<a  href=\"https:\/\/hgjammer.com\/wp-content\/uploads\/2024\/06\/drone-uav-jammer-packaging-process.jpg\" data-width=\"800\" data-height=\"543\" data-index=\"4\" data-elementor-open-lightbox=\"no\">\n\t\t\t\t\t\t\n\t\t\t\t\t\t<img loading=\"lazy\" decoding=\"async\" width=\"768\" height=\"521\" src=\"https:\/\/hgjammer.com\/wp-content\/uploads\/2024\/06\/drone-uav-jammer-packaging-process-768x521.jpg\" class=\"attachment-medium_large size-medium_large\" alt=\"drone uav jammer packaging process\" srcset=\"https:\/\/hgjammer.com\/wp-content\/uploads\/2024\/06\/drone-uav-jammer-packaging-process-768x521.jpg 768w, https:\/\/hgjammer.com\/wp-content\/uploads\/2024\/06\/drone-uav-jammer-packaging-process-400x272.jpg 400w, https:\/\/hgjammer.com\/wp-content\/uploads\/2024\/06\/drone-uav-jammer-packaging-process-430x292.jpg 430w, https:\/\/hgjammer.com\/wp-content\/uploads\/2024\/06\/drone-uav-jammer-packaging-process-700x475.jpg 700w, https:\/\/hgjammer.com\/wp-content\/uploads\/2024\/06\/drone-uav-jammer-packaging-process-150x102.jpg 150w, https:\/\/hgjammer.com\/wp-content\/uploads\/2024\/06\/drone-uav-jammer-packaging-process.jpg 800w\" sizes=\"auto, (max-width: 768px) 100vw, 768px\" \/>\n\t\t\t\t\t\t\t\t\t\t\t\t\t<\/a>\n\t\t\t\t\t\t\t\t\t\t\t<\/div>\n\t\t\t\t\t\t\t\t\t\t\t\t\t<\/div>\n\t\t\t\t\t<\/div>\n\t\t\t\t\t\t<\/div>\n\t\t\t\t<\/div>\n\t\t\t\t<\/div>\n\t\t<div class=\"elementor-element elementor-element-448bb48 e-con-full e-flex e-con e-child\" data-id=\"448bb48\" data-element_type=\"container\">\n\t\t\t\t<div class=\"elementor-element elementor-element-b8233ee elementor-widget-tablet__width-inherit wd-width-100 elementor-widget elementor-widget-wd_title\" data-id=\"b8233ee\" data-element_type=\"widget\" data-widget_type=\"wd_title.default\">\n\t\t\t\t<div class=\"elementor-widget-container\">\n\t\t\t\t\t\t\t<div class=\"title-wrapper wd-set-mb reset-last-child wd-title-color-primary wd-title-style-underlined wd-title-size-large text-left\">\n\n\t\t\t\t\t\t\t\t\t\t\t<div class=\"title-subtitle subtitle-color-primary subtitle-style-default wd-fontsize-xs\">\n\t\t\t\t\tModernste Einrichtungen\t\t\t\t<\/div>\n\t\t\t\n\t\t\t<div class=\"liner-continer\">\n\t\t\t\t<h1 class=\"woodmart-title-container title wd-fontsize-xxl\">Produktion<\/h1> \n\t\t\t\t\t\t\t<\/div>\n\n\t\t\t\t\t\t\t<div class=\"title-after_title reset-last-child wd-fontsize-s\">\n\t\t\t\t\t<p>Seit unserer Gr\u00fcndung verf\u00fcgen wir \u00fcber eine eigene Produktionsst\u00e4tte. Anfangs konnte unsere Produktionslinie nur Signalgeneratoren f\u00fcr RF-St\u00f6rsender herstellen. Durch jahrelange Investitionen haben wir jedoch eine vollst\u00e4ndige Produktionslinie entwickelt, die alles von der Herstellung bis zum Testen intern abwickelt. Indem wir den gesamten Produktionsprozess kontrollieren, k\u00f6nnen wir die h\u00f6chste Produktqualit\u00e4t sicherstellen. Dieses Engagement f\u00fcr Qualit\u00e4t ist der Grund, warum unsere Kunden weiterhin auf uns setzen.<\/p><p>Heute bieten wir auch OEM-Anpassungsdienste an und fertigen Produkte nach den Designs und Anforderungen unserer Kunden. Unser F&amp;E-Team steht zur Verf\u00fcgung, um Kunden bei der Bewertung ihrer Designpl\u00e4ne zu unterst\u00fctzen und nutzt unsere jahrelange Branchenerfahrung, um ihren Erfolg zu gew\u00e4hrleisten.<\/p>\t\t\t\t<\/div>\n\t\t\t\t\t<\/div>\n\t\t\t\t\t\t<\/div>\n\t\t\t\t<\/div>\n\t\t\t\t<\/div>\n\t\t\t\t\t<\/div>\n\t\t\t\t<\/div>\n\t\t<div class=\"wd-negative-gap elementor-element elementor-element-710c01f e-flex e-con-boxed e-con e-parent\" data-id=\"710c01f\" data-element_type=\"container\">\n\t\t\t\t\t<div class=\"e-con-inner\">\n\t\t<div class=\"elementor-element elementor-element-c844fc9 e-con-full e-flex e-con e-child\" data-id=\"c844fc9\" data-element_type=\"container\">\n\t\t\t\t<div class=\"elementor-element elementor-element-e6b20aa elementor-widget-tablet__width-inherit wd-width-100 elementor-widget elementor-widget-wd_title\" data-id=\"e6b20aa\" data-element_type=\"widget\" data-widget_type=\"wd_title.default\">\n\t\t\t\t<div class=\"elementor-widget-container\">\n\t\t\t\t\t\t\t<div class=\"title-wrapper wd-set-mb reset-last-child wd-title-color-primary wd-title-style-underlined wd-title-size-large text-left\">\n\n\t\t\t\t\t\t\t\t\t\t\t<div class=\"title-subtitle subtitle-color-primary subtitle-style-default wd-fontsize-xs\">\n\t\t\t\t\tH&amp;G Techonlogy\t\t\t\t<\/div>\n\t\t\t\n\t\t\t<div class=\"liner-continer\">\n\t\t\t\t<h1 class=\"woodmart-title-container title wd-fontsize-xxl\">Zertifizierungen<\/h1> \n\t\t\t\t\t\t\t<\/div>\n\n\t\t\t\t\t\t\t<div class=\"title-after_title reset-last-child wd-fontsize-s\">\n\t\t\t\t\t<p>Unsere Fabrik verf\u00fcgt \u00fcber mehrere wichtige Zertifizierungen, einschlie\u00dflich CE und RoHS. Wir sind auch ISO9001-zertifiziert, was f\u00fcr unsere strengen Qualit\u00e4tsmanagement- und Kontrollprozesse spricht. Diese Zertifizierungen spiegeln unser Engagement wider, unseren Kunden qualitativ hochwertige und zuverl\u00e4ssige Produkte zu liefern.<\/p>\t\t\t\t<\/div>\n\t\t\t\t\t<\/div>\n\t\t\t\t\t\t<\/div>\n\t\t\t\t<\/div>\n\t\t\t\t<\/div>\n\t\t<div class=\"elementor-element elementor-element-f86b0d5 e-con-full e-flex e-con e-child\" data-id=\"f86b0d5\" data-element_type=\"container\">\n\t\t\t\t<div class=\"elementor-element elementor-element-cf029d0 elementor-widget elementor-widget-image\" data-id=\"cf029d0\" data-element_type=\"widget\" data-widget_type=\"image.default\">\n\t\t\t\t<div class=\"elementor-widget-container\">\n\t\t\t\t\t\t\t\t\t\t\t\t<figure class=\"wp-caption\">\n\t\t\t\t\t\t\t\t\t\t<img loading=\"lazy\" decoding=\"async\" width=\"800\" height=\"543\" src=\"https:\/\/hgjammer.com\/wp-content\/uploads\/2024\/05\/Certification-hgjammer.jpg\" class=\"attachment-full size-full wp-image-17532\" alt=\"\" srcset=\"https:\/\/hgjammer.com\/wp-content\/uploads\/2024\/05\/Certification-hgjammer.jpg 800w, https:\/\/hgjammer.com\/wp-content\/uploads\/2024\/05\/Certification-hgjammer-400x272.jpg 400w, https:\/\/hgjammer.com\/wp-content\/uploads\/2024\/05\/Certification-hgjammer-768x521.jpg 768w, https:\/\/hgjammer.com\/wp-content\/uploads\/2024\/05\/Certification-hgjammer-430x292.jpg 430w, https:\/\/hgjammer.com\/wp-content\/uploads\/2024\/05\/Certification-hgjammer-700x475.jpg 700w, https:\/\/hgjammer.com\/wp-content\/uploads\/2024\/05\/Certification-hgjammer-150x102.jpg 150w\" sizes=\"auto, (max-width: 800px) 100vw, 800px\" \/>\t\t\t\t\t\t\t\t\t\t\t<figcaption class=\"widget-image-caption wp-caption-text\">Zertifizierungen<\/figcaption>\n\t\t\t\t\t\t\t\t\t\t<\/figure>\n\t\t\t\t\t\t\t\t\t<\/div>\n\t\t\t\t<\/div>\n\t\t\t\t<\/div>\n\t\t\t\t\t<\/div>\n\t\t\t\t<\/div>\n\t\t\t\t<\/div>\n\t\t","protected":false},"excerpt":{"rendered":"<p>H&amp;G Techonlogy \u00dcber uns H&amp;G Technology Co., LTD ist seit 2008 ein f\u00fchrender Hersteller und Exporteur von RF-St\u00f6rsendern. Unsere Produkte<\/p>\n","protected":false},"author":1,"featured_media":0,"parent":0,"menu_order":0,"comment_status":"closed","ping_status":"closed","template":"","meta":{"_acf_changed":false,"footnotes":""},"class_list":["post-17610","page","type-page","status-publish","hentry"],"acf":[],"_links":{"self":[{"href":"https:\/\/hgjammer.com\/de\/wp-json\/wp\/v2\/pages\/17610","targetHints":{"allow":["GET"]}}],"collection":[{"href":"https:\/\/hgjammer.com\/de\/wp-json\/wp\/v2\/pages"}],"about":[{"href":"https:\/\/hgjammer.com\/de\/wp-json\/wp\/v2\/types\/page"}],"author":[{"embeddable":true,"href":"https:\/\/hgjammer.com\/de\/wp-json\/wp\/v2\/users\/1"}],"replies":[{"embeddable":true,"href":"https:\/\/hgjammer.com\/de\/wp-json\/wp\/v2\/comments?post=17610"}],"version-history":[{"count":4,"href":"https:\/\/hgjammer.com\/de\/wp-json\/wp\/v2\/pages\/17610\/revisions"}],"predecessor-version":[{"id":17710,"href":"https:\/\/hgjammer.com\/de\/wp-json\/wp\/v2\/pages\/17610\/revisions\/17710"}],"wp:attachment":[{"href":"https:\/\/hgjammer.com\/de\/wp-json\/wp\/v2\/media?parent=17610"}],"curies":[{"name":"wp","href":"https:\/\/api.w.org\/{rel}","templated":true}]}}