{"id":17877,"date":"2024-03-07T12:58:30","date_gmt":"2024-03-07T12:58:30","guid":{"rendered":"https:\/\/hgjammer.com\/?page_id=17877"},"modified":"2024-07-26T16:07:44","modified_gmt":"2024-07-26T16:07:44","slug":"datenschutzrichtlinie","status":"publish","type":"page","link":"https:\/\/hgjammer.com\/de\/datenschutzrichtlinie\/","title":{"rendered":"Datenschutzrichtlinie"},"content":{"rendered":"\n<p>Diese Datenschutzrichtlinie beschreibt, wie Ihre pers\u00f6nlichen Daten erfasst, genutzt und weitergegeben werden, wenn Sie die Website www.hgjammer.com (im Folgenden &#8222;die Seite&#8220;) besuchen oder einen Kauf t\u00e4tigen.<\/p>\n\n<h2 class=\"wp-block-heading\"><strong>PERS\u00d6NLICHE INFORMATIONEN, DIE WIR SAMMELN<\/strong><\/h2>\n\n<p>Wenn Sie die Seite besuchen, sammeln wir automatisch bestimmte Informationen \u00fcber Ihr Ger\u00e4t, einschlie\u00dflich Informationen \u00fcber Ihren Webbrowser, Ihre IP-Adresse, Ihre Zeitzone und einige der auf Ihrem Ger\u00e4t installierten Cookies. Dar\u00fcber hinaus erfassen wir w\u00e4hrend Ihres Besuchs der Seite Informationen \u00fcber die einzelnen Webseiten oder Produkte, die Sie sich ansehen, die Webseiten oder Suchbegriffe, die Sie auf die Seite verwiesen haben, und Informationen dar\u00fcber, wie Sie mit der Seite interagieren. Diese automatisch gesammelten Informationen bezeichnen wir als \u201eGer\u00e4teinformationen\u201c.  <\/p>\n\n<p>Wir sammeln Ger\u00e4teinformationen mithilfe der folgenden Technologien:<\/p>\n\n<p>\u2013 \u201eCookies\u201c sind Datendateien, die auf Ihrem Ger\u00e4t oder Computer gespeichert werden und h\u00e4ufig eine anonyme eindeutige Kennung enthalten. Weitere Informationen \u00fcber Cookies und wie Sie Cookies deaktivieren k\u00f6nnen, finden Sie unter http:\/\/www.allaboutcookies.org. <br\/>\u2013 \u201eProtokolldateien\u201c verfolgen Aktionen, die auf der Seite stattfinden, und sammeln Daten wie Ihre IP-Adresse, Ihren Browsertyp, Ihren Internetdienstanbieter, Verweis-\/Ausstiegsseiten sowie Datums-\/Zeitstempel.<br\/>\u2013 \u201eWeb-Beacons\u201c, \u201eTags\u201c und \u201ePixel\u201c sind elektronische Dateien, die verwendet werden, um Informationen dar\u00fcber zu erfassen, wie Sie die Seite durchsuchen.<br\/><br\/>Wenn Sie \u00fcber die Seite einen Kauf t\u00e4tigen oder versuchen, einen Kauf zu t\u00e4tigen, sammeln wir zus\u00e4tzlich bestimmte Informationen von Ihnen, einschlie\u00dflich Ihres Namens, Ihrer Rechnungsadresse, Ihrer Versandadresse, Ihrer Zahlungsinformationen (einschlie\u00dflich Kreditkartennummern), Ihrer E-Mail-Adresse und Ihrer Telefonnummer. Wir bezeichnen diese Informationen als \u201eBestellinformationen\u201c. <\/p>\n\n<p>Wenn wir in dieser Datenschutzrichtlinie von \u201ePers\u00f6nlichen Informationen\u201c sprechen, meinen wir sowohl Ger\u00e4teinformationen als auch Bestellinformationen.<\/p>\n\n<h2 class=\"wp-block-heading\"><strong>WIE VERWENDEN WIR IHRE PERS\u00d6NLICHEN INFORMATIONEN?<\/strong><\/h2>\n\n<p>Wir verwenden die von uns gesammelten Bestellinformationen im Allgemeinen, um Bestellungen, die \u00fcber die Seite aufgegeben werden, zu erf\u00fcllen (einschlie\u00dflich der Verarbeitung Ihrer Zahlungsinformationen, der Organisation des Versands und der Bereitstellung von Rechnungen und\/oder Auftragsbest\u00e4tigungen). Dar\u00fcber hinaus verwenden wir diese Bestellinformationen, um: mit Ihnen zu kommunizieren; unsere Bestellungen auf potenzielle Risiken oder Betrug zu \u00fcberpr\u00fcfen; und Ihnen, wenn es mit den von Ihnen mit uns geteilten Pr\u00e4ferenzen \u00fcbereinstimmt, Informationen oder Werbung in Bezug auf unsere Produkte oder Dienstleistungen bereitzustellen. <br\/><br\/>Wir verwenden die von uns gesammelten Ger\u00e4teinformationen, um uns bei der \u00dcberpr\u00fcfung auf potenzielle Risiken und Betrug zu unterst\u00fctzen (insbesondere Ihre IP-Adresse) und im Allgemeinen, um unsere Seite zu verbessern und zu optimieren (zum Beispiel durch die Erstellung von Analysen dar\u00fcber, wie unsere Kunden die Seite durchsuchen und mit ihr interagieren, sowie um den Erfolg unserer Marketing- und Werbekampagnen zu bewerten).<\/p>\n\n<h2 class=\"wp-block-heading\"><strong>WEITERGABE IHRER PERS\u00d6NLICHEN INFORMATIONEN<\/strong><\/h2>\n\n<p>Wir teilen Ihre pers\u00f6nlichen Informationen mit Dritten, um uns dabei zu helfen, Ihre pers\u00f6nlichen Informationen wie oben beschrieben zu verwenden. Wir nutzen Google Analytics, um besser zu verstehen, wie unsere Kunden die Seite nutzen \u2013 Sie k\u00f6nnen hier mehr dar\u00fcber lesen, wie Google Ihre pers\u00f6nlichen Informationen verwendet: https:\/\/www.google.com\/intl\/en\/policies\/privacy\/. Sie k\u00f6nnen sich auch hier von Google Analytics abmelden: https:\/\/tools.google.com\/dlpage\/gaoptout. <\/p>\n\n<p>Schlie\u00dflich k\u00f6nnen wir Ihre pers\u00f6nlichen Informationen auch weitergeben, um geltende Gesetze und Vorschriften einzuhalten, auf Vorladungen, Durchsuchungsbefehle oder andere rechtm\u00e4\u00dfige Anfragen nach Informationen, die wir erhalten, zu reagieren oder um unsere Rechte anderweitig zu sch\u00fctzen.<\/p>\n\n<h2 class=\"wp-block-heading\"><strong>VERHALTENSORIENTIERTE WERBUNG<\/strong><\/h2>\n\n<p>Wie oben beschrieben, verwenden wir Ihre pers\u00f6nlichen Informationen, um Ihnen gezielte Werbung oder Marketingkommunikation bereitzustellen, die f\u00fcr Sie von Interesse sein k\u00f6nnten. Weitere Informationen dar\u00fcber, wie gezielte Werbung funktioniert, finden Sie auf der Bildungsseite der Network Advertising Initiative (\u201eNAI\u201c) unter http:\/\/www.networkadvertising.org\/understanding-online-advertising\/how-does-it-work. <\/p>\n\n<p>Sie k\u00f6nnen sich von gezielter Werbung abmelden durch:<br\/>Zus\u00e4tzlich k\u00f6nnen Sie sich von einigen dieser Dienste abmelden, indem Sie das Abmeldeportal der Digital Advertising Alliance unter http:\/\/optout.aboutads.info\/ besuchen.<\/p>\n\n<h2 class=\"wp-block-heading\"><strong>DO NOT TRACK<\/strong><\/h2>\n\n<p>Bitte beachten Sie, dass wir die Datenerfassungs- und Nutzungspraktiken unserer Seite nicht \u00e4ndern, wenn wir ein &#8222;Do Not Track&#8220;-Signal von Ihrem Browser erhalten.<\/p>\n\n<h2 class=\"wp-block-heading\"><strong>IHRE RECHTE<\/strong><\/h2>\n\n<p>Wenn Sie ein Einwohner Europas sind, haben Sie das Recht, auf die pers\u00f6nlichen Informationen zuzugreifen, die wir \u00fcber Sie gespeichert haben, und zu verlangen, dass Ihre pers\u00f6nlichen Informationen korrigiert, aktualisiert oder gel\u00f6scht werden. Wenn Sie dieses Recht aus\u00fcben m\u00f6chten, kontaktieren Sie uns bitte \u00fcber die unten angegebenen Kontaktdaten. <\/p>\n\n<p><br\/>Dar\u00fcber hinaus weisen wir europ\u00e4ische Einwohner darauf hin, dass wir Ihre Informationen verarbeiten, um Vertr\u00e4ge zu erf\u00fcllen, die wir m\u00f6glicherweise mit Ihnen geschlossen haben (zum Beispiel, wenn Sie eine Bestellung \u00fcber die Seite aufgeben), oder um anderweitig unsere oben aufgef\u00fchrten berechtigten Gesch\u00e4ftsinteressen zu verfolgen. Bitte beachten Sie au\u00dferdem, dass Ihre Informationen au\u00dferhalb Europas, einschlie\u00dflich nach Kanada und in die Vereinigten Staaten, \u00fcbertragen werden. <\/p>\n\n<h2 class=\"wp-block-heading\"><strong>DATENAUFBEWAHRUNG<\/strong><\/h2>\n\n<p>Wenn Sie eine Bestellung \u00fcber die Seite aufgeben, werden wir Ihre Bestellinformationen f\u00fcr unsere Unterlagen aufbewahren, es sei denn, Sie bitten uns, diese Informationen zu l\u00f6schen.<\/p>\n\n<h2 class=\"wp-block-heading\"><strong>MINDERJ\u00c4HRIGE<\/strong><\/h2>\n\n<p>Die Seite ist nicht f\u00fcr Personen unter 18 Jahren bestimmt.<\/p>\n\n<h2 class=\"wp-block-heading\"><strong>\u00c4NDERUNGEN<\/strong><\/h2>\n\n<p>Wir k\u00f6nnen diese Datenschutzrichtlinie von Zeit zu Zeit aktualisieren, um beispielsweise \u00c4nderungen unserer Praktiken oder aus anderen betrieblichen, rechtlichen oder regulatorischen Gr\u00fcnden zu ber\u00fccksichtigen.<\/p>\n\n<h2 class=\"wp-block-heading\"><strong>KONTAKTIEREN SIE UNS<\/strong><\/h2>\n\n<p>F\u00fcr weitere Informationen \u00fcber unsere Datenschutzpraktiken, wenn Sie Fragen haben oder eine Beschwerde einreichen m\u00f6chten, kontaktieren Sie uns bitte per E-Mail unter info@hgjammer.com.<\/p>\n","protected":false},"excerpt":{"rendered":"<p>Diese Datenschutzrichtlinie beschreibt, wie Ihre pers\u00f6nlichen Daten erfasst, genutzt und weitergegeben werden, wenn Sie die Website www.hgjammer.com (im Folgenden &#8222;die<\/p>\n","protected":false},"author":1,"featured_media":0,"parent":0,"menu_order":0,"comment_status":"closed","ping_status":"open","template":"","meta":{"_acf_changed":false,"footnotes":""},"class_list":["post-17877","page","type-page","status-publish","hentry"],"acf":[],"_links":{"self":[{"href":"https:\/\/hgjammer.com\/de\/wp-json\/wp\/v2\/pages\/17877","targetHints":{"allow":["GET"]}}],"collection":[{"href":"https:\/\/hgjammer.com\/de\/wp-json\/wp\/v2\/pages"}],"about":[{"href":"https:\/\/hgjammer.com\/de\/wp-json\/wp\/v2\/types\/page"}],"author":[{"embeddable":true,"href":"https:\/\/hgjammer.com\/de\/wp-json\/wp\/v2\/users\/1"}],"replies":[{"embeddable":true,"href":"https:\/\/hgjammer.com\/de\/wp-json\/wp\/v2\/comments?post=17877"}],"version-history":[{"count":1,"href":"https:\/\/hgjammer.com\/de\/wp-json\/wp\/v2\/pages\/17877\/revisions"}],"predecessor-version":[{"id":17878,"href":"https:\/\/hgjammer.com\/de\/wp-json\/wp\/v2\/pages\/17877\/revisions\/17878"}],"wp:attachment":[{"href":"https:\/\/hgjammer.com\/de\/wp-json\/wp\/v2\/media?parent=17877"}],"curies":[{"name":"wp","href":"https:\/\/api.w.org\/{rel}","templated":true}]}}