{"id":17628,"date":"2024-06-30T07:51:03","date_gmt":"2024-06-30T07:51:03","guid":{"rendered":"https:\/\/hgjammer.com\/?post_type=product&#038;p=17628"},"modified":"2024-07-28T13:34:30","modified_gmt":"2024-07-28T13:34:30","slug":"k420","status":"publish","type":"product","link":"https:\/\/hgjammer.com\/de\/produkt\/k420\/","title":{"rendered":"K420 Handheld Drohnen St\u00f6rsender"},"content":{"rendered":"\t\t\t<link rel=\"stylesheet\" id=\"elementor-post-17697-css\" href=\"https:\/\/hgjammer.com\/wp-content\/uploads\/elementor\/css\/post-17697.css?ver=1773811368\" type=\"text\/css\" media=\"all\">\n\t\t\t\t\t<div data-elementor-type=\"wp-post\" data-elementor-id=\"17697\" class=\"elementor elementor-17697 elementor-16881\" data-elementor-post-type=\"cms_block\">\n\t\t\t\t<div class=\"wd-negative-gap elementor-element elementor-element-eede9eb e-flex e-con-boxed e-con e-parent\" data-id=\"eede9eb\" data-element_type=\"container\" data-settings=\"{&quot;background_background&quot;:&quot;classic&quot;}\">\n\t\t\t\t\t<div class=\"e-con-inner\">\n\t\t\t\t<div class=\"elementor-element elementor-element-ac79d27 wd-width-100 elementor-widget elementor-widget-wd_title\" data-id=\"ac79d27\" data-element_type=\"widget\" data-widget_type=\"wd_title.default\">\n\t\t\t\t<div class=\"elementor-widget-container\">\n\t\t\t\t\t\t\t<div class=\"title-wrapper wd-set-mb reset-last-child wd-title-color-default wd-title-style-default wd-title-size-default text-left\">\n\n\t\t\t\n\t\t\t<div class=\"liner-continer\">\n\t\t\t\t<h3 class=\"woodmart-title-container title wd-fontsize-l\">Optionen<\/h3> \n\t\t\t\t\t\t\t<\/div>\n\n\t\t\t\t\t\t\t<div class=\"title-after_title reset-last-child wd-fontsize-xs\">\n\t\t\t\t\t<p>K420 bietet 3 Optionen zur Auswahl, jede mit unterschiedlichen F\u00e4higkeiten. Bitte w\u00e4hlen Sie entsprechend Ihren Bed\u00fcrfnissen sorgf\u00e4ltig aus: <\/p><ol><li><strong>K420-A (6 B\u00e4nder)<\/strong>: 400M+ 900M+ 1.2G +1.5G +2.4G +5.8G<\/li><li><strong>K420-B (6 B\u00e4nder)<\/strong>: 5.2G+ 900M +1.2G +1.5G+ 2.4G +5.8G<\/li><li><strong>K420-C (8 B\u00e4nder)<\/strong>: 400M+ 900M +1.2G +1.5G +2.4G+ 5.8G +5.2G+ 1.4G<\/li><\/ol>\t\t\t\t<\/div>\n\t\t\t\t\t<\/div>\n\t\t\t\t\t\t<\/div>\n\t\t\t\t<\/div>\n\t\t\t\t\t<\/div>\n\t\t\t\t<\/div>\n\t\t\t\t<\/div>\n\t\t\n<table dir=\"ltr\" border=\"1\" cellspacing=\"0\" cellpadding=\"0\">\n<tbody>\n<tr>\n<td data-sheets-value=\"{\"><strong>Ausgangsleistung:<\/strong><\/td>\n<td data-sheets-value=\"{\">\n<div>\n<div>Gesamt 120 &#8211; 160W, 10 &#8211; 30W pro Band<\/div>\n<\/div>\n<\/td>\n<\/tr>\n<tr>\n<td data-sheets-value=\"{\"><strong>Reichweite:<\/strong><\/td>\n<td data-sheets-value=\"{\">500 &#8211; 2000 Meter<\/td>\n<\/tr>\n<tr>\n<td data-sheets-value=\"{\"><strong>Stromversorgung:<\/strong><\/td>\n<td data-sheets-value=\"{\">AC110-240V auf DC24V<\/td>\n<\/tr>\n<tr>\n<td data-sheets-value=\"{\"><strong>K\u00fchlsystem:<\/strong><\/td>\n<td data-sheets-value=\"{\">Eingebaute 2 L\u00fcfter<\/td>\n<\/tr>\n<tr>\n<td data-sheets-value=\"{\"><strong>Batterie:<\/strong><\/td>\n<td data-sheets-value=\"{\">25.2V 4800mAh<\/td>\n<\/tr>\n<tr>\n<td data-sheets-value=\"{\"><strong>Batterielaufzeit:<\/strong><\/td>\n<td data-sheets-value=\"{\">30-60 Minuten<\/td>\n<\/tr>\n<tr>\n<td data-sheets-value=\"{\"><strong>Produktma\u00dfe:<\/strong><\/td>\n<td data-sheets-value=\"{\">480X250\uff08with sight: 320\uff09X86mm<\/td>\n<\/tr>\n<tr>\n<td data-sheets-value=\"{\"><strong>Produktgewicht:<\/strong><\/td>\n<td data-sheets-value=\"{\">3,8 kg<\/td>\n<\/tr>\n<tr>\n<td data-sheets-value=\"{\"><strong>Lieferumfang:<\/strong><\/td>\n<td data-sheets-value=\"{\">St\u00f6rsender x 1, Batterieladeger\u00e4t x 1, Visier x 1, verstellbarer Riemen, tragbarer Sicherheitskoffer x 1<\/td>\n<\/tr>\n<\/tbody>\n<\/table>\n<p>&nbsp;<\/p>\n<h3><strong>Antennenspezifikationen<\/strong><\/h3>\n<table dir=\"ltr\" border=\"1\" cellspacing=\"0\" cellpadding=\"0\" data-sheets-root=\"1\">\n<colgroup>\n<col width=\"100\" \/>\n<col width=\"100\" \/>\n<col width=\"100\" \/>\n<col width=\"100\" \/><\/colgroup>\n<tbody>\n<tr>\n<td colspan=\"4\" rowspan=\"1\" data-sheets-value=\"{\">K420<\/td>\n<\/tr>\n<tr>\n<td data-sheets-value=\"{\">1<\/td>\n<td data-sheets-value=\"{\">RC 2.4G<\/td>\n<td data-sheets-value=\"{\">2400-2500MHz<\/td>\n<td data-sheets-value=\"{\">45dBm\/ 30W<\/td>\n<\/tr>\n<tr>\n<td data-sheets-value=\"{\">2<\/td>\n<td data-sheets-value=\"{\">RC 5.8G<\/td>\n<td data-sheets-value=\"{\">5725-5850MHz<\/td>\n<td data-sheets-value=\"{\">45dBm\/ 30W<\/td>\n<\/tr>\n<tr>\n<td data-sheets-value=\"{\">3<\/td>\n<td data-sheets-value=\"{\">GPSL1 + Glonass L1<\/td>\n<td data-sheets-value=\"{\">1560-1620MHz<\/td>\n<td data-sheets-value=\"{\">45dBm\/ 30W<\/td>\n<\/tr>\n<tr>\n<td data-sheets-value=\"{\">4<\/td>\n<td data-sheets-value=\"{\">GPSL2 + L5<\/td>\n<td data-sheets-value=\"{\">1170-1280MHZ<\/td>\n<td data-sheets-value=\"{\">40dBm\/ 10W<\/td>\n<\/tr>\n<tr>\n<td data-sheets-value=\"{\">5<\/td>\n<td data-sheets-value=\"{\">RC 868\/915<\/td>\n<td data-sheets-value=\"{\">840-940MHz<\/td>\n<td data-sheets-value=\"{\">40dBm\/ 10W<\/td>\n<\/tr>\n<tr>\n<td data-sheets-value=\"{\">6<\/td>\n<td data-sheets-value=\"{\">RC 400<\/td>\n<td data-sheets-value=\"{\">430 &#8211; 440MHz<\/td>\n<td data-sheets-value=\"{\">40dBm\/ 10W<\/td>\n<\/tr>\n<\/tbody>\n<\/table>\n","protected":false},"excerpt":{"rendered":"<p>Ausgangsleistung: Gesamt 120 &#8211; 160W, 10 &#8211; 30W pro Band Reichweite: 500 &#8211; 2000 Meter Stromversorgung: AC110-240V auf DC24V K\u00fchlsystem:<\/p>\n","protected":false},"featured_media":17549,"comment_status":"closed","ping_status":"closed","template":"","meta":{"_acf_changed":false},"product_brand":[],"product_cat":[150,147],"product_tag":[],"class_list":{"0":"post-17628","1":"product","2":"type-product","3":"status-publish","4":"has-post-thumbnail","6":"product_cat-drohne-stoersender","7":"product_cat-stoersender","8":"pa_channel-versteckte-antenne","9":"pa_output-power-120w-de","10":"pa_range-2000-meter","11":"pa_type-2-handheld-stoersender","13":"first","14":"instock","15":"shipping-taxable","16":"purchasable","17":"product-type-variable"},"acf":[],"_links":{"self":[{"href":"https:\/\/hgjammer.com\/de\/wp-json\/wp\/v2\/product\/17628","targetHints":{"allow":["GET"]}}],"collection":[{"href":"https:\/\/hgjammer.com\/de\/wp-json\/wp\/v2\/product"}],"about":[{"href":"https:\/\/hgjammer.com\/de\/wp-json\/wp\/v2\/types\/product"}],"replies":[{"embeddable":true,"href":"https:\/\/hgjammer.com\/de\/wp-json\/wp\/v2\/comments?post=17628"}],"version-history":[{"count":1,"href":"https:\/\/hgjammer.com\/de\/wp-json\/wp\/v2\/product\/17628\/revisions"}],"predecessor-version":[{"id":17700,"href":"https:\/\/hgjammer.com\/de\/wp-json\/wp\/v2\/product\/17628\/revisions\/17700"}],"wp:featuredmedia":[{"embeddable":true,"href":"https:\/\/hgjammer.com\/de\/wp-json\/wp\/v2\/media\/17549"}],"wp:attachment":[{"href":"https:\/\/hgjammer.com\/de\/wp-json\/wp\/v2\/media?parent=17628"}],"wp:term":[{"taxonomy":"product_brand","embeddable":true,"href":"https:\/\/hgjammer.com\/de\/wp-json\/wp\/v2\/product_brand?post=17628"},{"taxonomy":"product_cat","embeddable":true,"href":"https:\/\/hgjammer.com\/de\/wp-json\/wp\/v2\/product_cat?post=17628"},{"taxonomy":"product_tag","embeddable":true,"href":"https:\/\/hgjammer.com\/de\/wp-json\/wp\/v2\/product_tag?post=17628"}],"curies":[{"name":"wp","href":"https:\/\/api.w.org\/{rel}","templated":true}]}}