{"id":17633,"date":"2024-04-28T15:45:39","date_gmt":"2024-04-28T15:45:39","guid":{"rendered":"https:\/\/hgjammer.com\/?post_type=product&#038;p=17633"},"modified":"2024-07-28T14:14:19","modified_gmt":"2024-07-28T14:14:19","slug":"k419","status":"publish","type":"product","link":"https:\/\/hgjammer.com\/de\/produkt\/k419\/","title":{"rendered":"k419 Handheld FM-Radio St\u00f6rsender (25 Meter)"},"content":{"rendered":"\t\t\t<link rel=\"stylesheet\" id=\"elementor-post-17743-css\" href=\"https:\/\/hgjammer.com\/wp-content\/uploads\/elementor\/css\/post-17743.css?ver=1773794376\" type=\"text\/css\" media=\"all\">\n\t\t\t\t\t<div data-elementor-type=\"wp-post\" data-elementor-id=\"17743\" class=\"elementor elementor-17743 elementor-16375\" data-elementor-post-type=\"cms_block\">\n\t\t\t\t<div class=\"wd-negative-gap elementor-element elementor-element-eede9eb e-flex e-con-boxed e-con e-parent\" data-id=\"eede9eb\" data-element_type=\"container\" data-settings=\"{&quot;background_background&quot;:&quot;classic&quot;}\">\n\t\t\t\t\t<div class=\"e-con-inner\">\n\t\t\t\t<div class=\"elementor-element elementor-element-ac79d27 wd-width-100 elementor-widget elementor-widget-wd_title\" data-id=\"ac79d27\" data-element_type=\"widget\" data-widget_type=\"wd_title.default\">\n\t\t\t\t<div class=\"elementor-widget-container\">\n\t\t\t\t\t\t\t<div class=\"title-wrapper wd-set-mb reset-last-child wd-title-color-default wd-title-style-default wd-title-size-default text-left\">\n\n\t\t\t\n\t\t\t<div class=\"liner-continer\">\n\t\t\t\t<h3 class=\"woodmart-title-container title wd-fontsize-l\">Funktionalit\u00e4t<\/h3> \n\t\t\t\t\t\t\t<\/div>\n\n\t\t\t\t\t\t\t<div class=\"title-after_title reset-last-child wd-fontsize-xs\">\n\t\t\t\t\t<p>Der K419 ist in der Lage, folgende Frequenzen zu blockieren:<\/p><ol><li><p>Mobilfunksignale \u00fcber alle B\u00e4nder hinweg: 2G\/3G\/4G\/5G<\/p><\/li><li><p>WiFi 2.4\/5GHz<\/p><\/li><li>GPS L1 - L5<\/li><li>Lojack<\/li><li>UHF\/VHF<\/li><li>RC 315\/433\/868<\/li><li>LORA<\/li><li>FM-Radiosignale<\/li><li>WiFi 6E<\/li><\/ol>\t\t\t\t<\/div>\n\t\t\t\t\t<\/div>\n\t\t\t\t\t\t<\/div>\n\t\t\t\t<\/div>\n\t\t\t\t\t<\/div>\n\t\t\t\t<\/div>\n\t\t\t\t<\/div>\n\t\t\n<table dir=\"ltr\" border=\"1\" cellspacing=\"0\" cellpadding=\"0\">\n<tbody>\n<tr>\n<td data-sheets-value=\"{\"><strong>Ausgangsleistung:<\/strong><\/td>\n<td data-sheets-value=\"{\">\n<div>\n<div>Gesamtleistung: 28W, 1W pro Band mit 2dBi Gewinn Rundstrahlantennen<\/div>\n<\/div>\n<\/td>\n<\/tr>\n<tr>\n<td data-sheets-value=\"{\"><strong>Reichweite:<\/strong><\/td>\n<td data-sheets-value=\"{\">Bis zu 25 Meter<\/td>\n<\/tr>\n<tr>\n<td data-sheets-value=\"{\"><strong>Stromversorgung:<\/strong><\/td>\n<td data-sheets-value=\"{\">AC110-240V auf DC12V<\/td>\n<\/tr>\n<tr>\n<td data-sheets-value=\"{\"><strong>K\u00fchlsystem:<\/strong><\/td>\n<td data-sheets-value=\"{\">Eingebaute 3 L\u00fcfter<\/td>\n<\/tr>\n<tr>\n<td data-sheets-value=\"{\"><strong>Batterie:<\/strong><\/td>\n<td data-sheets-value=\"{\">12000mAh<\/td>\n<\/tr>\n<tr>\n<td data-sheets-value=\"{\"><strong>Batterielaufzeit:<\/strong><\/td>\n<td data-sheets-value=\"{\">80 Minuten<\/td>\n<\/tr>\n<tr>\n<td data-sheets-value=\"{\"><strong>Produktma\u00dfe:<\/strong><\/td>\n<td data-sheets-value=\"{\">\n<div>\n<div>200x133x66mm (ohne Antenne)<\/div>\n<\/div>\n<\/td>\n<\/tr>\n<tr>\n<td data-sheets-value=\"{\"><strong>Produktgewicht:<\/strong><\/td>\n<td data-sheets-value=\"{\">3,0 kg<\/td>\n<\/tr>\n<tr>\n<td data-sheets-value=\"{\"><strong>Lieferumfang:<\/strong><\/td>\n<td data-sheets-value=\"{\">\n<div>\n<div>St\u00f6rsender x 1, Netzladeger\u00e4t x 1, Rundstrahlantennen x 27, Autoladeger\u00e4t x 1, Nylonh\u00fclle x 1<\/div>\n<\/div>\n<\/td>\n<\/tr>\n<\/tbody>\n<\/table>\n<p>&nbsp;<\/p>\n\t\t\t<link rel=\"stylesheet\" id=\"elementor-post-17739-css\" href=\"https:\/\/hgjammer.com\/wp-content\/uploads\/elementor\/css\/post-17739.css?ver=1773719577\" type=\"text\/css\" media=\"all\">\n\t\t\t\t\t<div data-elementor-type=\"wp-post\" data-elementor-id=\"17739\" class=\"elementor elementor-17739 elementor-15953\" data-elementor-post-type=\"cms_block\">\n\t\t\t\t<div class=\"wd-negative-gap elementor-element elementor-element-ac26d9d e-flex e-con-boxed e-con e-parent\" data-id=\"ac26d9d\" data-element_type=\"container\">\n\t\t\t\t\t<div class=\"e-con-inner\">\n\t\t\t\t<div class=\"elementor-element elementor-element-a0941f7 wd-width-100 elementor-widget elementor-widget-wd_title\" data-id=\"a0941f7\" data-element_type=\"widget\" data-widget_type=\"wd_title.default\">\n\t\t\t\t<div class=\"elementor-widget-container\">\n\t\t\t\t\t\t\t<div class=\"title-wrapper wd-set-mb reset-last-child wd-title-color-default wd-title-style-default wd-title-size-default text-left\">\n\n\t\t\t\t\t\t\t\t\t\t\t<div class=\"title-subtitle subtitle-color-default subtitle-style-default wd-fontsize-xs\">\n\t\t\t\t\tAntenneninformationen\t\t\t\t<\/div>\n\t\t\t\n\t\t\t<div class=\"liner-continer\">\n\t\t\t\t<h3 class=\"woodmart-title-container title wd-fontsize-l\">Spezifikationen f\u00fcr die einzelnen Kan\u00e4le<\/h3> \n\t\t\t\t\t\t\t<\/div>\n\n\t\t\t\t\t\t\t<div class=\"title-after_title reset-last-child wd-fontsize-xs\">\n\t\t\t\t\t<p>Die angegebenen Spezifikationen f\u00fcr die einzelnen Kan\u00e4le basieren auf den USA als Referenz. Da verschiedene L\u00e4nder unterschiedliche Frequenzbereiche nutzen, werden wir den Frequenzbereich vor dem Versand entsprechend Ihrem Land anpassen, um die Effektivit\u00e4t unserer Produkte sicherzustellen. <\/p>\t\t\t\t<\/div>\n\t\t\t\t\t<\/div>\n\t\t\t\t\t\t<\/div>\n\t\t\t\t<\/div>\n\t\t\t\t\t<\/div>\n\t\t\t\t<\/div>\n\t\t\t\t<\/div>\n\t\t\n<p>&nbsp;<\/p>\n<table dir=\"ltr\" border=\"1\" cellspacing=\"0\" cellpadding=\"0\" data-sheets-root=\"1\">\n<colgroup>\n<col width=\"100\" \/>\n<col width=\"100\" \/>\n<col width=\"100\" \/>\n<col width=\"100\" \/><\/colgroup>\n<tbody>\n<tr>\n<td colspan=\"4\" rowspan=\"1\" data-sheets-value=\"{\">K419<\/td>\n<\/tr>\n<tr>\n<td data-sheets-value=\"{\">Kanal<\/td>\n<td data-sheets-value=\"{\">Ausgangsanschl\u00fcsse<\/td>\n<td data-sheets-value=\"{\">Frequenzbereiche<\/td>\n<td data-sheets-value=\"{\">\n<div>\n<div>Durchschnittliche Ausgangsleistung<\/div>\n<\/div>\n<\/td>\n<\/tr>\n<tr>\n<td data-sheets-value=\"{\">1<\/td>\n<td data-sheets-value=\"{\">VHF\/LOJACK<\/td>\n<td data-sheets-value=\"{\">135-175MHz<\/td>\n<td data-sheets-value=\"{\">\n<div>\n<div>30\u00b11dBm\/ 1\u00b10.2W<\/div>\n<\/div>\n<\/td>\n<\/tr>\n<tr>\n<td data-sheets-value=\"{\">2<\/td>\n<td data-sheets-value=\"{\">5G600<\/td>\n<td data-sheets-value=\"{\">617-698MHz<\/td>\n<td data-sheets-value=\"{\">\n<div>\n<div>30\u00b11dBm\/ 1\u00b10.2W<\/div>\n<\/div>\n<\/td>\n<\/tr>\n<tr>\n<td data-sheets-value=\"{\">3<\/td>\n<td data-sheets-value=\"{\">5G3700<\/td>\n<td data-sheets-value=\"{\">3600-3900MHz<\/td>\n<td data-sheets-value=\"{\">\n<div>\n<div>30\u00b11dBm\/ 1\u00b10.2W<\/div>\n<\/div>\n<\/td>\n<\/tr>\n<tr>\n<td data-sheets-value=\"{\">4<\/td>\n<td data-sheets-value=\"{\">3G2100<\/td>\n<td data-sheets-value=\"{\">2110-2180MHZ<\/td>\n<td data-sheets-value=\"{\">\n<div>\n<div>30\u00b11dBm\/ 1\u00b10.2W<\/div>\n<\/div>\n<\/td>\n<\/tr>\n<tr>\n<td data-sheets-value=\"{\">5<\/td>\n<td data-sheets-value=\"{\">RC-868<\/td>\n<td data-sheets-value=\"{\">868MHz<\/td>\n<td data-sheets-value=\"{\">\n<div>\n<div>30\u00b11dBm\/ 1\u00b10.2W<\/div>\n<\/div>\n<\/td>\n<\/tr>\n<tr>\n<td data-sheets-value=\"{\">6<\/td>\n<td data-sheets-value=\"{\">WIFI5.2G 802.11.a<\/td>\n<td data-sheets-value=\"{\">5100-5500MHz<\/td>\n<td data-sheets-value=\"{\">\n<div>\n<div>30\u00b11dBm\/ 1\u00b10.2W<\/div>\n<\/div>\n<\/td>\n<\/tr>\n<tr>\n<td data-sheets-value=\"{\">7<\/td>\n<td data-sheets-value=\"{\">4G2600<\/td>\n<td data-sheets-value=\"{\">2620-2690MHZ<\/td>\n<td data-sheets-value=\"{\">\n<div>\n<div>30\u00b11dBm\/ 1\u00b10.2W<\/div>\n<\/div>\n<\/td>\n<\/tr>\n<tr>\n<td data-sheets-value=\"{\">8<\/td>\n<td data-sheets-value=\"{\">4G800<\/td>\n<td data-sheets-value=\"{\">790-826MHz<\/td>\n<td data-sheets-value=\"{\">\n<div>\n<div>30\u00b11dBm\/ 1\u00b10.2W<\/div>\n<\/div>\n<\/td>\n<\/tr>\n<tr>\n<td data-sheets-value=\"{\">9<\/td>\n<td data-sheets-value=\"{\">FM Radio<\/td>\n<td data-sheets-value=\"{\">80-108MHz<\/td>\n<td data-sheets-value=\"{\">\n<div>\n<div>30\u00b11dBm\/ 1\u00b10.2W<\/div>\n<\/div>\n<\/td>\n<\/tr>\n<tr>\n<td data-sheets-value=\"{\">10<\/td>\n<td data-sheets-value=\"{\">RC-433<\/td>\n<td data-sheets-value=\"{\">433-434MHz<\/td>\n<td data-sheets-value=\"{\">\n<div>\n<div>30\u00b11dBm\/ 1\u00b10.2W<\/div>\n<\/div>\n<\/td>\n<\/tr>\n<tr>\n<td data-sheets-value=\"{\">11<\/td>\n<td data-sheets-value=\"{\">4G700<\/td>\n<td data-sheets-value=\"{\">700-803MHz<\/td>\n<td data-sheets-value=\"{\">\n<div>\n<div>30\u00b11dBm\/ 1\u00b10.2W<\/div>\n<\/div>\n<\/td>\n<\/tr>\n<tr>\n<td data-sheets-value=\"{\">12<\/td>\n<td data-sheets-value=\"{\">GPSL1<\/td>\n<td data-sheets-value=\"{\">1560-1610MHz<\/td>\n<td data-sheets-value=\"{\">\n<div>\n<div>30\u00b11dBm\/ 1\u00b10.2W<\/div>\n<\/div>\n<\/td>\n<\/tr>\n<tr>\n<td data-sheets-value=\"{\">13<\/td>\n<td data-sheets-value=\"{\">LORA\/RC915<\/td>\n<td data-sheets-value=\"{\">900-930MHz<\/td>\n<td data-sheets-value=\"{\">\n<div>\n<div>30\u00b11dBm\/ 1\u00b10.2W<\/div>\n<\/div>\n<\/td>\n<\/tr>\n<tr>\n<td data-sheets-value=\"{\">14<\/td>\n<td data-sheets-value=\"{\">4G2500<\/td>\n<td data-sheets-value=\"{\">2500-2620MHz<\/td>\n<td data-sheets-value=\"{\">\n<div>\n<div>30\u00b11dBm\/ 1\u00b10.2W<\/div>\n<\/div>\n<\/td>\n<\/tr>\n<tr>\n<td data-sheets-value=\"{\">15<\/td>\n<td data-sheets-value=\"{\">GPSL2L3L4L5<\/td>\n<td data-sheets-value=\"{\">1170-1390MHz<\/td>\n<td data-sheets-value=\"{\">\n<div>\n<div>30\u00b11dBm\/ 1\u00b10.2W<\/div>\n<\/div>\n<\/td>\n<\/tr>\n<tr>\n<td data-sheets-value=\"{\">16<\/td>\n<td data-sheets-value=\"{\">CDMA850<\/td>\n<td data-sheets-value=\"{\">851-894MHZ<\/td>\n<td data-sheets-value=\"{\">\n<div>\n<div>30\u00b11dBm\/ 1\u00b10.2W<\/div>\n<\/div>\n<\/td>\n<\/tr>\n<tr>\n<td data-sheets-value=\"{\">17<\/td>\n<td data-sheets-value=\"{\">4G1700<\/td>\n<td data-sheets-value=\"{\">1710-1780MHz<\/td>\n<td data-sheets-value=\"{\">\n<div>\n<div>30\u00b11dBm\/ 1\u00b10.2W<\/div>\n<\/div>\n<\/td>\n<\/tr>\n<tr>\n<td data-sheets-value=\"{\">18<\/td>\n<td data-sheets-value=\"{\">WIFI 6E 802.11ax<\/td>\n<td data-sheets-value=\"{\">5925\u20136425MHz<\/td>\n<td data-sheets-value=\"{\">\n<div>\n<div>30\u00b11dBm\/ 1\u00b10.2W<\/div>\n<\/div>\n<\/td>\n<\/tr>\n<tr>\n<td data-sheets-value=\"{\">19<\/td>\n<td data-sheets-value=\"{\">RC-315<\/td>\n<td data-sheets-value=\"{\">315MHz<\/td>\n<td data-sheets-value=\"{\">\n<div>\n<div>30\u00b11dBm\/ 1\u00b10.2W<\/div>\n<\/div>\n<\/td>\n<\/tr>\n<tr>\n<td data-sheets-value=\"{\">20<\/td>\n<td data-sheets-value=\"{\">GSM900<\/td>\n<td data-sheets-value=\"{\">925-960MHz<\/td>\n<td data-sheets-value=\"{\">\n<div>\n<div>30\u00b11dBm\/ 1\u00b10.2W<\/div>\n<\/div>\n<\/td>\n<\/tr>\n<tr>\n<td data-sheets-value=\"{\">21<\/td>\n<td data-sheets-value=\"{\">DCS1800<\/td>\n<td data-sheets-value=\"{\">1805-1920MHz<\/td>\n<td data-sheets-value=\"{\">\n<div>\n<div>30\u00b11dBm\/ 1\u00b10.2W<\/div>\n<\/div>\n<\/td>\n<\/tr>\n<tr>\n<td data-sheets-value=\"{\">22<\/td>\n<td data-sheets-value=\"{\">WIFI2.4G 802.11.b &amp;g<\/td>\n<td data-sheets-value=\"{\">2400-2500MHz<\/td>\n<td data-sheets-value=\"{\">\n<div>\n<div>30\u00b11dBm\/ 1\u00b10.2W<\/div>\n<\/div>\n<\/td>\n<\/tr>\n<tr>\n<td data-sheets-value=\"{\">23<\/td>\n<td data-sheets-value=\"{\">WIFI5.8G 802.11.a<\/td>\n<td data-sheets-value=\"{\">5500-5900MHz<\/td>\n<td data-sheets-value=\"{\">\n<div>\n<div>30\u00b11dBm\/ 1\u00b10.2W<\/div>\n<\/div>\n<\/td>\n<\/tr>\n<tr>\n<td data-sheets-value=\"{\">24<\/td>\n<td data-sheets-value=\"{\">5G3300\/3500<\/td>\n<td data-sheets-value=\"{\">3300-3600MHZ<\/td>\n<td data-sheets-value=\"{\">\n<div>\n<div>30\u00b11dBm\/ 1\u00b10.2W<\/div>\n<\/div>\n<\/td>\n<\/tr>\n<tr>\n<td data-sheets-value=\"{\">25<\/td>\n<td data-sheets-value=\"{\">UHF&amp;CDMA450<\/td>\n<td data-sheets-value=\"{\">400-470MHz<\/td>\n<td data-sheets-value=\"{\">\n<div>\n<div>30\u00b11dBm\/ 1\u00b10.2W<\/div>\n<\/div>\n<\/td>\n<\/tr>\n<tr>\n<td data-sheets-value=\"{\">26<\/td>\n<td data-sheets-value=\"{\">5G1500<\/td>\n<td data-sheets-value=\"{\">1427-1518MHz<\/td>\n<td data-sheets-value=\"{\">\n<div>\n<div>30\u00b11dBm\/ 1\u00b10.2W<\/div>\n<\/div>\n<\/td>\n<\/tr>\n<tr>\n<td data-sheets-value=\"{\">27<\/td>\n<td data-sheets-value=\"{\">PCS1900<\/td>\n<td data-sheets-value=\"{\">1920-2000MHz<\/td>\n<td data-sheets-value=\"{\">\n<div>\n<div>30\u00b11dBm\/ 1\u00b10.2W<\/div>\n<\/div>\n<\/td>\n<\/tr>\n<tr>\n<td data-sheets-value=\"{\">28<\/td>\n<td data-sheets-value=\"{\">4G2300<\/td>\n<td data-sheets-value=\"{\">2300-2400MHz<\/td>\n<td data-sheets-value=\"{\">\n<div>\n<div>30\u00b11dBm\/ 1\u00b10.2W<\/div>\n<\/div>\n<\/td>\n<\/tr>\n<\/tbody>\n<\/table>\n","protected":false},"excerpt":{"rendered":"<p>Ausgangsleistung: Gesamtleistung: 28W, 1W pro Band mit 2dBi Gewinn Rundstrahlantennen Reichweite: Bis zu 25 Meter Stromversorgung: AC110-240V auf DC12V K\u00fchlsystem:<\/p>\n","protected":false},"featured_media":17522,"comment_status":"open","ping_status":"closed","template":"","meta":{"_acf_changed":false},"product_brand":[],"product_cat":[148,146,147,149],"product_tag":[],"class_list":{"0":"post-17633","1":"product","2":"type-product","3":"status-publish","4":"has-post-thumbnail","6":"product_cat-gps-stoersender","7":"product_cat-handy-stoersender","8":"product_cat-stoersender","9":"product_cat-stoersender-wlan","10":"pa_channel-28-kanal","11":"pa_output-power-28w-de","12":"pa_range-25-meter","13":"pa_type-2-handheld-stoersender","15":"first","16":"instock","17":"shipping-taxable","18":"purchasable","19":"product-type-simple"},"acf":[],"_links":{"self":[{"href":"https:\/\/hgjammer.com\/de\/wp-json\/wp\/v2\/product\/17633","targetHints":{"allow":["GET"]}}],"collection":[{"href":"https:\/\/hgjammer.com\/de\/wp-json\/wp\/v2\/product"}],"about":[{"href":"https:\/\/hgjammer.com\/de\/wp-json\/wp\/v2\/types\/product"}],"replies":[{"embeddable":true,"href":"https:\/\/hgjammer.com\/de\/wp-json\/wp\/v2\/comments?post=17633"}],"version-history":[{"count":1,"href":"https:\/\/hgjammer.com\/de\/wp-json\/wp\/v2\/product\/17633\/revisions"}],"predecessor-version":[{"id":17759,"href":"https:\/\/hgjammer.com\/de\/wp-json\/wp\/v2\/product\/17633\/revisions\/17759"}],"wp:featuredmedia":[{"embeddable":true,"href":"https:\/\/hgjammer.com\/de\/wp-json\/wp\/v2\/media\/17522"}],"wp:attachment":[{"href":"https:\/\/hgjammer.com\/de\/wp-json\/wp\/v2\/media?parent=17633"}],"wp:term":[{"taxonomy":"product_brand","embeddable":true,"href":"https:\/\/hgjammer.com\/de\/wp-json\/wp\/v2\/product_brand?post=17633"},{"taxonomy":"product_cat","embeddable":true,"href":"https:\/\/hgjammer.com\/de\/wp-json\/wp\/v2\/product_cat?post=17633"},{"taxonomy":"product_tag","embeddable":true,"href":"https:\/\/hgjammer.com\/de\/wp-json\/wp\/v2\/product_tag?post=17633"}],"curies":[{"name":"wp","href":"https:\/\/api.w.org\/{rel}","templated":true}]}}