{"id":17642,"date":"2024-03-30T18:44:29","date_gmt":"2024-03-30T18:44:29","guid":{"rendered":"https:\/\/hgjammer.com\/?post_type=product&#038;p=17642"},"modified":"2024-07-28T14:22:57","modified_gmt":"2024-07-28T14:22:57","slug":"k414","status":"publish","type":"product","link":"https:\/\/hgjammer.com\/de\/produkt\/k414\/","title":{"rendered":"K414 8-Kanal 4G Handy St\u00f6rsender (20 Meter)"},"content":{"rendered":"\t\t\t<link rel=\"stylesheet\" id=\"elementor-post-17753-css\" href=\"https:\/\/hgjammer.com\/wp-content\/uploads\/elementor\/css\/post-17753.css?ver=1773764602\" type=\"text\/css\" media=\"all\">\n\t\t\t\t\t<div data-elementor-type=\"wp-post\" data-elementor-id=\"17753\" class=\"elementor elementor-17753 elementor-16340\" data-elementor-post-type=\"cms_block\">\n\t\t\t\t<div class=\"wd-negative-gap elementor-element elementor-element-eede9eb e-flex e-con-boxed e-con e-parent\" data-id=\"eede9eb\" data-element_type=\"container\" data-settings=\"{&quot;background_background&quot;:&quot;classic&quot;}\">\n\t\t\t\t\t<div class=\"e-con-inner\">\n\t\t\t\t<div class=\"elementor-element elementor-element-ac79d27 wd-width-100 elementor-widget elementor-widget-wd_title\" data-id=\"ac79d27\" data-element_type=\"widget\" data-widget_type=\"wd_title.default\">\n\t\t\t\t<div class=\"elementor-widget-container\">\n\t\t\t\t\t\t\t<div class=\"title-wrapper wd-set-mb reset-last-child wd-title-color-default wd-title-style-default wd-title-size-default text-left\">\n\n\t\t\t\n\t\t\t<div class=\"liner-continer\">\n\t\t\t\t<h3 class=\"woodmart-title-container title wd-fontsize-l\">Optionen<\/h3> \n\t\t\t\t\t\t\t<\/div>\n\n\t\t\t\t\t\t\t<div class=\"title-after_title reset-last-child wd-fontsize-xs\">\n\t\t\t\t\t<p>Der K414 bietet zwei Auswahlm\u00f6glichkeiten, die jeweils unterschiedliche Funktionen bieten. Bitte w\u00e4hlen Sie sorgf\u00e4ltig nach Ihren Bed\u00fcrfnissen. <\/p><ol><li><strong>K414-A<\/strong>: Mobilfunk 4G\/3G\/2G + WiFi 2.4G + GPS L1 + LOJACK<\/li><li><strong>K414-B<\/strong>: Mobilfunk 4G\/3G\/2G + WiFi 2.4G + GPS L1 + GPS L2<\/li><\/ol>\t\t\t\t<\/div>\n\t\t\t\t\t<\/div>\n\t\t\t\t\t\t<\/div>\n\t\t\t\t<\/div>\n\t\t\t\t\t<\/div>\n\t\t\t\t<\/div>\n\t\t\t\t<\/div>\n\t\t\n<table dir=\"ltr\" border=\"1\" cellspacing=\"0\" cellpadding=\"0\">\n<tbody>\n<tr>\n<td data-sheets-value=\"{\"><strong>Ausgangsleistung:<\/strong><\/td>\n<td data-sheets-value=\"{\">Gesamt 5.6W, 0.7W pro Band<\/td>\n<\/tr>\n<tr>\n<td data-sheets-value=\"{\"><strong>Reichweite:<\/strong><\/td>\n<td data-sheets-value=\"{\">Bis zu 20 Meter<\/td>\n<\/tr>\n<tr>\n<td data-sheets-value=\"{\"><strong>Stromversorgung:<\/strong><\/td>\n<td data-sheets-value=\"{\">AC110-240V auf DC12V<\/td>\n<\/tr>\n<tr>\n<td data-sheets-value=\"{\"><strong>K\u00fchlsystem:<\/strong><\/td>\n<td data-sheets-value=\"{\">Eingebaute 1 L\u00fcfter<\/td>\n<\/tr>\n<tr>\n<td data-sheets-value=\"{\"><strong>Batterie:<\/strong><\/td>\n<td data-sheets-value=\"{\">8000mAh<\/td>\n<\/tr>\n<tr>\n<td data-sheets-value=\"{\"><strong>Batterielaufzeit:<\/strong><\/td>\n<td data-sheets-value=\"{\">150 Minuten<\/td>\n<\/tr>\n<tr>\n<td data-sheets-value=\"{\"><strong>Produktma\u00dfe:<\/strong><\/td>\n<td data-sheets-value=\"{\">\n<div>\n<div>156*83*48mm (ohne Antenne), Antennenl\u00e4nge:165mm<\/div>\n<\/div>\n<\/td>\n<\/tr>\n<tr>\n<td data-sheets-value=\"{\"><strong>Produktgewicht:<\/strong><\/td>\n<td data-sheets-value=\"{\">ungef\u00e4hr 1,7 kg<\/td>\n<\/tr>\n<tr>\n<td data-sheets-value=\"{\"><strong>Lieferumfang:<\/strong><\/td>\n<td data-sheets-value=\"{\">\n<div>\n<div>St\u00f6rsender x 1, Netzladeger\u00e4t x 1, Rundstrahlantennen x 8, DC12V-Autoladeger\u00e4t x 1<\/div>\n<\/div>\n<\/td>\n<\/tr>\n<\/tbody>\n<\/table>\n<p>&nbsp;<\/p>\n\t\t\t<link rel=\"stylesheet\" id=\"elementor-post-17739-css\" href=\"https:\/\/hgjammer.com\/wp-content\/uploads\/elementor\/css\/post-17739.css?ver=1773719577\" type=\"text\/css\" media=\"all\">\n\t\t\t\t\t<div data-elementor-type=\"wp-post\" data-elementor-id=\"17739\" class=\"elementor elementor-17739 elementor-15953\" data-elementor-post-type=\"cms_block\">\n\t\t\t\t<div class=\"wd-negative-gap elementor-element elementor-element-ac26d9d e-flex e-con-boxed e-con e-parent\" data-id=\"ac26d9d\" data-element_type=\"container\">\n\t\t\t\t\t<div class=\"e-con-inner\">\n\t\t\t\t<div class=\"elementor-element elementor-element-a0941f7 wd-width-100 elementor-widget elementor-widget-wd_title\" data-id=\"a0941f7\" data-element_type=\"widget\" data-widget_type=\"wd_title.default\">\n\t\t\t\t<div class=\"elementor-widget-container\">\n\t\t\t\t\t\t\t<div class=\"title-wrapper wd-set-mb reset-last-child wd-title-color-default wd-title-style-default wd-title-size-default text-left\">\n\n\t\t\t\t\t\t\t\t\t\t\t<div class=\"title-subtitle subtitle-color-default subtitle-style-default wd-fontsize-xs\">\n\t\t\t\t\tAntenneninformationen\t\t\t\t<\/div>\n\t\t\t\n\t\t\t<div class=\"liner-continer\">\n\t\t\t\t<h3 class=\"woodmart-title-container title wd-fontsize-l\">Spezifikationen f\u00fcr die einzelnen Kan\u00e4le<\/h3> \n\t\t\t\t\t\t\t<\/div>\n\n\t\t\t\t\t\t\t<div class=\"title-after_title reset-last-child wd-fontsize-xs\">\n\t\t\t\t\t<p>Die angegebenen Spezifikationen f\u00fcr die einzelnen Kan\u00e4le basieren auf den USA als Referenz. Da verschiedene L\u00e4nder unterschiedliche Frequenzbereiche nutzen, werden wir den Frequenzbereich vor dem Versand entsprechend Ihrem Land anpassen, um die Effektivit\u00e4t unserer Produkte sicherzustellen. <\/p>\t\t\t\t<\/div>\n\t\t\t\t\t<\/div>\n\t\t\t\t\t\t<\/div>\n\t\t\t\t<\/div>\n\t\t\t\t\t<\/div>\n\t\t\t\t<\/div>\n\t\t\t\t<\/div>\n\t\t\n<p>&nbsp;<\/p>\n<table dir=\"ltr\" border=\"1\" cellspacing=\"0\" cellpadding=\"0\">\n<tbody>\n<tr>\n<td colspan=\"4\" rowspan=\"1\" data-sheets-value=\"{\">K414<\/td>\n<\/tr>\n<tr>\n<td data-sheets-value=\"{\">Kanal<\/td>\n<td data-sheets-value=\"{\">Ausgangsanschl\u00fcsse<\/td>\n<td data-sheets-value=\"{\">Frequenzbereiche<\/td>\n<td data-sheets-value=\"{\">\n<div>\n<div>Durchschnittliche Ausgangsleistung<\/div>\n<\/div>\n<\/td>\n<\/tr>\n<tr>\n<td data-sheets-value=\"{\">1<\/td>\n<td data-sheets-value=\"{\">LoJack<\/td>\n<td data-sheets-value=\"{\">167-175MHz<\/td>\n<td data-sheets-value=\"{\">28.5dBm\/0.7W<\/td>\n<\/tr>\n<tr>\n<td data-sheets-value=\"{\">2<\/td>\n<td data-sheets-value=\"{\">CDMA or GSM<\/td>\n<td data-sheets-value=\"{\">851-894 or 925-960MHz<\/td>\n<td data-sheets-value=\"{\">28.5dBm\/0.7W<\/td>\n<\/tr>\n<tr>\n<td data-sheets-value=\"{\">3<\/td>\n<td data-sheets-value=\"{\">DCS or PCS<\/td>\n<td data-sheets-value=\"{\">1805-1880 or 1920-1990MHz<\/td>\n<td data-sheets-value=\"{\">28.5dBm\/0.7W<\/td>\n<\/tr>\n<tr>\n<td data-sheets-value=\"{\">4<\/td>\n<td data-sheets-value=\"{\">Wi-Fi 2.4G<\/td>\n<td data-sheets-value=\"{\">2400-2500MHz<\/td>\n<td data-sheets-value=\"{\">28.5dBm\/0.7W<\/td>\n<\/tr>\n<tr>\n<td data-sheets-value=\"{\">5<\/td>\n<td data-sheets-value=\"{\">4G1 LTE<\/td>\n<td data-sheets-value=\"{\">700-803 or 790-862MHz<\/td>\n<td data-sheets-value=\"{\">28.5dBm\/0.7W<\/td>\n<\/tr>\n<tr>\n<td data-sheets-value=\"{\">6<\/td>\n<td data-sheets-value=\"{\">GPSL1<\/td>\n<td data-sheets-value=\"{\">1570-1580MHz<\/td>\n<td data-sheets-value=\"{\">28.5dBm\/0.7W<\/td>\n<\/tr>\n<tr>\n<td data-sheets-value=\"{\">7<\/td>\n<td data-sheets-value=\"{\">3G<\/td>\n<td data-sheets-value=\"{\">2110-2170MHz<\/td>\n<td data-sheets-value=\"{\">28.5dBm\/0.7W<\/td>\n<\/tr>\n<tr>\n<td data-sheets-value=\"{\">8<\/td>\n<td data-sheets-value=\"{\">4G Wimax<\/td>\n<td data-sheets-value=\"{\">2500-2690 or 2300-2400MHz<\/td>\n<td data-sheets-value=\"{\">28.5dBm\/0.7W<\/td>\n<\/tr>\n<\/tbody>\n<\/table>\n","protected":false},"excerpt":{"rendered":"<p>Ausgangsleistung: Gesamt 5.6W, 0.7W pro Band Reichweite: Bis zu 20 Meter Stromversorgung: AC110-240V auf DC12V K\u00fchlsystem: Eingebaute 1 L\u00fcfter Batterie:<\/p>\n","protected":false},"featured_media":17437,"comment_status":"closed","ping_status":"closed","template":"","meta":{"_acf_changed":false},"product_brand":[],"product_cat":[148,146,147,149],"product_tag":[],"class_list":{"0":"post-17642","1":"product","2":"type-product","3":"status-publish","4":"has-post-thumbnail","6":"product_cat-gps-stoersender","7":"product_cat-handy-stoersender","8":"product_cat-stoersender","9":"product_cat-stoersender-wlan","10":"pa_channel-8-kanal","11":"pa_output-power-5-6w-de","12":"pa_range-20-meter","13":"pa_type-2-handheld-stoersender","15":"first","16":"instock","17":"purchasable","18":"product-type-variable"},"acf":[],"_links":{"self":[{"href":"https:\/\/hgjammer.com\/de\/wp-json\/wp\/v2\/product\/17642","targetHints":{"allow":["GET"]}}],"collection":[{"href":"https:\/\/hgjammer.com\/de\/wp-json\/wp\/v2\/product"}],"about":[{"href":"https:\/\/hgjammer.com\/de\/wp-json\/wp\/v2\/types\/product"}],"replies":[{"embeddable":true,"href":"https:\/\/hgjammer.com\/de\/wp-json\/wp\/v2\/comments?post=17642"}],"version-history":[{"count":1,"href":"https:\/\/hgjammer.com\/de\/wp-json\/wp\/v2\/product\/17642\/revisions"}],"predecessor-version":[{"id":17765,"href":"https:\/\/hgjammer.com\/de\/wp-json\/wp\/v2\/product\/17642\/revisions\/17765"}],"wp:featuredmedia":[{"embeddable":true,"href":"https:\/\/hgjammer.com\/de\/wp-json\/wp\/v2\/media\/17437"}],"wp:attachment":[{"href":"https:\/\/hgjammer.com\/de\/wp-json\/wp\/v2\/media?parent=17642"}],"wp:term":[{"taxonomy":"product_brand","embeddable":true,"href":"https:\/\/hgjammer.com\/de\/wp-json\/wp\/v2\/product_brand?post=17642"},{"taxonomy":"product_cat","embeddable":true,"href":"https:\/\/hgjammer.com\/de\/wp-json\/wp\/v2\/product_cat?post=17642"},{"taxonomy":"product_tag","embeddable":true,"href":"https:\/\/hgjammer.com\/de\/wp-json\/wp\/v2\/product_tag?post=17642"}],"curies":[{"name":"wp","href":"https:\/\/api.w.org\/{rel}","templated":true}]}}