{"id":17652,"date":"2024-03-30T18:44:29","date_gmt":"2024-03-30T18:44:29","guid":{"rendered":"https:\/\/hgjammer.com\/?post_type=product&#038;p=17652"},"modified":"2024-07-28T14:20:10","modified_gmt":"2024-07-28T14:20:10","slug":"k407","status":"publish","type":"product","link":"https:\/\/hgjammer.com\/de\/produkt\/k407\/","title":{"rendered":"K407 8-Kanal St\u00f6rsender (50 Meter)"},"content":{"rendered":"\t\t\t<link rel=\"stylesheet\" id=\"elementor-post-17801-css\" href=\"https:\/\/hgjammer.com\/wp-content\/uploads\/elementor\/css\/post-17801.css?ver=1776952852\" type=\"text\/css\" media=\"all\">\n\t\t\t\t\t<div data-elementor-type=\"wp-post\" data-elementor-id=\"17801\" class=\"elementor elementor-17801 elementor-16081\" data-elementor-post-type=\"cms_block\">\n\t\t\t\t<div class=\"wd-negative-gap elementor-element elementor-element-eede9eb e-flex e-con-boxed e-con e-parent\" data-id=\"eede9eb\" data-element_type=\"container\" data-e-type=\"container\" data-settings=\"{&quot;background_background&quot;:&quot;classic&quot;}\">\n\t\t\t\t\t<div class=\"e-con-inner\">\n\t\t\t\t<div class=\"elementor-element elementor-element-ac79d27 wd-width-100 elementor-widget elementor-widget-wd_title\" data-id=\"ac79d27\" data-element_type=\"widget\" data-e-type=\"widget\" data-widget_type=\"wd_title.default\">\n\t\t\t\t<div class=\"elementor-widget-container\">\n\t\t\t\t\t\t\t<div class=\"title-wrapper wd-set-mb reset-last-child wd-title-color-default wd-title-style-default wd-title-size-default text-left\">\n\n\t\t\t\n\t\t\t<div class=\"liner-continer\">\n\t\t\t\t<h3 class=\"woodmart-title-container title wd-fontsize-l\">Optionen<\/h3> \n\t\t\t\t\t\t\t<\/div>\n\n\t\t\t\t\t\t\t<div class=\"title-after_title reset-last-child wd-fontsize-xs\">\n\t\t\t\t\t<p>Das K407-Modell bietet Ihnen drei verschiedene Optionen, die jeweils \u00fcber unterschiedliche Funktionen verf\u00fcgen. Bitte w\u00e4hlen Sie sorgf\u00e4ltig entsprechend Ihren Bed\u00fcrfnissen. <\/p><ol><li><strong>K407-A<\/strong>: Mobiltelefon mit 4G\/3G\/2G, WiFi 2.4G und GPS L1 \u2013 L5<\/li><li><strong>K407-B<\/strong>: Mobiltelefon mit 4G\/3G\/2G, WiFi 2.4G, GPS L1 und LOJACK<\/li><li><strong>K407-C<\/strong>: Mobiltelefon mit 5G\/4G\/3G\/2G, WiFi 2.4G und GPS L1<\/li><\/ol>\t\t\t\t<\/div>\n\t\t\t\t\t<\/div>\n\t\t\t\t\t\t<\/div>\n\t\t\t\t<\/div>\n\t\t\t\t\t<\/div>\n\t\t\t\t<\/div>\n\t\t\t\t<\/div>\n\t\t\n<table dir=\"ltr\" border=\"1\" cellspacing=\"0\" cellpadding=\"0\">\n<tbody>\n<tr>\n<td data-sheets-value=\"{\"><strong>Ausgangsleistung:<\/strong><\/td>\n<td data-sheets-value=\"{\">Gesamt 28W, 3-4W pro Band<\/td>\n<\/tr>\n<tr>\n<td data-sheets-value=\"{\"><strong>Reichweite:<\/strong><\/td>\n<td data-sheets-value=\"{\">Bis zu 50 Meter<\/td>\n<\/tr>\n<tr>\n<td data-sheets-value=\"{\"><strong>Stromversorgung:<\/strong><\/td>\n<td data-sheets-value=\"{\">AC110-240V auf DC24V<\/td>\n<\/tr>\n<tr>\n<td data-sheets-value=\"{\"><strong>K\u00fchlsystem:<\/strong><\/td>\n<td data-sheets-value=\"{\">\n<div>\n<div>Aluminiumlegierungsk\u00fchler und 3 integrierte L\u00fcfter<\/div>\n<\/div>\n<\/td>\n<\/tr>\n<tr>\n<td data-sheets-value=\"{\"><strong>Batterie:<\/strong><\/td>\n<td data-sheets-value=\"{\">Eingebaute Batterie: 24V\/3000mAh<\/td>\n<\/tr>\n<tr>\n<td data-sheets-value=\"{\"><strong>Batterielaufzeit:<\/strong><\/td>\n<td data-sheets-value=\"{\">60 Minuten<\/td>\n<\/tr>\n<tr>\n<td data-sheets-value=\"{\"><strong>Produktma\u00dfe:<\/strong><\/td>\n<td data-sheets-value=\"{\">\n<div>\n<div>210x130x46 mm (ohne Antenne)<\/div>\n<\/div>\n<\/td>\n<\/tr>\n<tr>\n<td data-sheets-value=\"{\"><strong>Produktgewicht:<\/strong><\/td>\n<td data-sheets-value=\"{\">2,0 Kg<\/td>\n<\/tr>\n<tr>\n<td data-sheets-value=\"{\"><strong>Lieferumfang:<\/strong><\/td>\n<td data-sheets-value=\"{\">\n<div>\n<div>Ger\u00e4t x 1, Netzladeger\u00e4t x 1, Hochleistungs-Rundstrahlantennen x 8<\/div>\n<\/div>\n<\/td>\n<\/tr>\n<\/tbody>\n<\/table>\n<p>&nbsp;<\/p>\n\t\t\t<link rel=\"stylesheet\" id=\"elementor-post-17739-css\" href=\"https:\/\/hgjammer.com\/wp-content\/uploads\/elementor\/css\/post-17739.css?ver=1776902521\" type=\"text\/css\" media=\"all\">\n\t\t\t\t\t<div data-elementor-type=\"wp-post\" data-elementor-id=\"17739\" class=\"elementor elementor-17739 elementor-15953\" data-elementor-post-type=\"cms_block\">\n\t\t\t\t<div class=\"wd-negative-gap elementor-element elementor-element-ac26d9d e-flex e-con-boxed e-con e-parent\" data-id=\"ac26d9d\" data-element_type=\"container\" data-e-type=\"container\">\n\t\t\t\t\t<div class=\"e-con-inner\">\n\t\t\t\t<div class=\"elementor-element elementor-element-a0941f7 wd-width-100 elementor-widget elementor-widget-wd_title\" data-id=\"a0941f7\" data-element_type=\"widget\" data-e-type=\"widget\" data-widget_type=\"wd_title.default\">\n\t\t\t\t<div class=\"elementor-widget-container\">\n\t\t\t\t\t\t\t<div class=\"title-wrapper wd-set-mb reset-last-child wd-title-color-default wd-title-style-default wd-title-size-default text-left\">\n\n\t\t\t\t\t\t\t\t\t\t\t<div class=\"title-subtitle subtitle-color-default subtitle-style-default wd-fontsize-xs\">\n\t\t\t\t\tAntenneninformationen\t\t\t\t<\/div>\n\t\t\t\n\t\t\t<div class=\"liner-continer\">\n\t\t\t\t<h3 class=\"woodmart-title-container title wd-fontsize-l\">Spezifikationen f\u00fcr die einzelnen Kan\u00e4le<\/h3> \n\t\t\t\t\t\t\t<\/div>\n\n\t\t\t\t\t\t\t<div class=\"title-after_title reset-last-child wd-fontsize-xs\">\n\t\t\t\t\t<p>Die angegebenen Spezifikationen f\u00fcr die einzelnen Kan\u00e4le basieren auf den USA als Referenz. Da verschiedene L\u00e4nder unterschiedliche Frequenzbereiche nutzen, werden wir den Frequenzbereich vor dem Versand entsprechend Ihrem Land anpassen, um die Effektivit\u00e4t unserer Produkte sicherzustellen. <\/p>\t\t\t\t<\/div>\n\t\t\t\t\t<\/div>\n\t\t\t\t\t\t<\/div>\n\t\t\t\t<\/div>\n\t\t\t\t\t<\/div>\n\t\t\t\t<\/div>\n\t\t\t\t<\/div>\n\t\t\n<p>&nbsp;<\/p>\n<table dir=\"ltr\" border=\"1\" cellspacing=\"0\" cellpadding=\"0\">\n<tbody>\n<tr>\n<td colspan=\"4\" rowspan=\"1\" data-sheets-value=\"{\">K407-A<\/td>\n<\/tr>\n<tr>\n<td data-sheets-value=\"{\">Kanal<\/td>\n<td data-sheets-value=\"{\">Ausgangsanschl\u00fcsse<\/td>\n<td data-sheets-value=\"{\">Frequenzbereiche<\/td>\n<td data-sheets-value=\"{\">Ausgangsleistung \u00b11dbmm<\/td>\n<\/tr>\n<tr>\n<td data-sheets-value=\"{\">Band 1<\/td>\n<td data-sheets-value=\"{\">4G 2600<\/td>\n<td data-sheets-value=\"{\">2496-2690 or 2570-2690MHz<\/td>\n<td data-sheets-value=\"{\">35\u00b11dbmm \/ 3W<\/td>\n<\/tr>\n<tr>\n<td data-sheets-value=\"{\">Band 2<\/td>\n<td data-sheets-value=\"{\">GPSL1<\/td>\n<td data-sheets-value=\"{\">1570-1610MHz<\/td>\n<td data-sheets-value=\"{\">35\u00b11dbmm \/ 3W<\/td>\n<\/tr>\n<tr>\n<td data-sheets-value=\"{\">Band 3<\/td>\n<td data-sheets-value=\"{\">GPSL2L3L4L5<\/td>\n<td data-sheets-value=\"{\">1170-1390MHz<\/td>\n<td data-sheets-value=\"{\">35\u00b11dbmm \/ 3W<\/td>\n<\/tr>\n<tr>\n<td data-sheets-value=\"{\">Band 4<\/td>\n<td data-sheets-value=\"{\">4G 700<\/td>\n<td data-sheets-value=\"{\">700-803 or 738-821MHz<\/td>\n<td data-sheets-value=\"{\">36\u00b11dbmm \/ 4W<\/td>\n<\/tr>\n<tr>\n<td data-sheets-value=\"{\">Band 5<\/td>\n<td data-sheets-value=\"{\">CDMA or GSM\/LORA<\/td>\n<td data-sheets-value=\"{\">850-894 or 900-960MHz<\/td>\n<td data-sheets-value=\"{\">36\u00b11dbmm \/ 4W<\/td>\n<\/tr>\n<tr>\n<td data-sheets-value=\"{\">Band 6<\/td>\n<td data-sheets-value=\"{\">3G<\/td>\n<td data-sheets-value=\"{\">2110-2180MHz<\/td>\n<td data-sheets-value=\"{\">36\u00b11dbmm \/ 4W<\/td>\n<\/tr>\n<tr>\n<td data-sheets-value=\"{\">Band 7<\/td>\n<td data-sheets-value=\"{\">DCS or PCS<\/td>\n<td data-sheets-value=\"{\">1805-1880 or 1930-2000MHz<\/td>\n<td data-sheets-value=\"{\">36\u00b11dbmm \/ 4W<\/td>\n<\/tr>\n<tr>\n<td data-sheets-value=\"{\">Band 8<\/td>\n<td data-sheets-value=\"{\">Wi-Fi 2.4G\/4G2300<\/td>\n<td data-sheets-value=\"{\">Wi-Fi 2.4G\/4G2300<\/td>\n<td data-sheets-value=\"{\">35\u00b11dbmm \/ 3W<\/td>\n<\/tr>\n<tr>\n<td colspan=\"4\" rowspan=\"1\" data-sheets-value=\"{\">K407-B<\/td>\n<\/tr>\n<tr>\n<td data-sheets-value=\"{\">Kanal<\/td>\n<td data-sheets-value=\"{\">Ausgangsanschl\u00fcsse<\/td>\n<td data-sheets-value=\"{\">Frequenzbereiche<\/td>\n<td data-sheets-value=\"{\">Ausgangsleistung \u00b11dbmm<\/td>\n<\/tr>\n<tr>\n<td data-sheets-value=\"{\">Band 1<\/td>\n<td data-sheets-value=\"{\">4G 2600<\/td>\n<td data-sheets-value=\"{\">2496-2690 or 2570-2690MHz<\/td>\n<td data-sheets-value=\"{\">35\u00b11dbm \/ 3W<\/td>\n<\/tr>\n<tr>\n<td data-sheets-value=\"{\">Band 2<\/td>\n<td data-sheets-value=\"{\">GPSL1<\/td>\n<td data-sheets-value=\"{\">1570-1610MHz<\/td>\n<td data-sheets-value=\"{\">35\u00b11dbm \/ 3W<\/td>\n<\/tr>\n<tr>\n<td data-sheets-value=\"{\">Band 3<\/td>\n<td data-sheets-value=\"{\">LOJACK<\/td>\n<td data-sheets-value=\"{\">167-175MHz<\/td>\n<td data-sheets-value=\"{\">35\u00b11dbm \/ 3W<\/td>\n<\/tr>\n<tr>\n<td data-sheets-value=\"{\">Band 4<\/td>\n<td data-sheets-value=\"{\">4G 700<\/td>\n<td data-sheets-value=\"{\">700-803 or 738-821MHz<\/td>\n<td data-sheets-value=\"{\">36\u00b11dbm \/ 4W<\/td>\n<\/tr>\n<tr>\n<td data-sheets-value=\"{\">Band 5<\/td>\n<td data-sheets-value=\"{\">CDMA or GSM\/LORA<\/td>\n<td data-sheets-value=\"{\">850-894 or 900-960MHz<\/td>\n<td data-sheets-value=\"{\">36\u00b11dbm \/ 4W<\/td>\n<\/tr>\n<tr>\n<td data-sheets-value=\"{\">Band 6<\/td>\n<td data-sheets-value=\"{\">3G<\/td>\n<td data-sheets-value=\"{\">2110-2180MHz<\/td>\n<td data-sheets-value=\"{\">36\u00b11dbm \/ 4W<\/td>\n<\/tr>\n<tr>\n<td data-sheets-value=\"{\">Band 7<\/td>\n<td data-sheets-value=\"{\">DCS or PCS<\/td>\n<td data-sheets-value=\"{\">1805-1880 or 1930-2000MHz<\/td>\n<td data-sheets-value=\"{\">36\u00b11dbm \/ 4W<\/td>\n<\/tr>\n<tr>\n<td data-sheets-value=\"{\">Band 8<\/td>\n<td data-sheets-value=\"{\">Wi-Fi 2.4G\/4G2300<\/td>\n<td data-sheets-value=\"{\">Wi-Fi 2.4G\/4G2300<\/td>\n<td data-sheets-value=\"{\">35\u00b11dbm \/ 3W<\/td>\n<\/tr>\n<tr>\n<td colspan=\"4\" rowspan=\"1\" data-sheets-value=\"{\">K407-C<\/td>\n<\/tr>\n<tr>\n<td data-sheets-value=\"{\">Kanal<\/td>\n<td data-sheets-value=\"{\">Ausgangsanschl\u00fcsse<\/td>\n<td data-sheets-value=\"{\">Frequenzbereiche<\/td>\n<td data-sheets-value=\"{\">Ausgangsleistung \u00b11dbmm<\/td>\n<\/tr>\n<tr>\n<td data-sheets-value=\"{\">Band 1<\/td>\n<td data-sheets-value=\"{\">4G 2600<\/td>\n<td data-sheets-value=\"{\">2496-2690MHz<\/td>\n<td data-sheets-value=\"{\">35\u00b11dbm \/ 3W<\/td>\n<\/tr>\n<tr>\n<td data-sheets-value=\"{\">Band 2<\/td>\n<td data-sheets-value=\"{\">GPSL1<\/td>\n<td data-sheets-value=\"{\">1570-1580MHz<\/td>\n<td data-sheets-value=\"{\">35\u00b11dbm \/ 3W<\/td>\n<\/tr>\n<tr>\n<td data-sheets-value=\"{\">Band 3<\/td>\n<td data-sheets-value=\"{\">5G600<\/td>\n<td data-sheets-value=\"{\">617-652MHz<\/td>\n<td data-sheets-value=\"{\">36\u00b11dbm \/ 4W<\/td>\n<\/tr>\n<tr>\n<td data-sheets-value=\"{\">Band 4<\/td>\n<td data-sheets-value=\"{\">4G 700<\/td>\n<td data-sheets-value=\"{\">698-798MHz<\/td>\n<td data-sheets-value=\"{\">36\u00b11dbm \/ 4W<\/td>\n<\/tr>\n<tr>\n<td data-sheets-value=\"{\">Band 5<\/td>\n<td data-sheets-value=\"{\">CDMA<\/td>\n<td data-sheets-value=\"{\">850-894MHz<\/td>\n<td data-sheets-value=\"{\">36\u00b11dbm \/ 4W<\/td>\n<\/tr>\n<tr>\n<td data-sheets-value=\"{\">Band 6<\/td>\n<td data-sheets-value=\"{\">3G<\/td>\n<td data-sheets-value=\"{\">2110-2180MHz<\/td>\n<td data-sheets-value=\"{\">36\u00b11dbm \/ 4W<\/td>\n<\/tr>\n<tr>\n<td data-sheets-value=\"{\">Band 7<\/td>\n<td data-sheets-value=\"{\">PCS<\/td>\n<td data-sheets-value=\"{\">1930-2000MHz<\/td>\n<td data-sheets-value=\"{\">36\u00b11dbm \/ 4W<\/td>\n<\/tr>\n<tr>\n<td data-sheets-value=\"{\">Band 8<\/td>\n<td data-sheets-value=\"{\">Wi-Fi 2.4G\/4G2300<\/td>\n<td data-sheets-value=\"{\">2300-2485MHz<\/td>\n<td data-sheets-value=\"{\">35\u00b11dbm \/ 3W<\/td>\n<\/tr>\n<\/tbody>\n<\/table>\n","protected":false},"excerpt":{"rendered":"<p>Ausgangsleistung: Gesamt 28W, 3-4W pro Band Reichweite: Bis zu 50 Meter Stromversorgung: AC110-240V auf DC24V K\u00fchlsystem: Aluminiumlegierungsk\u00fchler und 3 integrierte<\/p>\n","protected":false},"featured_media":17378,"comment_status":"closed","ping_status":"closed","template":"","meta":{"_acf_changed":false},"product_brand":[],"product_cat":[148,146,147,149],"product_tag":[],"class_list":{"0":"post-17652","1":"product","2":"type-product","3":"status-publish","4":"has-post-thumbnail","6":"product_cat-gps-stoersender","7":"product_cat-handy-stoersender","8":"product_cat-stoersender","9":"product_cat-stoersender-wlan","10":"pa_channel-8-kanal","11":"pa_output-power-28w-de","12":"pa_range-50-meter","13":"pa_type-2-handheld-stoersender","15":"first","16":"instock","17":"purchasable","18":"product-type-variable"},"acf":[],"_links":{"self":[{"href":"https:\/\/hgjammer.com\/de\/wp-json\/wp\/v2\/product\/17652","targetHints":{"allow":["GET"]}}],"collection":[{"href":"https:\/\/hgjammer.com\/de\/wp-json\/wp\/v2\/product"}],"about":[{"href":"https:\/\/hgjammer.com\/de\/wp-json\/wp\/v2\/types\/product"}],"replies":[{"embeddable":true,"href":"https:\/\/hgjammer.com\/de\/wp-json\/wp\/v2\/comments?post=17652"}],"version-history":[{"count":1,"href":"https:\/\/hgjammer.com\/de\/wp-json\/wp\/v2\/product\/17652\/revisions"}],"predecessor-version":[{"id":17818,"href":"https:\/\/hgjammer.com\/de\/wp-json\/wp\/v2\/product\/17652\/revisions\/17818"}],"wp:featuredmedia":[{"embeddable":true,"href":"https:\/\/hgjammer.com\/de\/wp-json\/wp\/v2\/media\/17378"}],"wp:attachment":[{"href":"https:\/\/hgjammer.com\/de\/wp-json\/wp\/v2\/media?parent=17652"}],"wp:term":[{"taxonomy":"product_brand","embeddable":true,"href":"https:\/\/hgjammer.com\/de\/wp-json\/wp\/v2\/product_brand?post=17652"},{"taxonomy":"product_cat","embeddable":true,"href":"https:\/\/hgjammer.com\/de\/wp-json\/wp\/v2\/product_cat?post=17652"},{"taxonomy":"product_tag","embeddable":true,"href":"https:\/\/hgjammer.com\/de\/wp-json\/wp\/v2\/product_tag?post=17652"}],"curies":[{"name":"wp","href":"https:\/\/api.w.org\/{rel}","templated":true}]}}