{"id":17656,"date":"2024-03-30T18:44:29","date_gmt":"2024-03-30T18:44:29","guid":{"rendered":"https:\/\/hgjammer.com\/?post_type=product&#038;p=17656"},"modified":"2024-07-28T14:19:07","modified_gmt":"2024-07-28T14:19:07","slug":"k404","status":"publish","type":"product","link":"https:\/\/hgjammer.com\/de\/produkt\/k404\/","title":{"rendered":"K404 16-Kanal Handheld-St\u00f6rsender (25 Meter)"},"content":{"rendered":"\t\t\t<link rel=\"stylesheet\" id=\"elementor-post-17795-css\" href=\"https:\/\/hgjammer.com\/wp-content\/uploads\/elementor\/css\/post-17795.css?ver=1773889502\" type=\"text\/css\" media=\"all\">\n\t\t\t\t\t<div data-elementor-type=\"wp-post\" data-elementor-id=\"17795\" class=\"elementor elementor-17795 elementor-16050\" data-elementor-post-type=\"cms_block\">\n\t\t\t\t<div class=\"wd-negative-gap elementor-element elementor-element-eede9eb e-flex e-con-boxed e-con e-parent\" data-id=\"eede9eb\" data-element_type=\"container\" data-settings=\"{&quot;background_background&quot;:&quot;classic&quot;}\">\n\t\t\t\t\t<div class=\"e-con-inner\">\n\t\t\t\t<div class=\"elementor-element elementor-element-ac79d27 wd-width-100 elementor-widget elementor-widget-wd_title\" data-id=\"ac79d27\" data-element_type=\"widget\" data-widget_type=\"wd_title.default\">\n\t\t\t\t<div class=\"elementor-widget-container\">\n\t\t\t\t\t\t\t<div class=\"title-wrapper wd-set-mb reset-last-child wd-title-color-default wd-title-style-default wd-title-size-default text-left\">\n\n\t\t\t\n\t\t\t<div class=\"liner-continer\">\n\t\t\t\t<h3 class=\"woodmart-title-container title wd-fontsize-l\">Optionen<\/h3> \n\t\t\t\t\t\t\t<\/div>\n\n\t\t\t\t\t\t\t<div class=\"title-after_title reset-last-child wd-fontsize-xs\">\n\t\t\t\t\t<p>Das K404-Modell bietet Ihnen zwei verschiedene Optionen, die jeweils \u00fcber unterschiedliche Funktionen verf\u00fcgen. Bitte w\u00e4hlen Sie sorgf\u00e4ltig entsprechend Ihren Bed\u00fcrfnissen. <\/p><ol><li><strong>K404-A<\/strong>: Mobiltelefon mit 4G\/3G\/2G, WiFi 2.4G\/5G, GPS L1-L5, UHF\/VHF Walkie-Talkie, LOJACK sowie RC 433 315 868<\/li><li><strong>K404-B<\/strong>: Mobiltelefon mit 5G\/4G\/3G\/2G, WiFi 2.4G\/5G, GPS L1 L2 L5, VHF\/LOJACK sowie RC 433 315<\/li><\/ol>\t\t\t\t<\/div>\n\t\t\t\t\t<\/div>\n\t\t\t\t\t\t<\/div>\n\t\t\t\t<\/div>\n\t\t\t\t\t<\/div>\n\t\t\t\t<\/div>\n\t\t\t\t<\/div>\n\t\t\n<table dir=\"ltr\" border=\"1\" cellspacing=\"0\" cellpadding=\"0\">\n<tbody>\n<tr>\n<td data-sheets-value=\"{\"><strong>Ausgangsleistung:<\/strong><\/td>\n<td data-sheets-value=\"{\">\n<div>\n<div>16W, 1W pro Band mit 2dBi Gewinn Rundstrahlantennen<\/div>\n<\/div>\n<\/td>\n<\/tr>\n<tr>\n<td data-sheets-value=\"{\"><strong>Reichweite:<\/strong><\/td>\n<td data-sheets-value=\"{\">Bis zu 25 Meter<\/td>\n<\/tr>\n<tr>\n<td data-sheets-value=\"{\"><strong>Stromversorgung:<\/strong><\/td>\n<td data-sheets-value=\"{\">AC110-240V auf DC12V<\/td>\n<\/tr>\n<tr>\n<td data-sheets-value=\"{\"><strong>K\u00fchlsystem:<\/strong><\/td>\n<td data-sheets-value=\"{\">\n<div>\n<div>Eingebaute 3 L\u00fcfter; K\u00fchlk\u00f6rper aus Aluminiumlegierung<\/div>\n<\/div>\n<\/td>\n<\/tr>\n<tr>\n<td data-sheets-value=\"{\"><strong>Batterie:<\/strong><\/td>\n<td data-sheets-value=\"{\">Eingebaute Batterie: 7.4V\/12000mAh<\/td>\n<\/tr>\n<tr>\n<td data-sheets-value=\"{\"><strong>Batterielaufzeit:<\/strong><\/td>\n<td data-sheets-value=\"{\">120 Minuten<\/td>\n<\/tr>\n<tr>\n<td data-sheets-value=\"{\"><strong>Produktma\u00dfe:<\/strong><\/td>\n<td data-sheets-value=\"{\">\n<div>\n<div>190x126x46 mm (ohne Antenne)<\/div>\n<\/div>\n<\/td>\n<\/tr>\n<tr>\n<td data-sheets-value=\"{\"><strong>Produktgewicht:<\/strong><\/td>\n<td data-sheets-value=\"{\">ungef\u00e4hr 2,0 Kg<\/td>\n<\/tr>\n<tr>\n<td data-sheets-value=\"{\"><strong>Lieferumfang:<\/strong><\/td>\n<td data-sheets-value=\"{\">\n<div>\n<div>Ger\u00e4t x 1, Netzladeger\u00e4t x 1, Rundstrahlantennen x 16, Autoladeger\u00e4t x 1, Nylonh\u00fclle x 1<\/div>\n<\/div>\n<\/td>\n<\/tr>\n<\/tbody>\n<\/table>\n<p>&nbsp;<\/p>\n\t\t\t<link rel=\"stylesheet\" id=\"elementor-post-17739-css\" href=\"https:\/\/hgjammer.com\/wp-content\/uploads\/elementor\/css\/post-17739.css?ver=1773719577\" type=\"text\/css\" media=\"all\">\n\t\t\t\t\t<div data-elementor-type=\"wp-post\" data-elementor-id=\"17739\" class=\"elementor elementor-17739 elementor-15953\" data-elementor-post-type=\"cms_block\">\n\t\t\t\t<div class=\"wd-negative-gap elementor-element elementor-element-ac26d9d e-flex e-con-boxed e-con e-parent\" data-id=\"ac26d9d\" data-element_type=\"container\">\n\t\t\t\t\t<div class=\"e-con-inner\">\n\t\t\t\t<div class=\"elementor-element elementor-element-a0941f7 wd-width-100 elementor-widget elementor-widget-wd_title\" data-id=\"a0941f7\" data-element_type=\"widget\" data-widget_type=\"wd_title.default\">\n\t\t\t\t<div class=\"elementor-widget-container\">\n\t\t\t\t\t\t\t<div class=\"title-wrapper wd-set-mb reset-last-child wd-title-color-default wd-title-style-default wd-title-size-default text-left\">\n\n\t\t\t\t\t\t\t\t\t\t\t<div class=\"title-subtitle subtitle-color-default subtitle-style-default wd-fontsize-xs\">\n\t\t\t\t\tAntenneninformationen\t\t\t\t<\/div>\n\t\t\t\n\t\t\t<div class=\"liner-continer\">\n\t\t\t\t<h3 class=\"woodmart-title-container title wd-fontsize-l\">Spezifikationen f\u00fcr die einzelnen Kan\u00e4le<\/h3> \n\t\t\t\t\t\t\t<\/div>\n\n\t\t\t\t\t\t\t<div class=\"title-after_title reset-last-child wd-fontsize-xs\">\n\t\t\t\t\t<p>Die angegebenen Spezifikationen f\u00fcr die einzelnen Kan\u00e4le basieren auf den USA als Referenz. Da verschiedene L\u00e4nder unterschiedliche Frequenzbereiche nutzen, werden wir den Frequenzbereich vor dem Versand entsprechend Ihrem Land anpassen, um die Effektivit\u00e4t unserer Produkte sicherzustellen. <\/p>\t\t\t\t<\/div>\n\t\t\t\t\t<\/div>\n\t\t\t\t\t\t<\/div>\n\t\t\t\t<\/div>\n\t\t\t\t\t<\/div>\n\t\t\t\t<\/div>\n\t\t\t\t<\/div>\n\t\t\n<p>&nbsp;<\/p>\n<table dir=\"ltr\" border=\"1\" cellspacing=\"0\" cellpadding=\"0\">\n<tbody>\n<tr>\n<td colspan=\"4\" rowspan=\"1\" data-sheets-value=\"{\">K404-A<\/td>\n<\/tr>\n<tr>\n<td data-sheets-value=\"{\">Kanal<\/td>\n<td data-sheets-value=\"{\">Ausgangsanschl\u00fcsse<\/td>\n<td data-sheets-value=\"{\">Frequenzbereiche<\/td>\n<td data-sheets-value=\"{\">\n<div>\n<div>Ausgangsleistung:<\/div>\n<\/div>\n<\/td>\n<\/tr>\n<tr>\n<td data-sheets-value=\"{\">Band 1<\/td>\n<td data-sheets-value=\"{\">VHF&amp;LOJACK<\/td>\n<td data-sheets-value=\"{\">135-175MHz<\/td>\n<td data-sheets-value=\"{\">\n<div>\n<div>30\u00b11dBm\/ 1\u00b10.2W<\/div>\n<\/div>\n<\/td>\n<\/tr>\n<tr>\n<td data-sheets-value=\"{\">Band 2<\/td>\n<td data-sheets-value=\"{\">4G700 or 800<\/td>\n<td data-sheets-value=\"{\">700-805 or 758-821MHz<\/td>\n<td data-sheets-value=\"{\">\n<div>\n<div>30\u00b11dBm\/ 1\u00b10.2W<\/div>\n<\/div>\n<\/td>\n<\/tr>\n<tr>\n<td data-sheets-value=\"{\">Band 3<\/td>\n<td data-sheets-value=\"{\">4G1700or GPSL3L4<\/td>\n<td data-sheets-value=\"{\">1710-1780 or 1370-1390MHz<\/td>\n<td data-sheets-value=\"{\">\n<div>\n<div>30\u00b11dBm\/ 1\u00b10.2W<\/div>\n<\/div>\n<\/td>\n<\/tr>\n<tr>\n<td data-sheets-value=\"{\">Band 4<\/td>\n<td data-sheets-value=\"{\">3G<\/td>\n<td data-sheets-value=\"{\">2110-2170MHZ<\/td>\n<td data-sheets-value=\"{\">\n<div>\n<div>30\u00b11dBm\/ 1\u00b10.2W<\/div>\n<\/div>\n<\/td>\n<\/tr>\n<tr>\n<td data-sheets-value=\"{\">Band 5<\/td>\n<td data-sheets-value=\"{\">WIFI5.2G<\/td>\n<td data-sheets-value=\"{\">5125-5350MHz<\/td>\n<td data-sheets-value=\"{\">\n<div>\n<div>30\u00b11dBm\/ 1\u00b10.2W<\/div>\n<\/div>\n<\/td>\n<\/tr>\n<tr>\n<td data-sheets-value=\"{\">Band 6<\/td>\n<td data-sheets-value=\"{\">GPSL2L5<\/td>\n<td data-sheets-value=\"{\">1170-1280MHz<\/td>\n<td data-sheets-value=\"{\">\n<div>\n<div>30\u00b11dBm\/ 1\u00b10.2W<\/div>\n<\/div>\n<\/td>\n<\/tr>\n<tr>\n<td data-sheets-value=\"{\">Band 7<\/td>\n<td data-sheets-value=\"{\">CDMA&amp;868<\/td>\n<td data-sheets-value=\"{\">850-894MHz<\/td>\n<td data-sheets-value=\"{\">\n<div>\n<div>30\u00b11dBm\/ 1\u00b10.2W<\/div>\n<\/div>\n<\/td>\n<\/tr>\n<tr>\n<td data-sheets-value=\"{\">Band 8<\/td>\n<td data-sheets-value=\"{\">4G2600 or 4G2300<\/td>\n<td data-sheets-value=\"{\">2500-2690 or 2300-2400MHZ<\/td>\n<td data-sheets-value=\"{\">\n<div>\n<div>30\u00b11dBm\/ 1\u00b10.2W<\/div>\n<\/div>\n<\/td>\n<\/tr>\n<tr>\n<td data-sheets-value=\"{\">Band 9<\/td>\n<td data-sheets-value=\"{\">RC315<\/td>\n<td data-sheets-value=\"{\">315MHz<\/td>\n<td data-sheets-value=\"{\">\n<div>\n<div>30\u00b11dBm\/ 1\u00b10.2W<\/div>\n<\/div>\n<\/td>\n<\/tr>\n<tr>\n<td data-sheets-value=\"{\">Band 10<\/td>\n<td data-sheets-value=\"{\">RC433<\/td>\n<td data-sheets-value=\"{\">433MHz<\/td>\n<td data-sheets-value=\"{\">\n<div>\n<div>30\u00b11dBm\/ 1\u00b10.2W<\/div>\n<\/div>\n<\/td>\n<\/tr>\n<tr>\n<td data-sheets-value=\"{\">Band 11<\/td>\n<td data-sheets-value=\"{\">UHF&amp;CDMA450<\/td>\n<td data-sheets-value=\"{\">400-470MHz<\/td>\n<td data-sheets-value=\"{\">\n<div>\n<div>30\u00b11dBm\/ 1\u00b10.2W<\/div>\n<\/div>\n<\/td>\n<\/tr>\n<tr>\n<td data-sheets-value=\"{\">Band 12<\/td>\n<td data-sheets-value=\"{\">GSM&amp;LORA<\/td>\n<td data-sheets-value=\"{\">925-960MHz<\/td>\n<td data-sheets-value=\"{\">\n<div>\n<div>30\u00b11dBm\/ 1\u00b10.2W<\/div>\n<\/div>\n<\/td>\n<\/tr>\n<tr>\n<td data-sheets-value=\"{\">Band 13<\/td>\n<td data-sheets-value=\"{\">GPSL1<\/td>\n<td data-sheets-value=\"{\">1570-1580MHz<\/td>\n<td data-sheets-value=\"{\">\n<div>\n<div>30\u00b11dBm\/ 1\u00b10.2W<\/div>\n<\/div>\n<\/td>\n<\/tr>\n<tr>\n<td data-sheets-value=\"{\">Band 14<\/td>\n<td data-sheets-value=\"{\">WIFI2.4G<\/td>\n<td data-sheets-value=\"{\">2400-2500MHz<\/td>\n<td data-sheets-value=\"{\">\n<div>\n<div>30\u00b11dBm\/ 1\u00b10.2W<\/div>\n<\/div>\n<\/td>\n<\/tr>\n<tr>\n<td data-sheets-value=\"{\">Band 15<\/td>\n<td data-sheets-value=\"{\">DCS\/PCS<\/td>\n<td data-sheets-value=\"{\">1805-1880\/1920-1990MHz<\/td>\n<td data-sheets-value=\"{\">\n<div>\n<div>30\u00b11dBm\/ 1\u00b10.2W<\/div>\n<\/div>\n<\/td>\n<\/tr>\n<tr>\n<td data-sheets-value=\"{\">Band 16<\/td>\n<td data-sheets-value=\"{\">WIFI5.8G<\/td>\n<td data-sheets-value=\"{\">5725-5850MHz<\/td>\n<td data-sheets-value=\"{\">\n<div>\n<div>30\u00b11dBm\/ 1\u00b10.2W<\/div>\n<\/div>\n<\/td>\n<\/tr>\n<tr>\n<td colspan=\"4\" rowspan=\"1\" data-sheets-value=\"{\">K404-B<\/td>\n<\/tr>\n<tr>\n<td data-sheets-value=\"{\">Kanal<\/td>\n<td data-sheets-value=\"{\">Ausgangsanschl\u00fcsse<\/td>\n<td data-sheets-value=\"{\">Frequenzbereiche<\/td>\n<td data-sheets-value=\"{\">\n<div>\n<div>Ausgangsleistung:<\/div>\n<\/div>\n<\/td>\n<\/tr>\n<tr>\n<td data-sheets-value=\"{\">Band 1<\/td>\n<td data-sheets-value=\"{\">VHF&amp;LOJACK<\/td>\n<td data-sheets-value=\"{\">135-175MHz<\/td>\n<td data-sheets-value=\"{\">\n<div>\n<div>30\u00b11dBm\/ 1\u00b10.2W<\/div>\n<\/div>\n<\/td>\n<\/tr>\n<tr>\n<td data-sheets-value=\"{\">Band 2<\/td>\n<td data-sheets-value=\"{\">4G700<\/td>\n<td data-sheets-value=\"{\">700-803MHz<\/td>\n<td data-sheets-value=\"{\">\n<div>\n<div>30\u00b11dBm\/ 1\u00b10.2W<\/div>\n<\/div>\n<\/td>\n<\/tr>\n<tr>\n<td data-sheets-value=\"{\">Band 3<\/td>\n<td data-sheets-value=\"{\">5G600<\/td>\n<td data-sheets-value=\"{\">617-685MHz<\/td>\n<td data-sheets-value=\"{\">\n<div>\n<div>30\u00b11dBm\/ 1\u00b10.2W<\/div>\n<\/div>\n<\/td>\n<\/tr>\n<tr>\n<td data-sheets-value=\"{\">Band 4<\/td>\n<td data-sheets-value=\"{\">3G<\/td>\n<td data-sheets-value=\"{\">2110-2170MHZ<\/td>\n<td data-sheets-value=\"{\">\n<div>\n<div>30\u00b11dBm\/ 1\u00b10.2W<\/div>\n<\/div>\n<\/td>\n<\/tr>\n<tr>\n<td data-sheets-value=\"{\">Band 5<\/td>\n<td data-sheets-value=\"{\">WIFI5.2G<\/td>\n<td data-sheets-value=\"{\">5125-5350MHz<\/td>\n<td data-sheets-value=\"{\">\n<div>\n<div>30\u00b11dBm\/ 1\u00b10.2W<\/div>\n<\/div>\n<\/td>\n<\/tr>\n<tr>\n<td data-sheets-value=\"{\">Band 6<\/td>\n<td data-sheets-value=\"{\">4G1700<\/td>\n<td data-sheets-value=\"{\">1710-1780MHz<\/td>\n<td data-sheets-value=\"{\">\n<div>\n<div>30\u00b11dBm\/ 1\u00b10.2W<\/div>\n<\/div>\n<\/td>\n<\/tr>\n<tr>\n<td data-sheets-value=\"{\">Band 7<\/td>\n<td data-sheets-value=\"{\">CDMA<\/td>\n<td data-sheets-value=\"{\">850-894MHz<\/td>\n<td data-sheets-value=\"{\">\n<div>\n<div>30\u00b11dBm\/ 1\u00b10.2W<\/div>\n<\/div>\n<\/td>\n<\/tr>\n<tr>\n<td data-sheets-value=\"{\">Band 8<\/td>\n<td data-sheets-value=\"{\">4G2600<\/td>\n<td data-sheets-value=\"{\">2500-2690MHZ<\/td>\n<td data-sheets-value=\"{\">\n<div>\n<div>30\u00b11dBm\/ 1\u00b10.2W<\/div>\n<\/div>\n<\/td>\n<\/tr>\n<tr>\n<td data-sheets-value=\"{\">Band 9<\/td>\n<td data-sheets-value=\"{\">RC315<\/td>\n<td data-sheets-value=\"{\">315MHz<\/td>\n<td data-sheets-value=\"{\">\n<div>\n<div>30\u00b11dBm\/ 1\u00b10.2W<\/div>\n<\/div>\n<\/td>\n<\/tr>\n<tr>\n<td data-sheets-value=\"{\">Band 10<\/td>\n<td data-sheets-value=\"{\">RC433<\/td>\n<td data-sheets-value=\"{\">433MHz<\/td>\n<td data-sheets-value=\"{\">\n<div>\n<div>30\u00b11dBm\/ 1\u00b10.2W<\/div>\n<\/div>\n<\/td>\n<\/tr>\n<tr>\n<td data-sheets-value=\"{\">Band 11<\/td>\n<td data-sheets-value=\"{\">5G3600<\/td>\n<td data-sheets-value=\"{\">3600-3900MHz<\/td>\n<td data-sheets-value=\"{\">\n<div>\n<div>30\u00b11dBm\/ 1\u00b10.2W<\/div>\n<\/div>\n<\/td>\n<\/tr>\n<tr>\n<td data-sheets-value=\"{\">Band 12<\/td>\n<td data-sheets-value=\"{\">5G3400<\/td>\n<td data-sheets-value=\"{\">3400-3600MHz<\/td>\n<td data-sheets-value=\"{\">\n<div>\n<div>30\u00b11dBm\/ 1\u00b10.2W<\/div>\n<\/div>\n<\/td>\n<\/tr>\n<tr>\n<td data-sheets-value=\"{\">Band 13<\/td>\n<td data-sheets-value=\"{\">GPSL1<\/td>\n<td data-sheets-value=\"{\">1570-1580MHz<\/td>\n<td data-sheets-value=\"{\">\n<div>\n<div>30\u00b11dBm\/ 1\u00b10.2W<\/div>\n<\/div>\n<\/td>\n<\/tr>\n<tr>\n<td data-sheets-value=\"{\">Band 14<\/td>\n<td data-sheets-value=\"{\">WIFI2.4G\/4G2300<\/td>\n<td data-sheets-value=\"{\">2345-2500MHz<\/td>\n<td data-sheets-value=\"{\">\n<div>\n<div>30\u00b11dBm\/ 1\u00b10.2W<\/div>\n<\/div>\n<\/td>\n<\/tr>\n<tr>\n<td data-sheets-value=\"{\">Band 15<\/td>\n<td data-sheets-value=\"{\">PCS<\/td>\n<td data-sheets-value=\"{\">1920-1990MHz<\/td>\n<td data-sheets-value=\"{\">\n<div>\n<div>30\u00b11dBm\/ 1\u00b10.2W<\/div>\n<\/div>\n<\/td>\n<\/tr>\n<tr>\n<td data-sheets-value=\"{\">Band 16<\/td>\n<td data-sheets-value=\"{\">WIFI5.8G<\/td>\n<td data-sheets-value=\"{\">5725-5850MHz<\/td>\n<td data-sheets-value=\"{\">\n<div>\n<div>30\u00b11dBm\/ 1\u00b10.2W<\/div>\n<\/div>\n<\/td>\n<\/tr>\n<\/tbody>\n<\/table>\n","protected":false},"excerpt":{"rendered":"<p>Ausgangsleistung: 16W, 1W pro Band mit 2dBi Gewinn Rundstrahlantennen Reichweite: Bis zu 25 Meter Stromversorgung: AC110-240V auf DC12V K\u00fchlsystem: Eingebaute<\/p>\n","protected":false},"featured_media":17357,"comment_status":"closed","ping_status":"closed","template":"","meta":{"_acf_changed":false},"product_brand":[],"product_cat":[150,148,146,147,149],"product_tag":[],"class_list":{"0":"post-17656","1":"product","2":"type-product","3":"status-publish","4":"has-post-thumbnail","6":"product_cat-drohne-stoersender","7":"product_cat-gps-stoersender","8":"product_cat-handy-stoersender","9":"product_cat-stoersender","10":"product_cat-stoersender-wlan","11":"pa_channel-16-kanal","12":"pa_output-power-16w-de","13":"pa_range-25-meter","14":"pa_type-2-handheld-stoersender","16":"first","17":"instock","18":"purchasable","19":"product-type-variable"},"acf":[],"_links":{"self":[{"href":"https:\/\/hgjammer.com\/de\/wp-json\/wp\/v2\/product\/17656","targetHints":{"allow":["GET"]}}],"collection":[{"href":"https:\/\/hgjammer.com\/de\/wp-json\/wp\/v2\/product"}],"about":[{"href":"https:\/\/hgjammer.com\/de\/wp-json\/wp\/v2\/types\/product"}],"replies":[{"embeddable":true,"href":"https:\/\/hgjammer.com\/de\/wp-json\/wp\/v2\/comments?post=17656"}],"version-history":[{"count":1,"href":"https:\/\/hgjammer.com\/de\/wp-json\/wp\/v2\/product\/17656\/revisions"}],"predecessor-version":[{"id":17821,"href":"https:\/\/hgjammer.com\/de\/wp-json\/wp\/v2\/product\/17656\/revisions\/17821"}],"wp:featuredmedia":[{"embeddable":true,"href":"https:\/\/hgjammer.com\/de\/wp-json\/wp\/v2\/media\/17357"}],"wp:attachment":[{"href":"https:\/\/hgjammer.com\/de\/wp-json\/wp\/v2\/media?parent=17656"}],"wp:term":[{"taxonomy":"product_brand","embeddable":true,"href":"https:\/\/hgjammer.com\/de\/wp-json\/wp\/v2\/product_brand?post=17656"},{"taxonomy":"product_cat","embeddable":true,"href":"https:\/\/hgjammer.com\/de\/wp-json\/wp\/v2\/product_cat?post=17656"},{"taxonomy":"product_tag","embeddable":true,"href":"https:\/\/hgjammer.com\/de\/wp-json\/wp\/v2\/product_tag?post=17656"}],"curies":[{"name":"wp","href":"https:\/\/api.w.org\/{rel}","templated":true}]}}