{"id":17667,"date":"2024-03-30T18:44:17","date_gmt":"2024-03-30T18:44:17","guid":{"rendered":"https:\/\/hgjammer.com\/?post_type=product&#038;p=17667"},"modified":"2024-07-28T14:27:00","modified_gmt":"2024-07-28T14:27:00","slug":"k305","status":"publish","type":"product","link":"https:\/\/hgjammer.com\/de\/produkt\/k305\/","title":{"rendered":"K305 16-Kanal St\u00f6rsender (80 Meter)"},"content":{"rendered":"\t\t\t<link rel=\"stylesheet\" id=\"elementor-post-17781-css\" href=\"https:\/\/hgjammer.com\/wp-content\/uploads\/elementor\/css\/post-17781.css?ver=1773765116\" type=\"text\/css\" media=\"all\">\n\t\t\t\t\t<div data-elementor-type=\"wp-post\" data-elementor-id=\"17781\" class=\"elementor elementor-17781 elementor-15985\" data-elementor-post-type=\"cms_block\">\n\t\t\t\t<div class=\"wd-negative-gap elementor-element elementor-element-eede9eb e-flex e-con-boxed e-con e-parent\" data-id=\"eede9eb\" data-element_type=\"container\" data-settings=\"{&quot;background_background&quot;:&quot;classic&quot;}\">\n\t\t\t\t\t<div class=\"e-con-inner\">\n\t\t\t\t<div class=\"elementor-element elementor-element-ac79d27 wd-width-100 elementor-widget elementor-widget-wd_title\" data-id=\"ac79d27\" data-element_type=\"widget\" data-widget_type=\"wd_title.default\">\n\t\t\t\t<div class=\"elementor-widget-container\">\n\t\t\t\t\t\t\t<div class=\"title-wrapper wd-set-mb reset-last-child wd-title-color-default wd-title-style-default wd-title-size-default text-left\">\n\n\t\t\t\n\t\t\t<div class=\"liner-continer\">\n\t\t\t\t<h3 class=\"woodmart-title-container title wd-fontsize-l\">Optionen<\/h3> \n\t\t\t\t\t\t\t<\/div>\n\n\t\t\t\t\t\t\t<div class=\"title-after_title reset-last-child wd-fontsize-xs\">\n\t\t\t\t\t<p>Das K305-Modell bietet Ihnen zwei verschiedene Optionen, die jeweils \u00fcber unterschiedliche Funktionen verf\u00fcgen. Bitte w\u00e4hlen Sie sorgf\u00e4ltig entsprechend Ihren Bed\u00fcrfnissen. <\/p><ol><li><strong>K305-A<\/strong>: Mobiltelefon mit 4G\/3G\/2G, WiFi 2.4G, WiFi 5G, GPS L1 bis L5, LORA, LOJACK\/UHF\/VHF sowie RC433\/315<\/li><li><strong>K305-B<\/strong>: Mobiltelefon mit 5G\/4G\/3G\/2G, WiFi 2.4G, WiFi 5G, GPS L1\/L2\/L3\/L4\/L5, LORA und LOJACK\/UHF\/VHF<\/li><\/ol>\t\t\t\t<\/div>\n\t\t\t\t\t<\/div>\n\t\t\t\t\t\t<\/div>\n\t\t\t\t<\/div>\n\t\t\t\t\t<\/div>\n\t\t\t\t<\/div>\n\t\t\t\t<\/div>\n\t\t\n<table dir=\"ltr\" border=\"1\" cellspacing=\"0\" cellpadding=\"0\">\n<tbody>\n<tr>\n<td data-sheets-value=\"{\"><strong>Ausgangsleistung:<\/strong><\/td>\n<td data-sheets-value=\"{\">Gesamt 110W, 2-10W pro Band<\/td>\n<\/tr>\n<tr>\n<td data-sheets-value=\"{\"><strong>Reichweite:<\/strong><\/td>\n<td data-sheets-value=\"{\">Bis zu 80 Meter<\/td>\n<\/tr>\n<tr>\n<td data-sheets-value=\"{\"><strong>Stromversorgung:<\/strong><\/td>\n<td data-sheets-value=\"{\">AC110-240V auf DC24V<\/td>\n<\/tr>\n<tr>\n<td data-sheets-value=\"{\"><strong>K\u00fchlsystem:<\/strong><\/td>\n<td data-sheets-value=\"{\">\n<div>\n<div>Eingebaute 7 L\u00fcfter; K\u00fchlk\u00f6rper aus Aluminiumlegierung<\/div>\n<\/div>\n<\/td>\n<\/tr>\n<tr>\n<td data-sheets-value=\"{\"><strong>Batterie:<\/strong><\/td>\n<td data-sheets-value=\"{\">7.4V\/10000mAh<\/td>\n<\/tr>\n<tr>\n<td data-sheets-value=\"{\"><strong>Batterielaufzeit:<\/strong><\/td>\n<td data-sheets-value=\"{\">120 Minuten<\/td>\n<\/tr>\n<tr>\n<td data-sheets-value=\"{\"><strong>Produktma\u00dfe:<\/strong><\/td>\n<td data-sheets-value=\"{\">\n<div>\n<div>410x310x 91 mm (ohne Antenne)<\/div>\n<\/div>\n<\/td>\n<\/tr>\n<tr>\n<td data-sheets-value=\"{\"><strong>Produktgewicht:<\/strong><\/td>\n<td data-sheets-value=\"{\">ungef\u00e4hr 10 Kg<\/td>\n<\/tr>\n<tr>\n<td data-sheets-value=\"{\"><strong>Lieferumfang:<\/strong><\/td>\n<td data-sheets-value=\"{\">\n<div>\n<div>St\u00f6rsender x 1, Netzstecker x 1, Antennen x 16<\/div>\n<\/div>\n<\/td>\n<\/tr>\n<\/tbody>\n<\/table>\n<p>&nbsp;<\/p>\n\t\t\t<link rel=\"stylesheet\" id=\"elementor-post-17739-css\" href=\"https:\/\/hgjammer.com\/wp-content\/uploads\/elementor\/css\/post-17739.css?ver=1773719577\" type=\"text\/css\" media=\"all\">\n\t\t\t\t\t<div data-elementor-type=\"wp-post\" data-elementor-id=\"17739\" class=\"elementor elementor-17739 elementor-15953\" data-elementor-post-type=\"cms_block\">\n\t\t\t\t<div class=\"wd-negative-gap elementor-element elementor-element-ac26d9d e-flex e-con-boxed e-con e-parent\" data-id=\"ac26d9d\" data-element_type=\"container\">\n\t\t\t\t\t<div class=\"e-con-inner\">\n\t\t\t\t<div class=\"elementor-element elementor-element-a0941f7 wd-width-100 elementor-widget elementor-widget-wd_title\" data-id=\"a0941f7\" data-element_type=\"widget\" data-widget_type=\"wd_title.default\">\n\t\t\t\t<div class=\"elementor-widget-container\">\n\t\t\t\t\t\t\t<div class=\"title-wrapper wd-set-mb reset-last-child wd-title-color-default wd-title-style-default wd-title-size-default text-left\">\n\n\t\t\t\t\t\t\t\t\t\t\t<div class=\"title-subtitle subtitle-color-default subtitle-style-default wd-fontsize-xs\">\n\t\t\t\t\tAntenneninformationen\t\t\t\t<\/div>\n\t\t\t\n\t\t\t<div class=\"liner-continer\">\n\t\t\t\t<h3 class=\"woodmart-title-container title wd-fontsize-l\">Spezifikationen f\u00fcr die einzelnen Kan\u00e4le<\/h3> \n\t\t\t\t\t\t\t<\/div>\n\n\t\t\t\t\t\t\t<div class=\"title-after_title reset-last-child wd-fontsize-xs\">\n\t\t\t\t\t<p>Die angegebenen Spezifikationen f\u00fcr die einzelnen Kan\u00e4le basieren auf den USA als Referenz. Da verschiedene L\u00e4nder unterschiedliche Frequenzbereiche nutzen, werden wir den Frequenzbereich vor dem Versand entsprechend Ihrem Land anpassen, um die Effektivit\u00e4t unserer Produkte sicherzustellen. <\/p>\t\t\t\t<\/div>\n\t\t\t\t\t<\/div>\n\t\t\t\t\t\t<\/div>\n\t\t\t\t<\/div>\n\t\t\t\t\t<\/div>\n\t\t\t\t<\/div>\n\t\t\t\t<\/div>\n\t\t\n<p>&nbsp;<\/p>\n<table dir=\"ltr\" border=\"1\" cellspacing=\"0\" cellpadding=\"0\">\n<colgroup>\n<col width=\"100\" \/>\n<col width=\"100\" \/>\n<col width=\"100\" \/>\n<col width=\"100\" \/><\/colgroup>\n<tbody>\n<tr>\n<td colspan=\"4\" rowspan=\"1\" data-sheets-value=\"{\">K305-A<\/td>\n<\/tr>\n<tr>\n<td data-sheets-value=\"{\">Kanal<\/td>\n<td data-sheets-value=\"{\">Ausgangsanschl\u00fcsse<\/td>\n<td data-sheets-value=\"{\">Frequenzbereiche<\/td>\n<td data-sheets-value=\"{\">\n<div>\n<div>Ausgangsleistung:<\/div>\n<\/div>\n<\/td>\n<\/tr>\n<tr>\n<td data-sheets-value=\"{\">1<\/td>\n<td data-sheets-value=\"{\">CDMA&amp;868<\/td>\n<td data-sheets-value=\"{\">851-894MHz<\/td>\n<td data-sheets-value=\"{\">10W<\/td>\n<\/tr>\n<tr>\n<td data-sheets-value=\"{\">2<\/td>\n<td data-sheets-value=\"{\">GSM900<\/td>\n<td data-sheets-value=\"{\">925-960MHz<\/td>\n<td data-sheets-value=\"{\">10W<\/td>\n<\/tr>\n<tr>\n<td data-sheets-value=\"{\">3<\/td>\n<td data-sheets-value=\"{\">DCS\/PCS<\/td>\n<td data-sheets-value=\"{\">1805-1880\/1920-1990MHz<\/td>\n<td data-sheets-value=\"{\">8W<\/td>\n<\/tr>\n<tr>\n<td data-sheets-value=\"{\">4<\/td>\n<td data-sheets-value=\"{\">3G<\/td>\n<td data-sheets-value=\"{\">2110-2180MHz<\/td>\n<td data-sheets-value=\"{\">8W<\/td>\n<\/tr>\n<tr>\n<td data-sheets-value=\"{\">5<\/td>\n<td data-sheets-value=\"{\">4GLTE Low<\/td>\n<td data-sheets-value=\"{\">698-803\/758-821MHz<\/td>\n<td data-sheets-value=\"{\">10W<\/td>\n<\/tr>\n<tr>\n<td data-sheets-value=\"{\">6<\/td>\n<td data-sheets-value=\"{\">4GLTE High<\/td>\n<td data-sheets-value=\"{\">2496-2690\/2570-2690MHz<\/td>\n<td data-sheets-value=\"{\">8W<\/td>\n<\/tr>\n<tr>\n<td data-sheets-value=\"{\">7<\/td>\n<td data-sheets-value=\"{\">WIFI2.4G\/4G2300<\/td>\n<td data-sheets-value=\"{\">2400-2485\/2300-2485MHz<\/td>\n<td data-sheets-value=\"{\">8W<\/td>\n<\/tr>\n<tr>\n<td data-sheets-value=\"{\">8<\/td>\n<td data-sheets-value=\"{\">4G1700<\/td>\n<td data-sheets-value=\"{\">1710-1780MHz<\/td>\n<td data-sheets-value=\"{\">8W<\/td>\n<\/tr>\n<tr>\n<td data-sheets-value=\"{\">9<\/td>\n<td data-sheets-value=\"{\">WIFI5.8G<\/td>\n<td data-sheets-value=\"{\">5500-5900MHz<\/td>\n<td data-sheets-value=\"{\">2W<\/td>\n<\/tr>\n<tr>\n<td data-sheets-value=\"{\">10<\/td>\n<td data-sheets-value=\"{\">WIFI5.2G<\/td>\n<td data-sheets-value=\"{\">5100-5500MHz<\/td>\n<td data-sheets-value=\"{\">2W<\/td>\n<\/tr>\n<tr>\n<td data-sheets-value=\"{\">11<\/td>\n<td data-sheets-value=\"{\">GPS&amp;Glonass L1<\/td>\n<td data-sheets-value=\"{\">1560-1610MHz<\/td>\n<td data-sheets-value=\"{\">5W<\/td>\n<\/tr>\n<tr>\n<td data-sheets-value=\"{\">12<\/td>\n<td data-sheets-value=\"{\">GPSL2L3L4L5<\/td>\n<td data-sheets-value=\"{\">1170-1390MHz<\/td>\n<td data-sheets-value=\"{\">5W<\/td>\n<\/tr>\n<tr>\n<td data-sheets-value=\"{\">13<\/td>\n<td data-sheets-value=\"{\">LORA<\/td>\n<td data-sheets-value=\"{\">900-960MHz<\/td>\n<td data-sheets-value=\"{\">10W<\/td>\n<\/tr>\n<tr>\n<td data-sheets-value=\"{\">14<\/td>\n<td data-sheets-value=\"{\">VHF&amp;LOJACK<\/td>\n<td data-sheets-value=\"{\">135-175MHz<\/td>\n<td data-sheets-value=\"{\">5W<\/td>\n<\/tr>\n<tr>\n<td data-sheets-value=\"{\">15<\/td>\n<td data-sheets-value=\"{\">RC315<\/td>\n<td data-sheets-value=\"{\">315MHZ<\/td>\n<td data-sheets-value=\"{\">5W<\/td>\n<\/tr>\n<tr>\n<td data-sheets-value=\"{\">16<\/td>\n<td data-sheets-value=\"{\">UHF&amp;RC433<\/td>\n<td data-sheets-value=\"{\">400-470Mhz<\/td>\n<td data-sheets-value=\"{\">5W<\/td>\n<\/tr>\n<tr>\n<td colspan=\"4\" rowspan=\"1\" data-sheets-value=\"{\">K305-B<\/td>\n<\/tr>\n<tr>\n<td data-sheets-value=\"{\">Kanal<\/td>\n<td data-sheets-value=\"{\">Ausgangsanschl\u00fcsse<\/td>\n<td data-sheets-value=\"{\">Frequenzbereiche<\/td>\n<td data-sheets-value=\"{\">Ausgangsleistung:<\/td>\n<\/tr>\n<tr>\n<td data-sheets-value=\"{\">1<\/td>\n<td data-sheets-value=\"{\">CDMA&amp;868<\/td>\n<td data-sheets-value=\"{\">851-894MHz<\/td>\n<td data-sheets-value=\"{\">10W<\/td>\n<\/tr>\n<tr>\n<td data-sheets-value=\"{\">2<\/td>\n<td data-sheets-value=\"{\">GSM&amp;LORA<\/td>\n<td data-sheets-value=\"{\">900-960MHz<\/td>\n<td data-sheets-value=\"{\">10W<\/td>\n<\/tr>\n<tr>\n<td data-sheets-value=\"{\">3<\/td>\n<td data-sheets-value=\"{\">PCS<\/td>\n<td data-sheets-value=\"{\">1930-2000MHz<\/td>\n<td data-sheets-value=\"{\">8W<\/td>\n<\/tr>\n<tr>\n<td data-sheets-value=\"{\">4<\/td>\n<td data-sheets-value=\"{\">3G<\/td>\n<td data-sheets-value=\"{\">2110-2180MHz<\/td>\n<td data-sheets-value=\"{\">8W<\/td>\n<\/tr>\n<tr>\n<td data-sheets-value=\"{\">5<\/td>\n<td data-sheets-value=\"{\">4GLTE Low<\/td>\n<td data-sheets-value=\"{\">700-803MHz<\/td>\n<td data-sheets-value=\"{\">10W<\/td>\n<\/tr>\n<tr>\n<td data-sheets-value=\"{\">6<\/td>\n<td data-sheets-value=\"{\">4GLTE High<\/td>\n<td data-sheets-value=\"{\">2500-2690MHz<\/td>\n<td data-sheets-value=\"{\">8W<\/td>\n<\/tr>\n<tr>\n<td data-sheets-value=\"{\">7<\/td>\n<td data-sheets-value=\"{\">WIFI2.4G\/4G2300<\/td>\n<td data-sheets-value=\"{\">2400-2485\/2300-2485MHz<\/td>\n<td data-sheets-value=\"{\">8W<\/td>\n<\/tr>\n<tr>\n<td data-sheets-value=\"{\">8<\/td>\n<td data-sheets-value=\"{\">5G600<\/td>\n<td data-sheets-value=\"{\">617-685MHz<\/td>\n<td data-sheets-value=\"{\">10W<\/td>\n<\/tr>\n<tr>\n<td data-sheets-value=\"{\">9<\/td>\n<td data-sheets-value=\"{\">WIFI5.8G<\/td>\n<td data-sheets-value=\"{\">5500-5900MHz<\/td>\n<td data-sheets-value=\"{\">2W<\/td>\n<\/tr>\n<tr>\n<td data-sheets-value=\"{\">10<\/td>\n<td data-sheets-value=\"{\">WIFI5.2G<\/td>\n<td data-sheets-value=\"{\">5100-5500MHz<\/td>\n<td data-sheets-value=\"{\">2W<\/td>\n<\/tr>\n<tr>\n<td data-sheets-value=\"{\">11<\/td>\n<td data-sheets-value=\"{\">GPS&amp;Glonass L1<\/td>\n<td data-sheets-value=\"{\">1560-1610MHz<\/td>\n<td data-sheets-value=\"{\">5W<\/td>\n<\/tr>\n<tr>\n<td data-sheets-value=\"{\">12<\/td>\n<td data-sheets-value=\"{\">GPSL2L3L4L5<\/td>\n<td data-sheets-value=\"{\">1170-1390MHz<\/td>\n<td data-sheets-value=\"{\">5W<\/td>\n<\/tr>\n<tr>\n<td data-sheets-value=\"{\">13<\/td>\n<td data-sheets-value=\"{\">5G3500<\/td>\n<td data-sheets-value=\"{\">3400-3800MHz<\/td>\n<td data-sheets-value=\"{\">5W<\/td>\n<\/tr>\n<tr>\n<td data-sheets-value=\"{\">14<\/td>\n<td data-sheets-value=\"{\">VHF&amp;LOJACK<\/td>\n<td data-sheets-value=\"{\">135-175MHz<\/td>\n<td data-sheets-value=\"{\">5W<\/td>\n<\/tr>\n<tr>\n<td data-sheets-value=\"{\">15<\/td>\n<td data-sheets-value=\"{\">RC315<\/td>\n<td data-sheets-value=\"{\">315MHZ<\/td>\n<td data-sheets-value=\"{\">5W<\/td>\n<\/tr>\n<tr>\n<td data-sheets-value=\"{\">16<\/td>\n<td data-sheets-value=\"{\">UHF&amp;RC433<\/td>\n<td data-sheets-value=\"{\">400-470Mhz<\/td>\n<td data-sheets-value=\"{\">5W<\/td>\n<\/tr>\n<\/tbody>\n<\/table>\n","protected":false},"excerpt":{"rendered":"<p>Ausgangsleistung: Gesamt 110W, 2-10W pro Band Reichweite: Bis zu 80 Meter Stromversorgung: AC110-240V auf DC24V K\u00fchlsystem: Eingebaute 7 L\u00fcfter; K\u00fchlk\u00f6rper<\/p>\n","protected":false},"featured_media":17332,"comment_status":"closed","ping_status":"closed","template":"","meta":{"_acf_changed":false},"product_brand":[],"product_cat":[150,148,146,147,149],"product_tag":[],"class_list":{"0":"post-17667","1":"product","2":"type-product","3":"status-publish","4":"has-post-thumbnail","6":"product_cat-drohne-stoersender","7":"product_cat-gps-stoersender","8":"product_cat-handy-stoersender","9":"product_cat-stoersender","10":"product_cat-stoersender-wlan","11":"pa_channel-16-kanal","12":"pa_output-power-110w-de","13":"pa_range-80-meter","14":"pa_type-2-desktop-stoersender","16":"first","17":"instock","18":"purchasable","19":"product-type-variable"},"acf":[],"_links":{"self":[{"href":"https:\/\/hgjammer.com\/de\/wp-json\/wp\/v2\/product\/17667","targetHints":{"allow":["GET"]}}],"collection":[{"href":"https:\/\/hgjammer.com\/de\/wp-json\/wp\/v2\/product"}],"about":[{"href":"https:\/\/hgjammer.com\/de\/wp-json\/wp\/v2\/types\/product"}],"replies":[{"embeddable":true,"href":"https:\/\/hgjammer.com\/de\/wp-json\/wp\/v2\/comments?post=17667"}],"version-history":[{"count":1,"href":"https:\/\/hgjammer.com\/de\/wp-json\/wp\/v2\/product\/17667\/revisions"}],"predecessor-version":[{"id":17828,"href":"https:\/\/hgjammer.com\/de\/wp-json\/wp\/v2\/product\/17667\/revisions\/17828"}],"wp:featuredmedia":[{"embeddable":true,"href":"https:\/\/hgjammer.com\/de\/wp-json\/wp\/v2\/media\/17332"}],"wp:attachment":[{"href":"https:\/\/hgjammer.com\/de\/wp-json\/wp\/v2\/media?parent=17667"}],"wp:term":[{"taxonomy":"product_brand","embeddable":true,"href":"https:\/\/hgjammer.com\/de\/wp-json\/wp\/v2\/product_brand?post=17667"},{"taxonomy":"product_cat","embeddable":true,"href":"https:\/\/hgjammer.com\/de\/wp-json\/wp\/v2\/product_cat?post=17667"},{"taxonomy":"product_tag","embeddable":true,"href":"https:\/\/hgjammer.com\/de\/wp-json\/wp\/v2\/product_tag?post=17667"}],"curies":[{"name":"wp","href":"https:\/\/api.w.org\/{rel}","templated":true}]}}