{"id":17670,"date":"2024-03-30T18:44:17","date_gmt":"2024-03-30T18:44:17","guid":{"rendered":"https:\/\/hgjammer.com\/?post_type=product&#038;p=17670"},"modified":"2024-07-28T14:27:56","modified_gmt":"2024-07-28T14:27:56","slug":"k304","status":"publish","type":"product","link":"https:\/\/hgjammer.com\/de\/produkt\/k304\/","title":{"rendered":"K304 12-Kanal St\u00f6rsender (80 Meter)"},"content":{"rendered":"\t\t\t<link rel=\"stylesheet\" id=\"elementor-post-17779-css\" href=\"https:\/\/hgjammer.com\/wp-content\/uploads\/elementor\/css\/post-17779.css?ver=1773753974\" type=\"text\/css\" media=\"all\">\n\t\t\t\t\t<div data-elementor-type=\"wp-post\" data-elementor-id=\"17779\" class=\"elementor elementor-17779 elementor-15975\" data-elementor-post-type=\"cms_block\">\n\t\t\t\t<div class=\"wd-negative-gap elementor-element elementor-element-eede9eb e-flex e-con-boxed e-con e-parent\" data-id=\"eede9eb\" data-element_type=\"container\" data-settings=\"{&quot;background_background&quot;:&quot;classic&quot;}\">\n\t\t\t\t\t<div class=\"e-con-inner\">\n\t\t\t\t<div class=\"elementor-element elementor-element-ac79d27 wd-width-100 elementor-widget elementor-widget-wd_title\" data-id=\"ac79d27\" data-element_type=\"widget\" data-widget_type=\"wd_title.default\">\n\t\t\t\t<div class=\"elementor-widget-container\">\n\t\t\t\t\t\t\t<div class=\"title-wrapper wd-set-mb reset-last-child wd-title-color-default wd-title-style-default wd-title-size-default text-left\">\n\n\t\t\t\n\t\t\t<div class=\"liner-continer\">\n\t\t\t\t<h3 class=\"woodmart-title-container title wd-fontsize-l\">Optionen<\/h3> \n\t\t\t\t\t\t\t<\/div>\n\n\t\t\t\t\t\t\t<div class=\"title-after_title reset-last-child wd-fontsize-xs\">\n\t\t\t\t\t<p>Das K304-Modell bietet Ihnen drei verschiedene Optionen, die jeweils \u00fcber unterschiedliche Funktionen verf\u00fcgen. Bitte w\u00e4hlen Sie sorgf\u00e4ltig entsprechend Ihren Bed\u00fcrfnissen. <\/p><ol><li><strong>K304-A<\/strong>: Mobiltelefon mit 2G\/3G\/4G\/5G, WiFi 2.4, GPS L1, LOJACK, VHF und UHF<\/li><li><strong>K304-B<\/strong>: Mobiltelefon mit 2G\/3G\/4G, WiFi 2.4GHz, GPS L1-L5 sowie RC433\/315<\/li><li><strong>K304-5G<\/strong>: Mobiltelefon mit 2G\/3G\/4G\/5G und WiFi 2.4\/5G<\/li><\/ol>\t\t\t\t<\/div>\n\t\t\t\t\t<\/div>\n\t\t\t\t\t\t<\/div>\n\t\t\t\t<\/div>\n\t\t\t\t\t<\/div>\n\t\t\t\t<\/div>\n\t\t\t\t<\/div>\n\t\t\n<table dir=\"ltr\" border=\"1\" cellspacing=\"0\" cellpadding=\"0\">\n<tbody>\n<tr>\n<td data-sheets-value=\"{\"><strong>Ausgangsleistung:<\/strong><\/td>\n<td data-sheets-value=\"{\">\n<div>\n<div>Gesamt 80 &#8211; 90W, 3-10W pro Band<\/div>\n<\/div>\n<\/td>\n<\/tr>\n<tr>\n<td data-sheets-value=\"{\"><strong>Reichweite:<\/strong><\/td>\n<td data-sheets-value=\"{\">Bis zu 80 Meter<\/td>\n<\/tr>\n<tr>\n<td data-sheets-value=\"{\"><strong>Stromversorgung:<\/strong><\/td>\n<td data-sheets-value=\"{\">AC110-240V auf DC24V<\/td>\n<\/tr>\n<tr>\n<td data-sheets-value=\"{\"><strong>K\u00fchlsystem:<\/strong><\/td>\n<td data-sheets-value=\"{\">\n<div>\n<div>Eingebaute 9 L\u00fcfter; K\u00fchlk\u00f6rper aus Aluminiumlegierung<\/div>\n<\/div>\n<\/td>\n<\/tr>\n<tr>\n<td data-sheets-value=\"{\"><strong>Batterie:<\/strong><\/td>\n<td data-sheets-value=\"{\">7.4V\/10000mAh<\/td>\n<\/tr>\n<tr>\n<td data-sheets-value=\"{\"><strong>Batterielaufzeit:<\/strong><\/td>\n<td data-sheets-value=\"{\">120 Minuten<\/td>\n<\/tr>\n<tr>\n<td data-sheets-value=\"{\"><strong>Produktma\u00dfe:<\/strong><\/td>\n<td data-sheets-value=\"{\">\n<div>\n<div>320x 310x 91mm (ohne Antenne)<\/div>\n<\/div>\n<\/td>\n<\/tr>\n<tr>\n<td data-sheets-value=\"{\"><strong>Produktgewicht:<\/strong><\/td>\n<td data-sheets-value=\"{\">8,0 Kg<\/td>\n<\/tr>\n<tr>\n<td data-sheets-value=\"{\"><strong>Lieferumfang:<\/strong><\/td>\n<td data-sheets-value=\"{\">\n<div>\n<div>Ger\u00e4t x 1, Netzstecker x 1, Antennen x 12<\/div>\n<\/div>\n<\/td>\n<\/tr>\n<\/tbody>\n<\/table>\n<p>&nbsp;<\/p>\n\t\t\t<link rel=\"stylesheet\" id=\"elementor-post-17739-css\" href=\"https:\/\/hgjammer.com\/wp-content\/uploads\/elementor\/css\/post-17739.css?ver=1773719577\" type=\"text\/css\" media=\"all\">\n\t\t\t\t\t<div data-elementor-type=\"wp-post\" data-elementor-id=\"17739\" class=\"elementor elementor-17739 elementor-15953\" data-elementor-post-type=\"cms_block\">\n\t\t\t\t<div class=\"wd-negative-gap elementor-element elementor-element-ac26d9d e-flex e-con-boxed e-con e-parent\" data-id=\"ac26d9d\" data-element_type=\"container\">\n\t\t\t\t\t<div class=\"e-con-inner\">\n\t\t\t\t<div class=\"elementor-element elementor-element-a0941f7 wd-width-100 elementor-widget elementor-widget-wd_title\" data-id=\"a0941f7\" data-element_type=\"widget\" data-widget_type=\"wd_title.default\">\n\t\t\t\t<div class=\"elementor-widget-container\">\n\t\t\t\t\t\t\t<div class=\"title-wrapper wd-set-mb reset-last-child wd-title-color-default wd-title-style-default wd-title-size-default text-left\">\n\n\t\t\t\t\t\t\t\t\t\t\t<div class=\"title-subtitle subtitle-color-default subtitle-style-default wd-fontsize-xs\">\n\t\t\t\t\tAntenneninformationen\t\t\t\t<\/div>\n\t\t\t\n\t\t\t<div class=\"liner-continer\">\n\t\t\t\t<h3 class=\"woodmart-title-container title wd-fontsize-l\">Spezifikationen f\u00fcr die einzelnen Kan\u00e4le<\/h3> \n\t\t\t\t\t\t\t<\/div>\n\n\t\t\t\t\t\t\t<div class=\"title-after_title reset-last-child wd-fontsize-xs\">\n\t\t\t\t\t<p>Die angegebenen Spezifikationen f\u00fcr die einzelnen Kan\u00e4le basieren auf den USA als Referenz. Da verschiedene L\u00e4nder unterschiedliche Frequenzbereiche nutzen, werden wir den Frequenzbereich vor dem Versand entsprechend Ihrem Land anpassen, um die Effektivit\u00e4t unserer Produkte sicherzustellen. <\/p>\t\t\t\t<\/div>\n\t\t\t\t\t<\/div>\n\t\t\t\t\t\t<\/div>\n\t\t\t\t<\/div>\n\t\t\t\t\t<\/div>\n\t\t\t\t<\/div>\n\t\t\t\t<\/div>\n\t\t\n<p>&nbsp;<\/p>\n<table dir=\"ltr\" border=\"1\" cellspacing=\"0\" cellpadding=\"0\">\n<tbody>\n<tr>\n<td colspan=\"4\" rowspan=\"1\" data-sheets-value=\"{\">K304-A<\/td>\n<\/tr>\n<tr>\n<td data-sheets-value=\"{\">Kanal<\/td>\n<td data-sheets-value=\"{\">Ausgangsanschl\u00fcsse<\/td>\n<td data-sheets-value=\"{\">Frequenzbereiche<\/td>\n<td data-sheets-value=\"{\">Ausgangsleistung:<\/td>\n<\/tr>\n<tr>\n<td data-sheets-value=\"{\">1<\/td>\n<td data-sheets-value=\"{\">CDMA\/GSM<\/td>\n<td data-sheets-value=\"{\">851-894 or 925-960MHz<\/td>\n<td data-sheets-value=\"{\">40dBm\/10W<\/td>\n<\/tr>\n<tr>\n<td data-sheets-value=\"{\">2<\/td>\n<td data-sheets-value=\"{\">DCS\/PCS<\/td>\n<td data-sheets-value=\"{\">1805-1880 or 1920-2000MHz<\/td>\n<td data-sheets-value=\"{\">39dBm\/8W<\/td>\n<\/tr>\n<tr>\n<td data-sheets-value=\"{\">3<\/td>\n<td data-sheets-value=\"{\">3G2100<\/td>\n<td data-sheets-value=\"{\">2110-2170MHz<\/td>\n<td data-sheets-value=\"{\">39dBm\/8W<\/td>\n<\/tr>\n<tr>\n<td data-sheets-value=\"{\">4<\/td>\n<td data-sheets-value=\"{\">4GLTE Low<\/td>\n<td data-sheets-value=\"{\">698-803 or 738-821MHz<\/td>\n<td data-sheets-value=\"{\">40dBm\/10W<\/td>\n<\/tr>\n<tr>\n<td data-sheets-value=\"{\">5<\/td>\n<td data-sheets-value=\"{\">4GLTE High<\/td>\n<td data-sheets-value=\"{\">2496-2690 or 2570-2690MHz<\/td>\n<td data-sheets-value=\"{\">38dBm\/6W<\/td>\n<\/tr>\n<tr>\n<td data-sheets-value=\"{\">6<\/td>\n<td data-sheets-value=\"{\">5G600\/5G1500<\/td>\n<td data-sheets-value=\"{\">617-685 or 1427-1518MHz<\/td>\n<td data-sheets-value=\"{\">38dBm\/6W<\/td>\n<\/tr>\n<tr>\n<td data-sheets-value=\"{\">7<\/td>\n<td data-sheets-value=\"{\">5G3500<\/td>\n<td data-sheets-value=\"{\">3400-3600MHz<\/td>\n<td data-sheets-value=\"{\">35dBm\/3W<\/td>\n<\/tr>\n<tr>\n<td data-sheets-value=\"{\">8<\/td>\n<td data-sheets-value=\"{\">5G3700<\/td>\n<td data-sheets-value=\"{\">3600-3800MHz<\/td>\n<td data-sheets-value=\"{\">35dBm\/3W<\/td>\n<\/tr>\n<tr>\n<td data-sheets-value=\"{\">9<\/td>\n<td data-sheets-value=\"{\">WIFI2.4G\/Bluetooth<\/td>\n<td data-sheets-value=\"{\">2400-2500MHz<\/td>\n<td data-sheets-value=\"{\">39dBm\/8W<\/td>\n<\/tr>\n<tr>\n<td data-sheets-value=\"{\">10<\/td>\n<td data-sheets-value=\"{\">GPSL1<\/td>\n<td data-sheets-value=\"{\">1570-1580MHz<\/td>\n<td data-sheets-value=\"{\">38dBm\/6W<\/td>\n<\/tr>\n<tr>\n<td data-sheets-value=\"{\">11<\/td>\n<td data-sheets-value=\"{\">VHF\/LOJACK<\/td>\n<td data-sheets-value=\"{\">135-174MHz<\/td>\n<td data-sheets-value=\"{\">38dBm\/6W<\/td>\n<\/tr>\n<tr>\n<td data-sheets-value=\"{\">12<\/td>\n<td data-sheets-value=\"{\">UHF\/CDMA450<\/td>\n<td data-sheets-value=\"{\">400-470MHz<\/td>\n<td data-sheets-value=\"{\">38dBm\/6W<\/td>\n<\/tr>\n<tr>\n<td colspan=\"4\" rowspan=\"1\" data-sheets-value=\"{\">K304-B<\/td>\n<\/tr>\n<tr>\n<td data-sheets-value=\"{\">Kanal<\/td>\n<td data-sheets-value=\"{\">Ausgangsanschl\u00fcsse<\/td>\n<td data-sheets-value=\"{\">Frequenzbereiche<\/td>\n<td data-sheets-value=\"{\">Ausgangsleistung:<\/td>\n<\/tr>\n<tr>\n<td data-sheets-value=\"{\">1<\/td>\n<td data-sheets-value=\"{\">CDMA\/GSM<\/td>\n<td data-sheets-value=\"{\">851-894 or 925-960MHz<\/td>\n<td data-sheets-value=\"{\">40dBm\/10W<\/td>\n<\/tr>\n<tr>\n<td data-sheets-value=\"{\">2<\/td>\n<td data-sheets-value=\"{\">DCS\/PCS<\/td>\n<td data-sheets-value=\"{\">1805-1880 or 1920-2000MHz<\/td>\n<td data-sheets-value=\"{\">39dBm\/8W<\/td>\n<\/tr>\n<tr>\n<td data-sheets-value=\"{\">3<\/td>\n<td data-sheets-value=\"{\">3G2100<\/td>\n<td data-sheets-value=\"{\">2110-2170MHz<\/td>\n<td data-sheets-value=\"{\">39dBm\/8W<\/td>\n<\/tr>\n<tr>\n<td data-sheets-value=\"{\">4<\/td>\n<td data-sheets-value=\"{\">4GLTE Low<\/td>\n<td data-sheets-value=\"{\">698-803 or 738-821MHz<\/td>\n<td data-sheets-value=\"{\">40dBm\/10W<\/td>\n<\/tr>\n<tr>\n<td data-sheets-value=\"{\">5<\/td>\n<td data-sheets-value=\"{\">4GLTE High<\/td>\n<td data-sheets-value=\"{\">2496-2690 or 2570-2690MHz<\/td>\n<td data-sheets-value=\"{\">38dBm\/6W<\/td>\n<\/tr>\n<tr>\n<td data-sheets-value=\"{\">6<\/td>\n<td data-sheets-value=\"{\">WIFI2.4G\/Bluetooth<\/td>\n<td data-sheets-value=\"{\">2400-2500MHz<\/td>\n<td data-sheets-value=\"{\">39dBm\/8W<\/td>\n<\/tr>\n<tr>\n<td data-sheets-value=\"{\">7<\/td>\n<td data-sheets-value=\"{\">GPSL1<\/td>\n<td data-sheets-value=\"{\">1570-1580MHz<\/td>\n<td data-sheets-value=\"{\">38dBm\/6W<\/td>\n<\/tr>\n<tr>\n<td data-sheets-value=\"{\">8<\/td>\n<td data-sheets-value=\"{\">GPSL2+L3+L4+L5<\/td>\n<td data-sheets-value=\"{\">1170-1390MHz<\/td>\n<td data-sheets-value=\"{\">38dBm\/6W<\/td>\n<\/tr>\n<tr>\n<td data-sheets-value=\"{\">9<\/td>\n<td data-sheets-value=\"{\">LORA<\/td>\n<td data-sheets-value=\"{\">900-930MHz<\/td>\n<td data-sheets-value=\"{\">40dBm\/10W<\/td>\n<\/tr>\n<tr>\n<td data-sheets-value=\"{\">10<\/td>\n<td data-sheets-value=\"{\">RC315<\/td>\n<td data-sheets-value=\"{\">315MHz<\/td>\n<td data-sheets-value=\"{\">38dBm\/6W<\/td>\n<\/tr>\n<tr>\n<td data-sheets-value=\"{\">11<\/td>\n<td data-sheets-value=\"{\">VHF\/ LOJACK<\/td>\n<td data-sheets-value=\"{\">135-174MHz<\/td>\n<td data-sheets-value=\"{\">38dBm\/6W<\/td>\n<\/tr>\n<tr>\n<td data-sheets-value=\"{\">12<\/td>\n<td data-sheets-value=\"{\">UHF\/RC433<\/td>\n<td data-sheets-value=\"{\">400-470MHz<\/td>\n<td data-sheets-value=\"{\">38dBm\/6W<\/td>\n<\/tr>\n<tr>\n<td colspan=\"4\" rowspan=\"1\" data-sheets-value=\"{\">K304-5G<\/td>\n<\/tr>\n<tr>\n<td data-sheets-value=\"{\">Kanal<\/td>\n<td data-sheets-value=\"{\">Ausgangsanschl\u00fcsse<\/td>\n<td data-sheets-value=\"{\">Frequenzbereiche<\/td>\n<td data-sheets-value=\"{\">\n<div>\n<div>Ausgangsleistung:<\/div>\n<\/div>\n<\/td>\n<\/tr>\n<tr>\n<td data-sheets-value=\"{\">1<\/td>\n<td data-sheets-value=\"{\">CDMA850<\/td>\n<td data-sheets-value=\"{\">851-894MHz<\/td>\n<td data-sheets-value=\"{\">40dBm\/10W<\/td>\n<\/tr>\n<tr>\n<td data-sheets-value=\"{\">2<\/td>\n<td data-sheets-value=\"{\">GSM900<\/td>\n<td data-sheets-value=\"{\">925-960MHz<\/td>\n<td data-sheets-value=\"{\">40dBm\/10W<\/td>\n<\/tr>\n<tr>\n<td data-sheets-value=\"{\">3<\/td>\n<td data-sheets-value=\"{\">DCS\/PCS<\/td>\n<td data-sheets-value=\"{\">1805-1880 or 1920-2000MHz<\/td>\n<td data-sheets-value=\"{\">39dBm\/8W<\/td>\n<\/tr>\n<tr>\n<td data-sheets-value=\"{\">4<\/td>\n<td data-sheets-value=\"{\">3G2100<\/td>\n<td data-sheets-value=\"{\">2110-2170MHz<\/td>\n<td data-sheets-value=\"{\">39dBm\/8W<\/td>\n<\/tr>\n<tr>\n<td data-sheets-value=\"{\">5<\/td>\n<td data-sheets-value=\"{\">4GLTE Low<\/td>\n<td data-sheets-value=\"{\">698-803 or 738-821MHz<\/td>\n<td data-sheets-value=\"{\">40dBm\/10W<\/td>\n<\/tr>\n<tr>\n<td data-sheets-value=\"{\">6<\/td>\n<td data-sheets-value=\"{\">4GLTE High<\/td>\n<td data-sheets-value=\"{\">2496-2690 or 2570-2690MHz<\/td>\n<td data-sheets-value=\"{\">38dBm\/6W<\/td>\n<\/tr>\n<tr>\n<td data-sheets-value=\"{\">7<\/td>\n<td data-sheets-value=\"{\">5G600\/5G1500<\/td>\n<td data-sheets-value=\"{\">617-685 or 1427-1518MHz<\/td>\n<td data-sheets-value=\"{\">38dBm\/6W<\/td>\n<\/tr>\n<tr>\n<td data-sheets-value=\"{\">8<\/td>\n<td data-sheets-value=\"{\">5G3500<\/td>\n<td data-sheets-value=\"{\">3400-3600MHz<\/td>\n<td data-sheets-value=\"{\">35dBm\/3W<\/td>\n<\/tr>\n<tr>\n<td data-sheets-value=\"{\">9<\/td>\n<td data-sheets-value=\"{\">5G3700<\/td>\n<td data-sheets-value=\"{\">3600-3800MHz<\/td>\n<td data-sheets-value=\"{\">35dBm\/3W<\/td>\n<\/tr>\n<tr>\n<td data-sheets-value=\"{\">10<\/td>\n<td data-sheets-value=\"{\">WIFI2.4G\/Bluetooth<\/td>\n<td data-sheets-value=\"{\">2400-2500MHz<\/td>\n<td data-sheets-value=\"{\">39dBm\/8W<\/td>\n<\/tr>\n<tr>\n<td data-sheets-value=\"{\">11<\/td>\n<td data-sheets-value=\"{\">WIFI5.2G<\/td>\n<td data-sheets-value=\"{\">5100-5500MHz<\/td>\n<td data-sheets-value=\"{\">35dBm\/3W<\/td>\n<\/tr>\n<tr>\n<td data-sheets-value=\"{\">12<\/td>\n<td data-sheets-value=\"{\">WIFI5.8G<\/td>\n<td data-sheets-value=\"{\">5500-5900MHz<\/td>\n<td data-sheets-value=\"{\">35dBm\/3W<\/td>\n<\/tr>\n<\/tbody>\n<\/table>\n","protected":false},"excerpt":{"rendered":"<p>Ausgangsleistung: Gesamt 80 &#8211; 90W, 3-10W pro Band Reichweite: Bis zu 80 Meter Stromversorgung: AC110-240V auf DC24V K\u00fchlsystem: Eingebaute 9<\/p>\n","protected":false},"featured_media":17322,"comment_status":"closed","ping_status":"closed","template":"","meta":{"_acf_changed":false},"product_brand":[],"product_cat":[150,148,146,147,149],"product_tag":[],"class_list":{"0":"post-17670","1":"product","2":"type-product","3":"status-publish","4":"has-post-thumbnail","6":"product_cat-drohne-stoersender","7":"product_cat-gps-stoersender","8":"product_cat-handy-stoersender","9":"product_cat-stoersender","10":"product_cat-stoersender-wlan","11":"pa_channel-12-channel-de","12":"pa_output-power-80w-de","13":"pa_range-80-meter","14":"pa_type-2-desktop-stoersender","16":"first","17":"instock","18":"purchasable","19":"product-type-variable"},"acf":[],"_links":{"self":[{"href":"https:\/\/hgjammer.com\/de\/wp-json\/wp\/v2\/product\/17670","targetHints":{"allow":["GET"]}}],"collection":[{"href":"https:\/\/hgjammer.com\/de\/wp-json\/wp\/v2\/product"}],"about":[{"href":"https:\/\/hgjammer.com\/de\/wp-json\/wp\/v2\/types\/product"}],"replies":[{"embeddable":true,"href":"https:\/\/hgjammer.com\/de\/wp-json\/wp\/v2\/comments?post=17670"}],"version-history":[{"count":1,"href":"https:\/\/hgjammer.com\/de\/wp-json\/wp\/v2\/product\/17670\/revisions"}],"predecessor-version":[{"id":17829,"href":"https:\/\/hgjammer.com\/de\/wp-json\/wp\/v2\/product\/17670\/revisions\/17829"}],"wp:featuredmedia":[{"embeddable":true,"href":"https:\/\/hgjammer.com\/de\/wp-json\/wp\/v2\/media\/17322"}],"wp:attachment":[{"href":"https:\/\/hgjammer.com\/de\/wp-json\/wp\/v2\/media?parent=17670"}],"wp:term":[{"taxonomy":"product_brand","embeddable":true,"href":"https:\/\/hgjammer.com\/de\/wp-json\/wp\/v2\/product_brand?post=17670"},{"taxonomy":"product_cat","embeddable":true,"href":"https:\/\/hgjammer.com\/de\/wp-json\/wp\/v2\/product_cat?post=17670"},{"taxonomy":"product_tag","embeddable":true,"href":"https:\/\/hgjammer.com\/de\/wp-json\/wp\/v2\/product_tag?post=17670"}],"curies":[{"name":"wp","href":"https:\/\/api.w.org\/{rel}","templated":true}]}}