{"id":17679,"date":"2024-03-30T18:27:34","date_gmt":"2024-03-30T18:27:34","guid":{"rendered":"https:\/\/hgjammer.com\/?post_type=product&#038;p=17679"},"modified":"2024-07-28T14:31:08","modified_gmt":"2024-07-28T14:31:08","slug":"k302","status":"publish","type":"product","link":"https:\/\/hgjammer.com\/de\/produkt\/k302\/","title":{"rendered":"K302 16-Kanal Desktop St\u00f6rsender (40 Meter)"},"content":{"rendered":"\t\t\t<link rel=\"stylesheet\" id=\"elementor-post-17775-css\" href=\"https:\/\/hgjammer.com\/wp-content\/uploads\/elementor\/css\/post-17775.css?ver=1773761490\" type=\"text\/css\" media=\"all\">\n\t\t\t\t\t<div data-elementor-type=\"wp-post\" data-elementor-id=\"17775\" class=\"elementor elementor-17775 elementor-15960\" data-elementor-post-type=\"cms_block\">\n\t\t\t\t<div class=\"wd-negative-gap elementor-element elementor-element-eede9eb e-flex e-con-boxed e-con e-parent\" data-id=\"eede9eb\" data-element_type=\"container\" data-settings=\"{&quot;background_background&quot;:&quot;classic&quot;}\">\n\t\t\t\t\t<div class=\"e-con-inner\">\n\t\t\t\t<div class=\"elementor-element elementor-element-ac79d27 wd-width-100 elementor-widget elementor-widget-wd_title\" data-id=\"ac79d27\" data-element_type=\"widget\" data-widget_type=\"wd_title.default\">\n\t\t\t\t<div class=\"elementor-widget-container\">\n\t\t\t\t\t\t\t<div class=\"title-wrapper wd-set-mb reset-last-child wd-title-color-default wd-title-style-default wd-title-size-default text-left\">\n\n\t\t\t\n\t\t\t<div class=\"liner-continer\">\n\t\t\t\t<h3 class=\"woodmart-title-container title wd-fontsize-l\">Optionen<\/h3> \n\t\t\t\t\t\t\t<\/div>\n\n\t\t\t\t\t\t\t<div class=\"title-after_title reset-last-child wd-fontsize-xs\">\n\t\t\t\t\t<p>Das K302-Modell bietet Ihnen zwei verschiedene Optionen, die jeweils \u00fcber unterschiedliche Funktionen verf\u00fcgen. Bitte w\u00e4hlen Sie sorgf\u00e4ltig entsprechend Ihren Bed\u00fcrfnissen. <\/p><ol><li><strong>K302-A<\/strong>: Mobiltelefon mit 4G\/3G\/2G, WiFi 2.4\/5.8G, GPS L1 L2, Walkie-Talkie sowie drahtlosem Headset\/Mikrofon<\/li><li><strong>K302-B<\/strong>: Mobiltelefon mit 4G\/3G\/2G, WiFi 2.4G\/5.8G, GPS L1 L2, Walkie-Talkie UHF\/VHF und drahtloser Kamera 1.2GHz<\/li><\/ol>\t\t\t\t<\/div>\n\t\t\t\t\t<\/div>\n\t\t\t\t\t\t<\/div>\n\t\t\t\t<\/div>\n\t\t\t\t\t<\/div>\n\t\t\t\t<\/div>\n\t\t\t\t<\/div>\n\t\t\n<table dir=\"ltr\" border=\"1\" cellspacing=\"0\" cellpadding=\"0\">\n<tbody>\n<tr>\n<td data-sheets-value=\"{\"><strong>Ausgangsleistung:<\/strong><\/td>\n<td data-sheets-value=\"{\">Gesamt 40W, 1-3W pro Band<\/td>\n<\/tr>\n<tr>\n<td data-sheets-value=\"{\"><strong>Reichweite:<\/strong><\/td>\n<td data-sheets-value=\"{\">40 meters<\/td>\n<\/tr>\n<tr>\n<td data-sheets-value=\"{\"><strong>Stromversorgung:<\/strong><\/td>\n<td data-sheets-value=\"{\">AC110-240V auf DC12V<\/td>\n<\/tr>\n<tr>\n<td data-sheets-value=\"{\"><strong>K\u00fchlsystem:<\/strong><\/td>\n<td data-sheets-value=\"{\">\n<div>\n<div>Eingebaute 4 L\u00fcfter; K\u00fchlk\u00f6rper aus Aluminiumlegierung<\/div>\n<\/div>\n<\/td>\n<\/tr>\n<tr>\n<td data-sheets-value=\"{\"><strong>Batterie:<\/strong><\/td>\n<td data-sheets-value=\"{\">10000mAh<\/td>\n<\/tr>\n<tr>\n<td data-sheets-value=\"{\"><strong>Batterielaufzeit:<\/strong><\/td>\n<td data-sheets-value=\"{\">120 Minuten<\/td>\n<\/tr>\n<tr>\n<td data-sheets-value=\"{\"><strong>Produktma\u00dfe:<\/strong><\/td>\n<td data-sheets-value=\"{\">\n<div>\n<div>410x 238x 60 mm (ohne Antenne)<\/div>\n<\/div>\n<\/td>\n<\/tr>\n<tr>\n<td data-sheets-value=\"{\"><strong>Produktgewicht:<\/strong><\/td>\n<td data-sheets-value=\"{\">6,5 Kg<\/td>\n<\/tr>\n<tr>\n<td data-sheets-value=\"{\"><strong>Lieferumfang:<\/strong><\/td>\n<td data-sheets-value=\"{\">\n<div>\n<div>St\u00f6rsender x 1, Netzadapter x 1, Antennen x 16, Autostromkabel x 1<\/div>\n<\/div>\n<\/td>\n<\/tr>\n<\/tbody>\n<\/table>\n<p>&nbsp;<\/p>\n\t\t\t<link rel=\"stylesheet\" id=\"elementor-post-17739-css\" href=\"https:\/\/hgjammer.com\/wp-content\/uploads\/elementor\/css\/post-17739.css?ver=1773719577\" type=\"text\/css\" media=\"all\">\n\t\t\t\t\t<div data-elementor-type=\"wp-post\" data-elementor-id=\"17739\" class=\"elementor elementor-17739 elementor-15953\" data-elementor-post-type=\"cms_block\">\n\t\t\t\t<div class=\"wd-negative-gap elementor-element elementor-element-ac26d9d e-flex e-con-boxed e-con e-parent\" data-id=\"ac26d9d\" data-element_type=\"container\">\n\t\t\t\t\t<div class=\"e-con-inner\">\n\t\t\t\t<div class=\"elementor-element elementor-element-a0941f7 wd-width-100 elementor-widget elementor-widget-wd_title\" data-id=\"a0941f7\" data-element_type=\"widget\" data-widget_type=\"wd_title.default\">\n\t\t\t\t<div class=\"elementor-widget-container\">\n\t\t\t\t\t\t\t<div class=\"title-wrapper wd-set-mb reset-last-child wd-title-color-default wd-title-style-default wd-title-size-default text-left\">\n\n\t\t\t\t\t\t\t\t\t\t\t<div class=\"title-subtitle subtitle-color-default subtitle-style-default wd-fontsize-xs\">\n\t\t\t\t\tAntenneninformationen\t\t\t\t<\/div>\n\t\t\t\n\t\t\t<div class=\"liner-continer\">\n\t\t\t\t<h3 class=\"woodmart-title-container title wd-fontsize-l\">Spezifikationen f\u00fcr die einzelnen Kan\u00e4le<\/h3> \n\t\t\t\t\t\t\t<\/div>\n\n\t\t\t\t\t\t\t<div class=\"title-after_title reset-last-child wd-fontsize-xs\">\n\t\t\t\t\t<p>Die angegebenen Spezifikationen f\u00fcr die einzelnen Kan\u00e4le basieren auf den USA als Referenz. Da verschiedene L\u00e4nder unterschiedliche Frequenzbereiche nutzen, werden wir den Frequenzbereich vor dem Versand entsprechend Ihrem Land anpassen, um die Effektivit\u00e4t unserer Produkte sicherzustellen. <\/p>\t\t\t\t<\/div>\n\t\t\t\t\t<\/div>\n\t\t\t\t\t\t<\/div>\n\t\t\t\t<\/div>\n\t\t\t\t\t<\/div>\n\t\t\t\t<\/div>\n\t\t\t\t<\/div>\n\t\t\n<p>&nbsp;<\/p>\n<table dir=\"ltr\" border=\"1\" cellspacing=\"0\" cellpadding=\"0\">\n<tbody>\n<tr>\n<td colspan=\"4\" rowspan=\"1\" data-sheets-value=\"{\">K302-A<\/td>\n<\/tr>\n<tr>\n<td data-sheets-value=\"{\">Kanal<\/td>\n<td data-sheets-value=\"{\">Ausgangsanschl\u00fcsse<\/td>\n<td data-sheets-value=\"{\">Frequenzbereiche<\/td>\n<td data-sheets-value=\"{\">\n<div>\n<div>Ausgangsleistung:<\/div>\n<\/div>\n<\/td>\n<\/tr>\n<tr>\n<td data-sheets-value=\"{\">1<\/td>\n<td data-sheets-value=\"{\">VHF<\/td>\n<td data-sheets-value=\"{\">130-190MHz<\/td>\n<td data-sheets-value=\"{\">35dbm \/ 3W<\/td>\n<\/tr>\n<tr>\n<td data-sheets-value=\"{\">2<\/td>\n<td data-sheets-value=\"{\">UHF or CDMA450<\/td>\n<td data-sheets-value=\"{\">400-470 or 450-470MHz<\/td>\n<td data-sheets-value=\"{\">35dbm \/ 3W<\/td>\n<\/tr>\n<tr>\n<td data-sheets-value=\"{\">3<\/td>\n<td data-sheets-value=\"{\">RC315<\/td>\n<td data-sheets-value=\"{\">315MHz<\/td>\n<td data-sheets-value=\"{\">35dbm \/ 3W<\/td>\n<\/tr>\n<tr>\n<td data-sheets-value=\"{\">4<\/td>\n<td data-sheets-value=\"{\">RC433<\/td>\n<td data-sheets-value=\"{\">433MHz<\/td>\n<td data-sheets-value=\"{\">35dbm \/ 3W<\/td>\n<\/tr>\n<tr>\n<td data-sheets-value=\"{\">5<\/td>\n<td data-sheets-value=\"{\">4G1 LTE 700<\/td>\n<td data-sheets-value=\"{\">700-803 or 790-826MHz<\/td>\n<td data-sheets-value=\"{\">35dbm \/ 3W<\/td>\n<\/tr>\n<tr>\n<td data-sheets-value=\"{\">6<\/td>\n<td data-sheets-value=\"{\">4G2 LTE 1700<\/td>\n<td data-sheets-value=\"{\">1710-1780MHz<\/td>\n<td data-sheets-value=\"{\">33dbm \/ 2W<\/td>\n<\/tr>\n<tr>\n<td data-sheets-value=\"{\">7<\/td>\n<td data-sheets-value=\"{\">GSM or CDMA<\/td>\n<td data-sheets-value=\"{\">925-960 or 850-894MHz<\/td>\n<td data-sheets-value=\"{\">35dbm \/ 3W<\/td>\n<\/tr>\n<tr>\n<td data-sheets-value=\"{\">8<\/td>\n<td data-sheets-value=\"{\">DCS or PCS<\/td>\n<td data-sheets-value=\"{\">1805-1880-1920-1990MHz<\/td>\n<td data-sheets-value=\"{\">33dbm \/ 2W<\/td>\n<\/tr>\n<tr>\n<td data-sheets-value=\"{\">9<\/td>\n<td data-sheets-value=\"{\">3G<\/td>\n<td data-sheets-value=\"{\">2110-2170MHz<\/td>\n<td data-sheets-value=\"{\">33dbm \/ 2W<\/td>\n<\/tr>\n<tr>\n<td data-sheets-value=\"{\">10<\/td>\n<td data-sheets-value=\"{\">4G LTE 2600<\/td>\n<td data-sheets-value=\"{\">2500-2690 MHz<\/td>\n<td data-sheets-value=\"{\">30dbm \/ 1W<\/td>\n<\/tr>\n<tr>\n<td data-sheets-value=\"{\">11<\/td>\n<td data-sheets-value=\"{\">Wi-Fi 2.4G+4G2300<\/td>\n<td data-sheets-value=\"{\">2300-2500MHz<\/td>\n<td data-sheets-value=\"{\">30dbm \/ 1W<\/td>\n<\/tr>\n<tr>\n<td data-sheets-value=\"{\">12<\/td>\n<td data-sheets-value=\"{\">GPSL1<\/td>\n<td data-sheets-value=\"{\">1570-1580MHz<\/td>\n<td data-sheets-value=\"{\">33dbm \/ 2W<\/td>\n<\/tr>\n<tr>\n<td data-sheets-value=\"{\">13<\/td>\n<td data-sheets-value=\"{\">GPSL2+L5 or Wireless Camera 1<\/td>\n<td data-sheets-value=\"{\">1170-1280MHz<\/td>\n<td data-sheets-value=\"{\">33dbm \/ 2W<\/td>\n<\/tr>\n<tr>\n<td data-sheets-value=\"{\">14<\/td>\n<td data-sheets-value=\"{\">GPSL3+L4 or Wireless Camera 2<\/td>\n<td data-sheets-value=\"{\">1280-1390MHz<\/td>\n<td data-sheets-value=\"{\">33dbm \/ 2W<\/td>\n<\/tr>\n<tr>\n<td data-sheets-value=\"{\">15<\/td>\n<td data-sheets-value=\"{\">Wireless Camera 3<\/td>\n<td data-sheets-value=\"{\">1000-1170MHz<\/td>\n<td data-sheets-value=\"{\">33dbm \/ 2W<\/td>\n<\/tr>\n<tr>\n<td data-sheets-value=\"{\">16<\/td>\n<td data-sheets-value=\"{\">LOJACK&amp; XM radio<\/td>\n<td data-sheets-value=\"{\">167-175MHz<\/td>\n<td data-sheets-value=\"{\">35dbm \/ 3W<\/td>\n<\/tr>\n<tr>\n<td colspan=\"4\" rowspan=\"1\" data-sheets-value=\"{\">K302-B<\/td>\n<\/tr>\n<tr>\n<td data-sheets-value=\"{\">Kanal<\/td>\n<td data-sheets-value=\"{\">Ausgangsanschl\u00fcsse<\/td>\n<td data-sheets-value=\"{\">Frequenzbereiche<\/td>\n<td data-sheets-value=\"{\">\n<div>\n<div>Ausgangsleistung<\/div>\n<\/div>\n<\/td>\n<\/tr>\n<tr>\n<td data-sheets-value=\"{\">1<\/td>\n<td data-sheets-value=\"{\">VHF1<\/td>\n<td data-sheets-value=\"{\">130-190MHz<\/td>\n<td data-sheets-value=\"{\">35dbm \/ 3W<\/td>\n<\/tr>\n<tr>\n<td data-sheets-value=\"{\">2<\/td>\n<td data-sheets-value=\"{\">UHF2<\/td>\n<td data-sheets-value=\"{\">190-300MHz<\/td>\n<td data-sheets-value=\"{\">35dbm \/ 3W<\/td>\n<\/tr>\n<tr>\n<td data-sheets-value=\"{\">3<\/td>\n<td data-sheets-value=\"{\">UHF3<\/td>\n<td data-sheets-value=\"{\">300-400MHz<\/td>\n<td data-sheets-value=\"{\">35dbm \/ 3W<\/td>\n<\/tr>\n<tr>\n<td data-sheets-value=\"{\">4<\/td>\n<td data-sheets-value=\"{\">UHF4<\/td>\n<td data-sheets-value=\"{\">400-500MHz<\/td>\n<td data-sheets-value=\"{\">35dbm \/ 3W<\/td>\n<\/tr>\n<tr>\n<td data-sheets-value=\"{\">5<\/td>\n<td data-sheets-value=\"{\">4G1 LTE 700<\/td>\n<td data-sheets-value=\"{\">700-803 or 790-826MHz<\/td>\n<td data-sheets-value=\"{\">35dbm \/ 3W<\/td>\n<\/tr>\n<tr>\n<td data-sheets-value=\"{\">6<\/td>\n<td data-sheets-value=\"{\">4G2 LTE 1700<\/td>\n<td data-sheets-value=\"{\">1710-1780MHz<\/td>\n<td data-sheets-value=\"{\">33dbm \/ 2W<\/td>\n<\/tr>\n<tr>\n<td data-sheets-value=\"{\">7<\/td>\n<td data-sheets-value=\"{\">CDMA<\/td>\n<td data-sheets-value=\"{\">851-894MHz<\/td>\n<td data-sheets-value=\"{\">35dbm \/ 3W<\/td>\n<\/tr>\n<tr>\n<td data-sheets-value=\"{\">8<\/td>\n<td data-sheets-value=\"{\">GSM<\/td>\n<td data-sheets-value=\"{\">925-960MHz<\/td>\n<td data-sheets-value=\"{\">35dbm \/ 3W<\/td>\n<\/tr>\n<tr>\n<td data-sheets-value=\"{\">9<\/td>\n<td data-sheets-value=\"{\">DCS&amp;PCS<\/td>\n<td data-sheets-value=\"{\">1805-1990MHz<\/td>\n<td data-sheets-value=\"{\">33dbm \/ 2W<\/td>\n<\/tr>\n<tr>\n<td data-sheets-value=\"{\">10<\/td>\n<td data-sheets-value=\"{\">3G<\/td>\n<td data-sheets-value=\"{\">2110-2170MHz<\/td>\n<td data-sheets-value=\"{\">33dbm \/ 2W<\/td>\n<\/tr>\n<tr>\n<td data-sheets-value=\"{\">11<\/td>\n<td data-sheets-value=\"{\">4G LTE 2600<\/td>\n<td data-sheets-value=\"{\">2500-2690 MHz<\/td>\n<td data-sheets-value=\"{\">30dbm \/ 1W<\/td>\n<\/tr>\n<tr>\n<td data-sheets-value=\"{\">12<\/td>\n<td data-sheets-value=\"{\">Wi-Fi 2.4G+4G2300<\/td>\n<td data-sheets-value=\"{\">2300-2500MHz<\/td>\n<td data-sheets-value=\"{\">30dbm \/ 1W<\/td>\n<\/tr>\n<tr>\n<td data-sheets-value=\"{\">13<\/td>\n<td data-sheets-value=\"{\">Wi-Fi 5.8G<\/td>\n<td data-sheets-value=\"{\">5725-5850MHz<\/td>\n<td data-sheets-value=\"{\">30dbm \/ 1W<\/td>\n<\/tr>\n<tr>\n<td data-sheets-value=\"{\">14<\/td>\n<td data-sheets-value=\"{\">GPSL1<\/td>\n<td data-sheets-value=\"{\">1570-1580MHz<\/td>\n<td data-sheets-value=\"{\">33dbm \/ 2W<\/td>\n<\/tr>\n<tr>\n<td data-sheets-value=\"{\">15<\/td>\n<td data-sheets-value=\"{\">GPSL2+L5<\/td>\n<td data-sheets-value=\"{\">1170-1280MHz<\/td>\n<td data-sheets-value=\"{\">33dbm \/ 2W<\/td>\n<\/tr>\n<tr>\n<td data-sheets-value=\"{\">16<\/td>\n<td data-sheets-value=\"{\">LOJACK&amp; XM radio<\/td>\n<td data-sheets-value=\"{\">167-175MHz<\/td>\n<td data-sheets-value=\"{\">35dbm \/ 3W<\/td>\n<\/tr>\n<\/tbody>\n<\/table>\n","protected":false},"excerpt":{"rendered":"<p>Ausgangsleistung: Gesamt 40W, 1-3W pro Band Reichweite: 40 meters Stromversorgung: AC110-240V auf DC12V K\u00fchlsystem: Eingebaute 4 L\u00fcfter; K\u00fchlk\u00f6rper aus Aluminiumlegierung<\/p>\n","protected":false},"featured_media":17297,"comment_status":"closed","ping_status":"closed","template":"","meta":{"_acf_changed":false},"product_brand":[],"product_cat":[148,146,147,149],"product_tag":[],"class_list":{"0":"post-17679","1":"product","2":"type-product","3":"status-publish","4":"has-post-thumbnail","6":"product_cat-gps-stoersender","7":"product_cat-handy-stoersender","8":"product_cat-stoersender","9":"product_cat-stoersender-wlan","10":"pa_channel-16-kanal","11":"pa_output-power-40w-de","12":"pa_range-40-meters-de","13":"pa_type-2-desktop-stoersender","15":"first","16":"instock","17":"purchasable","18":"product-type-variable"},"acf":[],"_links":{"self":[{"href":"https:\/\/hgjammer.com\/de\/wp-json\/wp\/v2\/product\/17679","targetHints":{"allow":["GET"]}}],"collection":[{"href":"https:\/\/hgjammer.com\/de\/wp-json\/wp\/v2\/product"}],"about":[{"href":"https:\/\/hgjammer.com\/de\/wp-json\/wp\/v2\/types\/product"}],"replies":[{"embeddable":true,"href":"https:\/\/hgjammer.com\/de\/wp-json\/wp\/v2\/comments?post=17679"}],"version-history":[{"count":1,"href":"https:\/\/hgjammer.com\/de\/wp-json\/wp\/v2\/product\/17679\/revisions"}],"predecessor-version":[{"id":17831,"href":"https:\/\/hgjammer.com\/de\/wp-json\/wp\/v2\/product\/17679\/revisions\/17831"}],"wp:featuredmedia":[{"embeddable":true,"href":"https:\/\/hgjammer.com\/de\/wp-json\/wp\/v2\/media\/17297"}],"wp:attachment":[{"href":"https:\/\/hgjammer.com\/de\/wp-json\/wp\/v2\/media?parent=17679"}],"wp:term":[{"taxonomy":"product_brand","embeddable":true,"href":"https:\/\/hgjammer.com\/de\/wp-json\/wp\/v2\/product_brand?post=17679"},{"taxonomy":"product_cat","embeddable":true,"href":"https:\/\/hgjammer.com\/de\/wp-json\/wp\/v2\/product_cat?post=17679"},{"taxonomy":"product_tag","embeddable":true,"href":"https:\/\/hgjammer.com\/de\/wp-json\/wp\/v2\/product_tag?post=17679"}],"curies":[{"name":"wp","href":"https:\/\/api.w.org\/{rel}","templated":true}]}}