{"id":17683,"date":"2024-03-30T18:08:29","date_gmt":"2024-03-30T18:08:29","guid":{"rendered":"https:\/\/hgjammer.com\/?post_type=product&#038;p=17683"},"modified":"2024-07-28T14:33:07","modified_gmt":"2024-07-28T14:33:07","slug":"k416","status":"publish","type":"product","link":"https:\/\/hgjammer.com\/de\/produkt\/k416\/","title":{"rendered":"K416 12-Kanal Vollband St\u00f6rsender (40 Meter)"},"content":{"rendered":"\t\t\t<link rel=\"stylesheet\" id=\"elementor-post-17749-css\" href=\"https:\/\/hgjammer.com\/wp-content\/uploads\/elementor\/css\/post-17749.css?ver=1773761490\" type=\"text\/css\" media=\"all\">\n\t\t\t\t\t<div data-elementor-type=\"wp-post\" data-elementor-id=\"17749\" class=\"elementor elementor-17749 elementor-16353\" data-elementor-post-type=\"cms_block\">\n\t\t\t\t<div class=\"wd-negative-gap elementor-element elementor-element-eede9eb e-flex e-con-boxed e-con e-parent\" data-id=\"eede9eb\" data-element_type=\"container\" data-settings=\"{&quot;background_background&quot;:&quot;classic&quot;}\">\n\t\t\t\t\t<div class=\"e-con-inner\">\n\t\t\t\t<div class=\"elementor-element elementor-element-ac79d27 wd-width-100 elementor-widget elementor-widget-wd_title\" data-id=\"ac79d27\" data-element_type=\"widget\" data-widget_type=\"wd_title.default\">\n\t\t\t\t<div class=\"elementor-widget-container\">\n\t\t\t\t\t\t\t<div class=\"title-wrapper wd-set-mb reset-last-child wd-title-color-default wd-title-style-default wd-title-size-default text-left\">\n\n\t\t\t\n\t\t\t<div class=\"liner-continer\">\n\t\t\t\t<h3 class=\"woodmart-title-container title wd-fontsize-l\">Funktionalit\u00e4t<\/h3> \n\t\t\t\t\t\t\t<\/div>\n\n\t\t\t\t\t\t\t<div class=\"title-after_title reset-last-child wd-fontsize-xs\">\n\t\t\t\t\t<p>Der K416 ist in der Lage, folgende Frequenzen zu blockieren:<\/p><ol><li><p>Mobilfunksignale \u00fcber alle B\u00e4nder hinweg: 2G\/3G\/4G\/5G<\/p><\/li><li><p>WiFi 2.4\/5GHz<\/p><\/li><li>GPS L1<\/li><li>Lojack<\/li><li>UHF\/VHF<\/li><\/ol>\t\t\t\t<\/div>\n\t\t\t\t\t<\/div>\n\t\t\t\t\t\t<\/div>\n\t\t\t\t<\/div>\n\t\t\t\t\t<\/div>\n\t\t\t\t<\/div>\n\t\t\t\t<\/div>\n\t\t\n<table dir=\"ltr\" border=\"1\" cellspacing=\"0\" cellpadding=\"0\">\n<tbody>\n<tr>\n<td data-sheets-value=\"{\"><strong>Ausgangsleistung:<\/strong><\/td>\n<td data-sheets-value=\"{\">\n<div>\n<div>37W, 2-4W pro Band mit 2dBi Gewinn Rundstrahlantennen<\/div>\n<\/div>\n<\/td>\n<\/tr>\n<tr>\n<td data-sheets-value=\"{\"><strong>Reichweite:<\/strong><\/td>\n<td data-sheets-value=\"{\">Bis zu 40 Meter<\/td>\n<\/tr>\n<tr>\n<td data-sheets-value=\"{\"><strong>Stromversorgung:<\/strong><\/td>\n<td data-sheets-value=\"{\">AC110-240V auf DC24V<\/td>\n<\/tr>\n<tr>\n<td data-sheets-value=\"{\"><strong>K\u00fchlsystem:<\/strong><\/td>\n<td data-sheets-value=\"{\">Eingebaute 3 L\u00fcfter<\/td>\n<\/tr>\n<tr>\n<td data-sheets-value=\"{\"><strong>Batterie:<\/strong><\/td>\n<td data-sheets-value=\"{\">5200mAh<\/td>\n<\/tr>\n<tr>\n<td data-sheets-value=\"{\"><strong>Batterielaufzeit:<\/strong><\/td>\n<td data-sheets-value=\"{\">70 Minuten<\/td>\n<\/tr>\n<tr>\n<td data-sheets-value=\"{\"><strong>Produktma\u00dfe:<\/strong><\/td>\n<td data-sheets-value=\"{\">\n<div>\n<div>200x133x66mm (ohne Antenne)<\/div>\n<\/div>\n<\/td>\n<\/tr>\n<tr>\n<td data-sheets-value=\"{\"><strong>Produktgewicht:<\/strong><\/td>\n<td data-sheets-value=\"{\">ungef\u00e4hr 2,5 kg<\/td>\n<\/tr>\n<tr>\n<td data-sheets-value=\"{\"><strong>Lieferumfang:<\/strong><\/td>\n<td data-sheets-value=\"{\">\n<div>\n<div>St\u00f6rsender x 1, Netzladeger\u00e4t x 1, Rundstrahlantennen x 12, Autoladeger\u00e4t x 1, Nylonh\u00fclle x 1<\/div>\n<\/div>\n<\/td>\n<\/tr>\n<\/tbody>\n<\/table>\n<p>&nbsp;<\/p>\n\t\t\t<link rel=\"stylesheet\" id=\"elementor-post-17739-css\" href=\"https:\/\/hgjammer.com\/wp-content\/uploads\/elementor\/css\/post-17739.css?ver=1773719577\" type=\"text\/css\" media=\"all\">\n\t\t\t\t\t<div data-elementor-type=\"wp-post\" data-elementor-id=\"17739\" class=\"elementor elementor-17739 elementor-15953\" data-elementor-post-type=\"cms_block\">\n\t\t\t\t<div class=\"wd-negative-gap elementor-element elementor-element-ac26d9d e-flex e-con-boxed e-con e-parent\" data-id=\"ac26d9d\" data-element_type=\"container\">\n\t\t\t\t\t<div class=\"e-con-inner\">\n\t\t\t\t<div class=\"elementor-element elementor-element-a0941f7 wd-width-100 elementor-widget elementor-widget-wd_title\" data-id=\"a0941f7\" data-element_type=\"widget\" data-widget_type=\"wd_title.default\">\n\t\t\t\t<div class=\"elementor-widget-container\">\n\t\t\t\t\t\t\t<div class=\"title-wrapper wd-set-mb reset-last-child wd-title-color-default wd-title-style-default wd-title-size-default text-left\">\n\n\t\t\t\t\t\t\t\t\t\t\t<div class=\"title-subtitle subtitle-color-default subtitle-style-default wd-fontsize-xs\">\n\t\t\t\t\tAntenneninformationen\t\t\t\t<\/div>\n\t\t\t\n\t\t\t<div class=\"liner-continer\">\n\t\t\t\t<h3 class=\"woodmart-title-container title wd-fontsize-l\">Spezifikationen f\u00fcr die einzelnen Kan\u00e4le<\/h3> \n\t\t\t\t\t\t\t<\/div>\n\n\t\t\t\t\t\t\t<div class=\"title-after_title reset-last-child wd-fontsize-xs\">\n\t\t\t\t\t<p>Die angegebenen Spezifikationen f\u00fcr die einzelnen Kan\u00e4le basieren auf den USA als Referenz. Da verschiedene L\u00e4nder unterschiedliche Frequenzbereiche nutzen, werden wir den Frequenzbereich vor dem Versand entsprechend Ihrem Land anpassen, um die Effektivit\u00e4t unserer Produkte sicherzustellen. <\/p>\t\t\t\t<\/div>\n\t\t\t\t\t<\/div>\n\t\t\t\t\t\t<\/div>\n\t\t\t\t<\/div>\n\t\t\t\t\t<\/div>\n\t\t\t\t<\/div>\n\t\t\t\t<\/div>\n\t\t\n<p>&nbsp;<\/p>\n<table dir=\"ltr\" border=\"1\" cellspacing=\"0\" cellpadding=\"0\">\n<tbody>\n<tr>\n<td colspan=\"4\" rowspan=\"1\" data-sheets-value=\"{\">K416<\/td>\n<\/tr>\n<tr>\n<td data-sheets-value=\"{\">Kanal<\/td>\n<td data-sheets-value=\"{\">Ausgangsanschl\u00fcsse<\/td>\n<td data-sheets-value=\"{\">Frequenzbereiche<\/td>\n<td data-sheets-value=\"{\">\n<div>\n<div>Durchschnittliche Ausgangsleistung \u00b11dbm<\/div>\n<\/div>\n<\/td>\n<\/tr>\n<tr>\n<td data-sheets-value=\"{\">1<\/td>\n<td data-sheets-value=\"{\">VHF\/LOJACK<\/td>\n<td data-sheets-value=\"{\">135-175MHz<\/td>\n<td data-sheets-value=\"{\">2W<\/td>\n<\/tr>\n<tr>\n<td data-sheets-value=\"{\">2<\/td>\n<td data-sheets-value=\"{\">5G3.5G\/3.7G<\/td>\n<td data-sheets-value=\"{\">3400-3800MHz<\/td>\n<td data-sheets-value=\"{\">3W<\/td>\n<\/tr>\n<tr>\n<td data-sheets-value=\"{\">3<\/td>\n<td data-sheets-value=\"{\">WIFI5.8G\/5.2G<\/td>\n<td data-sheets-value=\"{\">5125-5850MHz<\/td>\n<td data-sheets-value=\"{\">2W<\/td>\n<\/tr>\n<tr>\n<td data-sheets-value=\"{\">4<\/td>\n<td data-sheets-value=\"{\">5G600<\/td>\n<td data-sheets-value=\"{\">617-698 MHz<\/td>\n<td data-sheets-value=\"{\">3W<\/td>\n<\/tr>\n<tr>\n<td data-sheets-value=\"{\">5<\/td>\n<td data-sheets-value=\"{\">4GLTE Low<\/td>\n<td data-sheets-value=\"{\">698-803MHz<\/td>\n<td data-sheets-value=\"{\">4W<\/td>\n<\/tr>\n<tr>\n<td data-sheets-value=\"{\">6<\/td>\n<td data-sheets-value=\"{\">GPSL2L3L4L5<\/td>\n<td data-sheets-value=\"{\">1170-1390MHz<\/td>\n<td data-sheets-value=\"{\">2W<\/td>\n<\/tr>\n<tr>\n<td data-sheets-value=\"{\">7<\/td>\n<td data-sheets-value=\"{\">GPSL1<\/td>\n<td data-sheets-value=\"{\">1560-1610MHz<\/td>\n<td data-sheets-value=\"{\">3W<\/td>\n<\/tr>\n<tr>\n<td data-sheets-value=\"{\">8<\/td>\n<td data-sheets-value=\"{\">4GLTE High<\/td>\n<td data-sheets-value=\"{\">2496-2690MHz<\/td>\n<td data-sheets-value=\"{\">3W<\/td>\n<\/tr>\n<tr>\n<td data-sheets-value=\"{\">9<\/td>\n<td data-sheets-value=\"{\">CDMA\/GSM&amp;LORA<\/td>\n<td data-sheets-value=\"{\">850-960MHz<\/td>\n<td data-sheets-value=\"{\">4W<\/td>\n<\/tr>\n<tr>\n<td data-sheets-value=\"{\">10<\/td>\n<td data-sheets-value=\"{\">DCS\/PCS<\/td>\n<td data-sheets-value=\"{\">1805-2000MHz<\/td>\n<td data-sheets-value=\"{\">4W<\/td>\n<\/tr>\n<tr>\n<td data-sheets-value=\"{\">11<\/td>\n<td data-sheets-value=\"{\">3G<\/td>\n<td data-sheets-value=\"{\">2110-2180MHz<\/td>\n<td data-sheets-value=\"{\">4W<\/td>\n<\/tr>\n<tr>\n<td data-sheets-value=\"{\">12<\/td>\n<td data-sheets-value=\"{\">WIFI2.4G\/4G2300<\/td>\n<td data-sheets-value=\"{\">2300-2485MHz<\/td>\n<td data-sheets-value=\"{\">3W<\/td>\n<\/tr>\n<\/tbody>\n<\/table>\n","protected":false},"excerpt":{"rendered":"<p>Ausgangsleistung: 37W, 2-4W pro Band mit 2dBi Gewinn Rundstrahlantennen Reichweite: Bis zu 40 Meter Stromversorgung: AC110-240V auf DC24V K\u00fchlsystem: Eingebaute<\/p>\n","protected":false},"featured_media":17452,"comment_status":"closed","ping_status":"closed","template":"","meta":{"_acf_changed":false},"product_brand":[],"product_cat":[148,146,147,149],"product_tag":[],"class_list":{"0":"post-17683","1":"product","2":"type-product","3":"status-publish","4":"has-post-thumbnail","6":"product_cat-gps-stoersender","7":"product_cat-handy-stoersender","8":"product_cat-stoersender","9":"product_cat-stoersender-wlan","10":"pa_channel-12-channel-de","11":"pa_output-power-37w-de","12":"pa_range-40-meters-de","13":"pa_type-2-handheld-stoersender","15":"first","16":"instock","17":"purchasable","18":"product-type-simple"},"acf":[],"_links":{"self":[{"href":"https:\/\/hgjammer.com\/de\/wp-json\/wp\/v2\/product\/17683","targetHints":{"allow":["GET"]}}],"collection":[{"href":"https:\/\/hgjammer.com\/de\/wp-json\/wp\/v2\/product"}],"about":[{"href":"https:\/\/hgjammer.com\/de\/wp-json\/wp\/v2\/types\/product"}],"replies":[{"embeddable":true,"href":"https:\/\/hgjammer.com\/de\/wp-json\/wp\/v2\/comments?post=17683"}],"version-history":[{"count":1,"href":"https:\/\/hgjammer.com\/de\/wp-json\/wp\/v2\/product\/17683\/revisions"}],"predecessor-version":[{"id":17762,"href":"https:\/\/hgjammer.com\/de\/wp-json\/wp\/v2\/product\/17683\/revisions\/17762"}],"wp:featuredmedia":[{"embeddable":true,"href":"https:\/\/hgjammer.com\/de\/wp-json\/wp\/v2\/media\/17452"}],"wp:attachment":[{"href":"https:\/\/hgjammer.com\/de\/wp-json\/wp\/v2\/media?parent=17683"}],"wp:term":[{"taxonomy":"product_brand","embeddable":true,"href":"https:\/\/hgjammer.com\/de\/wp-json\/wp\/v2\/product_brand?post=17683"},{"taxonomy":"product_cat","embeddable":true,"href":"https:\/\/hgjammer.com\/de\/wp-json\/wp\/v2\/product_cat?post=17683"},{"taxonomy":"product_tag","embeddable":true,"href":"https:\/\/hgjammer.com\/de\/wp-json\/wp\/v2\/product_tag?post=17683"}],"curies":[{"name":"wp","href":"https:\/\/api.w.org\/{rel}","templated":true}]}}