{"id":17684,"date":"2024-03-30T18:08:29","date_gmt":"2024-03-30T18:08:29","guid":{"rendered":"https:\/\/hgjammer.com\/?post_type=product&#038;p=17684"},"modified":"2024-07-28T14:42:42","modified_gmt":"2024-07-28T14:42:42","slug":"k412","status":"publish","type":"product","link":"https:\/\/hgjammer.com\/de\/produkt\/k412\/","title":{"rendered":"K412 24-Kanal Tragbarer 5G St\u00f6rsender (25 Meter)"},"content":{"rendered":"\t\t\t<link rel=\"stylesheet\" id=\"elementor-post-17811-css\" href=\"https:\/\/hgjammer.com\/wp-content\/uploads\/elementor\/css\/post-17811.css?ver=1773976473\" type=\"text\/css\" media=\"all\">\n\t\t\t\t\t<div data-elementor-type=\"wp-post\" data-elementor-id=\"17811\" class=\"elementor elementor-17811 elementor-16326\" data-elementor-post-type=\"cms_block\">\n\t\t\t\t<div class=\"wd-negative-gap elementor-element elementor-element-eede9eb e-flex e-con-boxed e-con e-parent\" data-id=\"eede9eb\" data-element_type=\"container\" data-settings=\"{&quot;background_background&quot;:&quot;classic&quot;}\">\n\t\t\t\t\t<div class=\"e-con-inner\">\n\t\t\t\t<div class=\"elementor-element elementor-element-ac79d27 wd-width-100 elementor-widget elementor-widget-wd_title\" data-id=\"ac79d27\" data-element_type=\"widget\" data-widget_type=\"wd_title.default\">\n\t\t\t\t<div class=\"elementor-widget-container\">\n\t\t\t\t\t\t\t<div class=\"title-wrapper wd-set-mb reset-last-child wd-title-color-default wd-title-style-default wd-title-size-default text-left\">\n\n\t\t\t\n\t\t\t<div class=\"liner-continer\">\n\t\t\t\t<h3 class=\"woodmart-title-container title wd-fontsize-l\">Funktionalit\u00e4t<\/h3> \n\t\t\t\t\t\t\t<\/div>\n\n\t\t\t\t\t\t\t<div class=\"title-after_title reset-last-child wd-fontsize-xs\">\n\t\t\t\t\t<p>Das K412-Modell ist in der Lage, die folgenden Frequenzen zu blockieren:<\/p><ol><li><p>Mobilfunksignale \u00fcber alle B\u00e4nder hinweg: 2G\/3G\/4G\/5G<\/p><\/li><li><p>WiFi 2.4\/5GHz<\/p><\/li><li>GPS L1 - L5<\/li><li>UHF\/VHF<\/li><li>Lojack<\/li><li>Fernsteuerung 433\/315<\/li><\/ol>\t\t\t\t<\/div>\n\t\t\t\t\t<\/div>\n\t\t\t\t\t\t<\/div>\n\t\t\t\t<\/div>\n\t\t\t\t\t<\/div>\n\t\t\t\t<\/div>\n\t\t\t\t<\/div>\n\t\t\n<table dir=\"ltr\" border=\"1\" cellspacing=\"0\" cellpadding=\"0\">\n<tbody>\n<tr>\n<td data-sheets-value=\"{\"><strong>Ausgangsleistung:<\/strong><\/td>\n<td data-sheets-value=\"{\">\n<div>\n<div>24W, 1W pro Band mit 2dBi Gewinn Rundstrahlantennen<\/div>\n<\/div>\n<\/td>\n<\/tr>\n<tr>\n<td data-sheets-value=\"{\"><strong>Reichweite:<\/strong><\/td>\n<td data-sheets-value=\"{\">Bis zu 25 Meter<\/td>\n<\/tr>\n<tr>\n<td data-sheets-value=\"{\"><strong>Stromversorgung:<\/strong><\/td>\n<td data-sheets-value=\"{\">AC110-240V auf DC12V<\/td>\n<\/tr>\n<tr>\n<td data-sheets-value=\"{\"><strong>K\u00fchlsystem:<\/strong><\/td>\n<td data-sheets-value=\"{\">Eingebaute 3 L\u00fcfter<\/td>\n<\/tr>\n<tr>\n<td data-sheets-value=\"{\"><strong>Batterie:<\/strong><\/td>\n<td data-sheets-value=\"{\">12000mAh<\/td>\n<\/tr>\n<tr>\n<td data-sheets-value=\"{\"><strong>Batterielaufzeit:<\/strong><\/td>\n<td data-sheets-value=\"{\">100 Minuten<\/td>\n<\/tr>\n<tr>\n<td data-sheets-value=\"{\"><strong>Produktma\u00dfe:<\/strong><\/td>\n<td data-sheets-value=\"{\">\n<div>\n<div>200x133x66mm (ohne Antenne)<\/div>\n<\/div>\n<\/td>\n<\/tr>\n<tr>\n<td data-sheets-value=\"{\"><strong>Produktgewicht:<\/strong><\/td>\n<td data-sheets-value=\"{\">ungef\u00e4hr 2,5 kg<\/td>\n<\/tr>\n<tr>\n<td data-sheets-value=\"{\"><strong>Lieferumfang:<\/strong><\/td>\n<td data-sheets-value=\"{\">\n<div>\n<div>St\u00f6rsender x 1, Netzladeger\u00e4t x 1, Rundstrahlantennen x 24, Autoladeger\u00e4t x 1, Nylonh\u00fclle x 1<\/div>\n<\/div>\n<\/td>\n<\/tr>\n<\/tbody>\n<\/table>\n<p>&nbsp;<\/p>\n\t\t\t<link rel=\"stylesheet\" id=\"elementor-post-17739-css\" href=\"https:\/\/hgjammer.com\/wp-content\/uploads\/elementor\/css\/post-17739.css?ver=1773719577\" type=\"text\/css\" media=\"all\">\n\t\t\t\t\t<div data-elementor-type=\"wp-post\" data-elementor-id=\"17739\" class=\"elementor elementor-17739 elementor-15953\" data-elementor-post-type=\"cms_block\">\n\t\t\t\t<div class=\"wd-negative-gap elementor-element elementor-element-ac26d9d e-flex e-con-boxed e-con e-parent\" data-id=\"ac26d9d\" data-element_type=\"container\">\n\t\t\t\t\t<div class=\"e-con-inner\">\n\t\t\t\t<div class=\"elementor-element elementor-element-a0941f7 wd-width-100 elementor-widget elementor-widget-wd_title\" data-id=\"a0941f7\" data-element_type=\"widget\" data-widget_type=\"wd_title.default\">\n\t\t\t\t<div class=\"elementor-widget-container\">\n\t\t\t\t\t\t\t<div class=\"title-wrapper wd-set-mb reset-last-child wd-title-color-default wd-title-style-default wd-title-size-default text-left\">\n\n\t\t\t\t\t\t\t\t\t\t\t<div class=\"title-subtitle subtitle-color-default subtitle-style-default wd-fontsize-xs\">\n\t\t\t\t\tAntenneninformationen\t\t\t\t<\/div>\n\t\t\t\n\t\t\t<div class=\"liner-continer\">\n\t\t\t\t<h3 class=\"woodmart-title-container title wd-fontsize-l\">Spezifikationen f\u00fcr die einzelnen Kan\u00e4le<\/h3> \n\t\t\t\t\t\t\t<\/div>\n\n\t\t\t\t\t\t\t<div class=\"title-after_title reset-last-child wd-fontsize-xs\">\n\t\t\t\t\t<p>Die angegebenen Spezifikationen f\u00fcr die einzelnen Kan\u00e4le basieren auf den USA als Referenz. Da verschiedene L\u00e4nder unterschiedliche Frequenzbereiche nutzen, werden wir den Frequenzbereich vor dem Versand entsprechend Ihrem Land anpassen, um die Effektivit\u00e4t unserer Produkte sicherzustellen. <\/p>\t\t\t\t<\/div>\n\t\t\t\t\t<\/div>\n\t\t\t\t\t\t<\/div>\n\t\t\t\t<\/div>\n\t\t\t\t\t<\/div>\n\t\t\t\t<\/div>\n\t\t\t\t<\/div>\n\t\t\n<p>&nbsp;<\/p>\n<table dir=\"ltr\" border=\"1\" cellspacing=\"0\" cellpadding=\"0\">\n<tbody>\n<tr>\n<td colspan=\"4\" rowspan=\"1\" data-sheets-value=\"{\">K412<\/td>\n<\/tr>\n<tr>\n<td data-sheets-value=\"{\">Kanal<\/td>\n<td data-sheets-value=\"{\">Ausgangsanschl\u00fcsse<\/td>\n<td data-sheets-value=\"{\">Frequenzbereiche<\/td>\n<td data-sheets-value=\"{\">\n<div>\n<div>Durchschnittliche Ausgangsleistung<\/div>\n<\/div>\n<\/td>\n<\/tr>\n<tr>\n<td data-sheets-value=\"{\">1<\/td>\n<td data-sheets-value=\"{\">VHF\/LOJACK<\/td>\n<td data-sheets-value=\"{\">135-175MHz<\/td>\n<td data-sheets-value=\"{\">\n<div>\n<div>30\u00b11dBm\/ 1\u00b10.2W<\/div>\n<\/div>\n<\/td>\n<\/tr>\n<tr>\n<td data-sheets-value=\"{\">2<\/td>\n<td data-sheets-value=\"{\">4G1700<\/td>\n<td data-sheets-value=\"{\">1710-1780MHz<\/td>\n<td data-sheets-value=\"{\">\n<div>\n<div>30\u00b11dBm\/ 1\u00b10.2W<\/div>\n<\/div>\n<\/td>\n<\/tr>\n<tr>\n<td data-sheets-value=\"{\">3<\/td>\n<td data-sheets-value=\"{\">5G600<\/td>\n<td data-sheets-value=\"{\">617-698MHz<\/td>\n<td data-sheets-value=\"{\">\n<div>\n<div>30\u00b11dBm\/ 1\u00b10.2W<\/div>\n<\/div>\n<\/td>\n<\/tr>\n<tr>\n<td data-sheets-value=\"{\">4<\/td>\n<td data-sheets-value=\"{\">3G2100<\/td>\n<td data-sheets-value=\"{\">2110-2180MHZ<\/td>\n<td data-sheets-value=\"{\">\n<div>\n<div>30\u00b11dBm\/ 1\u00b10.2W<\/div>\n<\/div>\n<\/td>\n<\/tr>\n<tr>\n<td data-sheets-value=\"{\">5<\/td>\n<td data-sheets-value=\"{\">WIFI5.2G<\/td>\n<td data-sheets-value=\"{\">5100-5500MHz<\/td>\n<td data-sheets-value=\"{\">\n<div>\n<div>30\u00b11dBm\/ 1\u00b10.2W<\/div>\n<\/div>\n<\/td>\n<\/tr>\n<tr>\n<td data-sheets-value=\"{\">6<\/td>\n<td data-sheets-value=\"{\">GPSL2L3L4L5<\/td>\n<td data-sheets-value=\"{\">1170-1390MHz<\/td>\n<td data-sheets-value=\"{\">\n<div>\n<div>30\u00b11dBm\/ 1\u00b10.2W<\/div>\n<\/div>\n<\/td>\n<\/tr>\n<tr>\n<td data-sheets-value=\"{\">7<\/td>\n<td data-sheets-value=\"{\">LORA<\/td>\n<td data-sheets-value=\"{\">900-930MHz<\/td>\n<td data-sheets-value=\"{\">\n<div>\n<div>30\u00b11dBm\/ 1\u00b10.2W<\/div>\n<\/div>\n<\/td>\n<\/tr>\n<tr>\n<td data-sheets-value=\"{\">8<\/td>\n<td data-sheets-value=\"{\">5G3500<\/td>\n<td data-sheets-value=\"{\">3300-3600MHZ<\/td>\n<td data-sheets-value=\"{\">\n<div>\n<div>30\u00b11dBm\/ 1\u00b10.2W<\/div>\n<\/div>\n<\/td>\n<\/tr>\n<tr>\n<td data-sheets-value=\"{\">9<\/td>\n<td data-sheets-value=\"{\">RC868<\/td>\n<td data-sheets-value=\"{\">868MHz<\/td>\n<td data-sheets-value=\"{\">\n<div>\n<div>30\u00b11dBm\/ 1\u00b10.2W<\/div>\n<\/div>\n<\/td>\n<\/tr>\n<tr>\n<td data-sheets-value=\"{\">10<\/td>\n<td data-sheets-value=\"{\">4G700\/800<\/td>\n<td data-sheets-value=\"{\">725-821MHz<\/td>\n<td data-sheets-value=\"{\">\n<div>\n<div>30\u00b11dBm\/ 1\u00b10.2W<\/div>\n<\/div>\n<\/td>\n<\/tr>\n<tr>\n<td data-sheets-value=\"{\">11<\/td>\n<td data-sheets-value=\"{\">PCS1900<\/td>\n<td data-sheets-value=\"{\">1920-2000MHz<\/td>\n<td data-sheets-value=\"{\">\n<div>\n<div>30\u00b11dBm\/ 1\u00b10.2W<\/div>\n<\/div>\n<\/td>\n<\/tr>\n<tr>\n<td data-sheets-value=\"{\">12<\/td>\n<td data-sheets-value=\"{\">5G3700<\/td>\n<td data-sheets-value=\"{\">3600-3900MHz<\/td>\n<td data-sheets-value=\"{\">\n<div>\n<div>30\u00b11dBm\/ 1\u00b10.2W<\/div>\n<\/div>\n<\/td>\n<\/tr>\n<tr>\n<td data-sheets-value=\"{\">13<\/td>\n<td data-sheets-value=\"{\">4G2600<\/td>\n<td data-sheets-value=\"{\">2500-2690MHZ<\/td>\n<td data-sheets-value=\"{\">\n<div>\n<div>30\u00b11dBm\/ 1\u00b10.2W<\/div>\n<\/div>\n<\/td>\n<\/tr>\n<tr>\n<td data-sheets-value=\"{\">14<\/td>\n<td data-sheets-value=\"{\">5G1500<\/td>\n<td data-sheets-value=\"{\">1427-1518MHz<\/td>\n<td data-sheets-value=\"{\">\n<div>\n<div>30\u00b11dBm\/ 1\u00b10.2W<\/div>\n<\/div>\n<\/td>\n<\/tr>\n<tr>\n<td data-sheets-value=\"{\">15<\/td>\n<td data-sheets-value=\"{\">CDMA850<\/td>\n<td data-sheets-value=\"{\">851-894MHZ<\/td>\n<td data-sheets-value=\"{\">\n<div>\n<div>30\u00b11dBm\/ 1\u00b10.2W<\/div>\n<\/div>\n<\/td>\n<\/tr>\n<tr>\n<td data-sheets-value=\"{\">16<\/td>\n<td data-sheets-value=\"{\">4G2300<\/td>\n<td data-sheets-value=\"{\">2300-2400MHz<\/td>\n<td data-sheets-value=\"{\">\n<div>\n<div>30\u00b11dBm\/ 1\u00b10.2W<\/div>\n<\/div>\n<\/td>\n<\/tr>\n<tr>\n<td data-sheets-value=\"{\">17<\/td>\n<td data-sheets-value=\"{\">RC315<\/td>\n<td data-sheets-value=\"{\">315MHz<\/td>\n<td data-sheets-value=\"{\">\n<div>\n<div>30\u00b11dBm\/ 1\u00b10.2W<\/div>\n<\/div>\n<\/td>\n<\/tr>\n<tr>\n<td data-sheets-value=\"{\">18<\/td>\n<td data-sheets-value=\"{\">RC433<\/td>\n<td data-sheets-value=\"{\">433MHz<\/td>\n<td data-sheets-value=\"{\">\n<div>\n<div>30\u00b11dBm\/ 1\u00b10.2W<\/div>\n<\/div>\n<\/td>\n<\/tr>\n<tr>\n<td data-sheets-value=\"{\">19<\/td>\n<td data-sheets-value=\"{\">UHF&amp;CDMA450<\/td>\n<td data-sheets-value=\"{\">400-470MHz<\/td>\n<td data-sheets-value=\"{\">\n<div>\n<div>30\u00b11dBm\/ 1\u00b10.2W<\/div>\n<\/div>\n<\/td>\n<\/tr>\n<tr>\n<td data-sheets-value=\"{\">20<\/td>\n<td data-sheets-value=\"{\">GSM900<\/td>\n<td data-sheets-value=\"{\">925-960MHz<\/td>\n<td data-sheets-value=\"{\">\n<div>\n<div>30\u00b11dBm\/ 1\u00b10.2W<\/div>\n<\/div>\n<\/td>\n<\/tr>\n<tr>\n<td data-sheets-value=\"{\">21<\/td>\n<td data-sheets-value=\"{\">GPSL1<\/td>\n<td data-sheets-value=\"{\">1570-1610MHz<\/td>\n<td data-sheets-value=\"{\">\n<div>\n<div>30\u00b11dBm\/ 1\u00b10.2W<\/div>\n<\/div>\n<\/td>\n<\/tr>\n<tr>\n<td data-sheets-value=\"{\">22<\/td>\n<td data-sheets-value=\"{\">WIFI2.4G<\/td>\n<td data-sheets-value=\"{\">2400-2500MHz<\/td>\n<td data-sheets-value=\"{\">\n<div>\n<div>30\u00b11dBm\/ 1\u00b10.2W<\/div>\n<\/div>\n<\/td>\n<\/tr>\n<tr>\n<td data-sheets-value=\"{\">23<\/td>\n<td data-sheets-value=\"{\">DCS1800<\/td>\n<td data-sheets-value=\"{\">1805-1920MHz<\/td>\n<td data-sheets-value=\"{\">\n<div>\n<div>30\u00b11dBm\/ 1\u00b10.2W<\/div>\n<\/div>\n<\/td>\n<\/tr>\n<tr>\n<td data-sheets-value=\"{\">24<\/td>\n<td data-sheets-value=\"{\">WIFI5.8G<\/td>\n<td data-sheets-value=\"{\">5500-5900MHz<\/td>\n<td data-sheets-value=\"{\">\n<div>\n<div>30\u00b11dBm\/ 1\u00b10.2W<\/div>\n<\/div>\n<\/td>\n<\/tr>\n<\/tbody>\n<\/table>\n","protected":false},"excerpt":{"rendered":"<p>Ausgangsleistung: 24W, 1W pro Band mit 2dBi Gewinn Rundstrahlantennen Reichweite: Bis zu 25 Meter Stromversorgung: AC110-240V auf DC12V K\u00fchlsystem: Eingebaute<\/p>\n","protected":false},"featured_media":17419,"comment_status":"closed","ping_status":"closed","template":"","meta":{"_acf_changed":false},"product_brand":[],"product_cat":[150,148,146,147,149],"product_tag":[],"class_list":{"0":"post-17684","1":"product","2":"type-product","3":"status-publish","4":"has-post-thumbnail","6":"product_cat-drohne-stoersender","7":"product_cat-gps-stoersender","8":"product_cat-handy-stoersender","9":"product_cat-stoersender","10":"product_cat-stoersender-wlan","11":"pa_channel-24-kanal","12":"pa_output-power-24w-de","13":"pa_range-25-meter","14":"pa_type-2-handheld-stoersender","16":"first","17":"instock","18":"purchasable","19":"product-type-simple"},"acf":[],"_links":{"self":[{"href":"https:\/\/hgjammer.com\/de\/wp-json\/wp\/v2\/product\/17684","targetHints":{"allow":["GET"]}}],"collection":[{"href":"https:\/\/hgjammer.com\/de\/wp-json\/wp\/v2\/product"}],"about":[{"href":"https:\/\/hgjammer.com\/de\/wp-json\/wp\/v2\/types\/product"}],"replies":[{"embeddable":true,"href":"https:\/\/hgjammer.com\/de\/wp-json\/wp\/v2\/comments?post=17684"}],"version-history":[{"count":2,"href":"https:\/\/hgjammer.com\/de\/wp-json\/wp\/v2\/product\/17684\/revisions"}],"predecessor-version":[{"id":17936,"href":"https:\/\/hgjammer.com\/de\/wp-json\/wp\/v2\/product\/17684\/revisions\/17936"}],"wp:featuredmedia":[{"embeddable":true,"href":"https:\/\/hgjammer.com\/de\/wp-json\/wp\/v2\/media\/17419"}],"wp:attachment":[{"href":"https:\/\/hgjammer.com\/de\/wp-json\/wp\/v2\/media?parent=17684"}],"wp:term":[{"taxonomy":"product_brand","embeddable":true,"href":"https:\/\/hgjammer.com\/de\/wp-json\/wp\/v2\/product_brand?post=17684"},{"taxonomy":"product_cat","embeddable":true,"href":"https:\/\/hgjammer.com\/de\/wp-json\/wp\/v2\/product_cat?post=17684"},{"taxonomy":"product_tag","embeddable":true,"href":"https:\/\/hgjammer.com\/de\/wp-json\/wp\/v2\/product_tag?post=17684"}],"curies":[{"name":"wp","href":"https:\/\/api.w.org\/{rel}","templated":true}]}}