{"id":17687,"date":"2024-03-30T18:08:29","date_gmt":"2024-03-30T18:08:29","guid":{"rendered":"https:\/\/hgjammer.com\/?post_type=product&#038;p=17687"},"modified":"2024-07-28T14:40:37","modified_gmt":"2024-07-28T14:40:37","slug":"k409","status":"publish","type":"product","link":"https:\/\/hgjammer.com\/de\/produkt\/k409\/","title":{"rendered":"K409 Handheld St\u00f6rsender (20 Meter)"},"content":{"rendered":"\t\t\t<link rel=\"stylesheet\" id=\"elementor-post-17805-css\" href=\"https:\/\/hgjammer.com\/wp-content\/uploads\/elementor\/css\/post-17805.css?ver=1773764775\" type=\"text\/css\" media=\"all\">\n\t\t\t\t\t<div data-elementor-type=\"wp-post\" data-elementor-id=\"17805\" class=\"elementor elementor-17805 elementor-16097\" data-elementor-post-type=\"cms_block\">\n\t\t\t\t<div class=\"wd-negative-gap elementor-element elementor-element-eede9eb e-flex e-con-boxed e-con e-parent\" data-id=\"eede9eb\" data-element_type=\"container\" data-settings=\"{&quot;background_background&quot;:&quot;classic&quot;}\">\n\t\t\t\t\t<div class=\"e-con-inner\">\n\t\t\t\t<div class=\"elementor-element elementor-element-ac79d27 wd-width-100 elementor-widget elementor-widget-wd_title\" data-id=\"ac79d27\" data-element_type=\"widget\" data-widget_type=\"wd_title.default\">\n\t\t\t\t<div class=\"elementor-widget-container\">\n\t\t\t\t\t\t\t<div class=\"title-wrapper wd-set-mb reset-last-child wd-title-color-default wd-title-style-default wd-title-size-default text-left\">\n\n\t\t\t\n\t\t\t<div class=\"liner-continer\">\n\t\t\t\t<h3 class=\"woodmart-title-container title wd-fontsize-l\">Funktionalit\u00e4t<\/h3> \n\t\t\t\t\t\t\t<\/div>\n\n\t\t\t\t\t\t\t<div class=\"title-after_title reset-last-child wd-fontsize-xs\">\n\t\t\t\t\t<p>Das K409-Modell ist in der Lage, die folgenden Frequenzen zu blockieren:<\/p><ol><li><p>Mobilfunksignale \u00fcber alle B\u00e4nder hinweg: 2G\/3G\/4G\/5G<\/p><\/li><li><p>WiFi 2.4\/5GHz<\/p><\/li><li>GPS L1 - L5<\/li><li>Lojack<\/li><li>Fernsteuerung 433\/315\/868<\/li><\/ol>\t\t\t\t<\/div>\n\t\t\t\t\t<\/div>\n\t\t\t\t\t\t<\/div>\n\t\t\t\t<\/div>\n\t\t\t\t\t<\/div>\n\t\t\t\t<\/div>\n\t\t\t\t<\/div>\n\t\t\n<table dir=\"ltr\" border=\"1\" cellspacing=\"0\" cellpadding=\"0\">\n<tbody>\n<tr>\n<td data-sheets-value=\"{\"><strong>Ausgangsleistung:<\/strong><\/td>\n<td data-sheets-value=\"{\">Gesamt 12W, 0.7W pro Band<\/td>\n<\/tr>\n<tr>\n<td data-sheets-value=\"{\"><strong>Reichweite:<\/strong><\/td>\n<td data-sheets-value=\"{\">Bis zu 20 Meter<\/td>\n<\/tr>\n<tr>\n<td data-sheets-value=\"{\"><strong>Stromversorgung:<\/strong><\/td>\n<td data-sheets-value=\"{\">AC110-240V auf DC12V<\/td>\n<\/tr>\n<tr>\n<td data-sheets-value=\"{\"><strong>K\u00fchlsystem:<\/strong><\/td>\n<td data-sheets-value=\"{\">\n<div>\n<div>Eingebaute 3 L\u00fcfter; K\u00fchlk\u00f6rper aus Aluminiumlegierung<\/div>\n<\/div>\n<\/td>\n<\/tr>\n<tr>\n<td data-sheets-value=\"{\"><strong>Batterie:<\/strong><\/td>\n<td data-sheets-value=\"{\">7.4V\/12000mAh<\/td>\n<\/tr>\n<tr>\n<td data-sheets-value=\"{\"><strong>Batterielaufzeit:<\/strong><\/td>\n<td data-sheets-value=\"{\">120 Minuten<\/td>\n<\/tr>\n<tr>\n<td data-sheets-value=\"{\"><strong>Produktma\u00dfe:<\/strong><\/td>\n<td data-sheets-value=\"{\">\n<div>\n<div>280x130x46 mm (ohne Antenne)<\/div>\n<\/div>\n<\/td>\n<\/tr>\n<tr>\n<td data-sheets-value=\"{\"><strong>Produktgewicht:<\/strong><\/td>\n<td data-sheets-value=\"{\">2,0 Kg<\/td>\n<\/tr>\n<tr>\n<td data-sheets-value=\"{\"><strong>Lieferumfang:<\/strong><\/td>\n<td data-sheets-value=\"{\">\n<div>\n<div>St\u00f6rsender x 1, Netzladeger\u00e4t x 1, Rundstrahlantennen x 16, Autoladeger\u00e4t x 1<\/div>\n<\/div>\n<\/td>\n<\/tr>\n<\/tbody>\n<\/table>\n<p>&nbsp;<\/p>\n\t\t\t<link rel=\"stylesheet\" id=\"elementor-post-17739-css\" href=\"https:\/\/hgjammer.com\/wp-content\/uploads\/elementor\/css\/post-17739.css?ver=1773719577\" type=\"text\/css\" media=\"all\">\n\t\t\t\t\t<div data-elementor-type=\"wp-post\" data-elementor-id=\"17739\" class=\"elementor elementor-17739 elementor-15953\" data-elementor-post-type=\"cms_block\">\n\t\t\t\t<div class=\"wd-negative-gap elementor-element elementor-element-ac26d9d e-flex e-con-boxed e-con e-parent\" data-id=\"ac26d9d\" data-element_type=\"container\">\n\t\t\t\t\t<div class=\"e-con-inner\">\n\t\t\t\t<div class=\"elementor-element elementor-element-a0941f7 wd-width-100 elementor-widget elementor-widget-wd_title\" data-id=\"a0941f7\" data-element_type=\"widget\" data-widget_type=\"wd_title.default\">\n\t\t\t\t<div class=\"elementor-widget-container\">\n\t\t\t\t\t\t\t<div class=\"title-wrapper wd-set-mb reset-last-child wd-title-color-default wd-title-style-default wd-title-size-default text-left\">\n\n\t\t\t\t\t\t\t\t\t\t\t<div class=\"title-subtitle subtitle-color-default subtitle-style-default wd-fontsize-xs\">\n\t\t\t\t\tAntenneninformationen\t\t\t\t<\/div>\n\t\t\t\n\t\t\t<div class=\"liner-continer\">\n\t\t\t\t<h3 class=\"woodmart-title-container title wd-fontsize-l\">Spezifikationen f\u00fcr die einzelnen Kan\u00e4le<\/h3> \n\t\t\t\t\t\t\t<\/div>\n\n\t\t\t\t\t\t\t<div class=\"title-after_title reset-last-child wd-fontsize-xs\">\n\t\t\t\t\t<p>Die angegebenen Spezifikationen f\u00fcr die einzelnen Kan\u00e4le basieren auf den USA als Referenz. Da verschiedene L\u00e4nder unterschiedliche Frequenzbereiche nutzen, werden wir den Frequenzbereich vor dem Versand entsprechend Ihrem Land anpassen, um die Effektivit\u00e4t unserer Produkte sicherzustellen. <\/p>\t\t\t\t<\/div>\n\t\t\t\t\t<\/div>\n\t\t\t\t\t\t<\/div>\n\t\t\t\t<\/div>\n\t\t\t\t\t<\/div>\n\t\t\t\t<\/div>\n\t\t\t\t<\/div>\n\t\t\n<p>&nbsp;<\/p>\n<table dir=\"ltr\" border=\"1\" cellspacing=\"0\" cellpadding=\"0\">\n<tbody>\n<tr>\n<td colspan=\"4\" rowspan=\"1\" data-sheets-value=\"{\">K409<\/td>\n<\/tr>\n<tr>\n<td data-sheets-value=\"{\">Kanal<\/td>\n<td data-sheets-value=\"{\">Ausgangsanschl\u00fcsse<\/td>\n<td data-sheets-value=\"{\">Frequenzbereiche<\/td>\n<td data-sheets-value=\"{\">\n<div>\n<div>Ausgangsleistung:<\/div>\n<\/div>\n<\/td>\n<\/tr>\n<tr>\n<td data-sheets-value=\"{\">1<\/td>\n<td data-sheets-value=\"{\">VHF&amp;LOJACK<\/td>\n<td data-sheets-value=\"{\">135-175MHz<\/td>\n<td data-sheets-value=\"{\">\n<div>\n<div>28.5dbm \/ 0.7W<\/div>\n<\/div>\n<\/td>\n<\/tr>\n<tr>\n<td data-sheets-value=\"{\">2<\/td>\n<td data-sheets-value=\"{\">4G 700<\/td>\n<td data-sheets-value=\"{\">700 \u2013 803MHz<\/td>\n<td data-sheets-value=\"{\">\n<div>\n<div>28.5dbm \/ 0.7W<\/div>\n<\/div>\n<\/td>\n<\/tr>\n<tr>\n<td data-sheets-value=\"{\">3<\/td>\n<td data-sheets-value=\"{\">5G 600<\/td>\n<td data-sheets-value=\"{\">617 \u2013 685MHz<\/td>\n<td data-sheets-value=\"{\">\n<div>\n<div>28.5dbm \/ 0.7W<\/div>\n<\/div>\n<\/td>\n<\/tr>\n<tr>\n<td data-sheets-value=\"{\">4<\/td>\n<td data-sheets-value=\"{\">3G<\/td>\n<td data-sheets-value=\"{\">2110 \u2013 2170MHz<\/td>\n<td data-sheets-value=\"{\">\n<div>\n<div>28.5dbm \/ 0.7W<\/div>\n<\/div>\n<\/td>\n<\/tr>\n<tr>\n<td data-sheets-value=\"{\">5<\/td>\n<td data-sheets-value=\"{\">WIFI 5.2G<\/td>\n<td data-sheets-value=\"{\">5125 \u2013 5350MHz<\/td>\n<td data-sheets-value=\"{\">\n<div>\n<div>28.5dbm \/ 0.7W<\/div>\n<\/div>\n<\/td>\n<\/tr>\n<tr>\n<td data-sheets-value=\"{\">6<\/td>\n<td data-sheets-value=\"{\">4G 1700<\/td>\n<td data-sheets-value=\"{\">1710-1780MHz<\/td>\n<td data-sheets-value=\"{\">\n<div>\n<div>28.5dbm \/ 0.7W<\/div>\n<\/div>\n<\/td>\n<\/tr>\n<tr>\n<td data-sheets-value=\"{\">7<\/td>\n<td data-sheets-value=\"{\">CDMA<\/td>\n<td data-sheets-value=\"{\">850-894MHz<\/td>\n<td data-sheets-value=\"{\">\n<div>\n<div>28.5dbm \/ 0.7W<\/div>\n<\/div>\n<\/td>\n<\/tr>\n<tr>\n<td data-sheets-value=\"{\">8<\/td>\n<td data-sheets-value=\"{\">4G 2600<\/td>\n<td data-sheets-value=\"{\">2500 \u2013 2690MHz<\/td>\n<td data-sheets-value=\"{\">\n<div>\n<div>28.5dbm \/ 0.7W<\/div>\n<\/div>\n<\/td>\n<\/tr>\n<tr>\n<td data-sheets-value=\"{\">9<\/td>\n<td data-sheets-value=\"{\">RC 315<\/td>\n<td data-sheets-value=\"{\">315MHz<\/td>\n<td data-sheets-value=\"{\">\n<div>\n<div>28.5dbm \/ 0.7W<\/div>\n<\/div>\n<\/td>\n<\/tr>\n<tr>\n<td data-sheets-value=\"{\">10<\/td>\n<td data-sheets-value=\"{\">RC 433<\/td>\n<td data-sheets-value=\"{\">433MHz<\/td>\n<td data-sheets-value=\"{\">\n<div>\n<div>28.5dbm \/ 0.7W<\/div>\n<\/div>\n<\/td>\n<\/tr>\n<tr>\n<td data-sheets-value=\"{\">11<\/td>\n<td data-sheets-value=\"{\">5G 3600<\/td>\n<td data-sheets-value=\"{\">3600 \u2013 3900MHz<\/td>\n<td data-sheets-value=\"{\">\n<div>\n<div>28.5dbm \/ 0.7W<\/div>\n<\/div>\n<\/td>\n<\/tr>\n<tr>\n<td data-sheets-value=\"{\">12<\/td>\n<td data-sheets-value=\"{\">5G 3400<\/td>\n<td data-sheets-value=\"{\">3400 \u2013 3600MHz<\/td>\n<td data-sheets-value=\"{\">\n<div>\n<div>28.5dbm \/ 0.7W<\/div>\n<\/div>\n<\/td>\n<\/tr>\n<tr>\n<td data-sheets-value=\"{\">13<\/td>\n<td data-sheets-value=\"{\">GPSL1<\/td>\n<td data-sheets-value=\"{\">1570 \u2013 1580MHz<\/td>\n<td data-sheets-value=\"{\">\n<div>\n<div>28.5dbm \/ 0.7W<\/div>\n<\/div>\n<\/td>\n<\/tr>\n<tr>\n<td data-sheets-value=\"{\">14<\/td>\n<td data-sheets-value=\"{\">WIFI 2.4G \/ 4G 2300<\/td>\n<td data-sheets-value=\"{\">2345 \u2013 2500MHz<\/td>\n<td data-sheets-value=\"{\">\n<div>\n<div>28.5dbm \/ 0.7W<\/div>\n<\/div>\n<\/td>\n<\/tr>\n<tr>\n<td data-sheets-value=\"{\">15<\/td>\n<td data-sheets-value=\"{\">PCS<\/td>\n<td data-sheets-value=\"{\">1920 \u2013 1990MHz<\/td>\n<td data-sheets-value=\"{\">\n<div>\n<div>28.5dbm \/ 0.7W<\/div>\n<\/div>\n<\/td>\n<\/tr>\n<tr>\n<td data-sheets-value=\"{\">16<\/td>\n<td data-sheets-value=\"{\">WIFI 5.8G<\/td>\n<td data-sheets-value=\"{\">5725 \u2013 5850MHz<\/td>\n<td data-sheets-value=\"{\">\n<div>\n<div>28.5dbm \/ 0.7W<\/div>\n<\/div>\n<\/td>\n<\/tr>\n<\/tbody>\n<\/table>\n","protected":false},"excerpt":{"rendered":"<p>Ausgangsleistung: Gesamt 12W, 0.7W pro Band Reichweite: Bis zu 20 Meter Stromversorgung: AC110-240V auf DC12V K\u00fchlsystem: Eingebaute 3 L\u00fcfter; K\u00fchlk\u00f6rper<\/p>\n","protected":false},"featured_media":17397,"comment_status":"closed","ping_status":"closed","template":"","meta":{"_acf_changed":false},"product_brand":[],"product_cat":[150,148,146,147,149],"product_tag":[],"class_list":{"0":"post-17687","1":"product","2":"type-product","3":"status-publish","4":"has-post-thumbnail","6":"product_cat-drohne-stoersender","7":"product_cat-gps-stoersender","8":"product_cat-handy-stoersender","9":"product_cat-stoersender","10":"product_cat-stoersender-wlan","11":"pa_channel-versteckte-antenne","12":"pa_output-power-12w-de-2","13":"pa_range-20-meter","14":"pa_type-2-handheld-stoersender","16":"first","17":"instock","18":"purchasable","19":"product-type-simple"},"acf":[],"_links":{"self":[{"href":"https:\/\/hgjammer.com\/de\/wp-json\/wp\/v2\/product\/17687","targetHints":{"allow":["GET"]}}],"collection":[{"href":"https:\/\/hgjammer.com\/de\/wp-json\/wp\/v2\/product"}],"about":[{"href":"https:\/\/hgjammer.com\/de\/wp-json\/wp\/v2\/types\/product"}],"replies":[{"embeddable":true,"href":"https:\/\/hgjammer.com\/de\/wp-json\/wp\/v2\/comments?post=17687"}],"version-history":[{"count":3,"href":"https:\/\/hgjammer.com\/de\/wp-json\/wp\/v2\/product\/17687\/revisions"}],"predecessor-version":[{"id":17934,"href":"https:\/\/hgjammer.com\/de\/wp-json\/wp\/v2\/product\/17687\/revisions\/17934"}],"wp:featuredmedia":[{"embeddable":true,"href":"https:\/\/hgjammer.com\/de\/wp-json\/wp\/v2\/media\/17397"}],"wp:attachment":[{"href":"https:\/\/hgjammer.com\/de\/wp-json\/wp\/v2\/media?parent=17687"}],"wp:term":[{"taxonomy":"product_brand","embeddable":true,"href":"https:\/\/hgjammer.com\/de\/wp-json\/wp\/v2\/product_brand?post=17687"},{"taxonomy":"product_cat","embeddable":true,"href":"https:\/\/hgjammer.com\/de\/wp-json\/wp\/v2\/product_cat?post=17687"},{"taxonomy":"product_tag","embeddable":true,"href":"https:\/\/hgjammer.com\/de\/wp-json\/wp\/v2\/product_tag?post=17687"}],"curies":[{"name":"wp","href":"https:\/\/api.w.org\/{rel}","templated":true}]}}