{"id":17690,"date":"2024-03-30T18:08:29","date_gmt":"2024-03-30T18:08:29","guid":{"rendered":"https:\/\/hgjammer.com\/?post_type=product&#038;p=17690"},"modified":"2024-07-28T15:00:16","modified_gmt":"2024-07-28T15:00:16","slug":"k406","status":"publish","type":"product","link":"https:\/\/hgjammer.com\/de\/produkt\/k406\/","title":{"rendered":"K406 WLAN Bluetooth St\u00f6rsender (40 Meter)"},"content":{"rendered":"\t\t\t<link rel=\"stylesheet\" id=\"elementor-post-17799-css\" href=\"https:\/\/hgjammer.com\/wp-content\/uploads\/elementor\/css\/post-17799.css?ver=1773722078\" type=\"text\/css\" media=\"all\">\n\t\t\t\t\t<div data-elementor-type=\"wp-post\" data-elementor-id=\"17799\" class=\"elementor elementor-17799 elementor-16067\" data-elementor-post-type=\"cms_block\">\n\t\t\t\t<div class=\"wd-negative-gap elementor-element elementor-element-eede9eb e-flex e-con-boxed e-con e-parent\" data-id=\"eede9eb\" data-element_type=\"container\" data-settings=\"{&quot;background_background&quot;:&quot;classic&quot;}\">\n\t\t\t\t\t<div class=\"e-con-inner\">\n\t\t\t\t<div class=\"elementor-element elementor-element-ac79d27 wd-width-100 elementor-widget elementor-widget-wd_title\" data-id=\"ac79d27\" data-element_type=\"widget\" data-widget_type=\"wd_title.default\">\n\t\t\t\t<div class=\"elementor-widget-container\">\n\t\t\t\t\t\t\t<div class=\"title-wrapper wd-set-mb reset-last-child wd-title-color-default wd-title-style-default wd-title-size-default text-left\">\n\n\t\t\t\n\t\t\t<div class=\"liner-continer\">\n\t\t\t\t<h3 class=\"woodmart-title-container title wd-fontsize-l\">Funktionalit\u00e4t<\/h3> \n\t\t\t\t\t\t\t<\/div>\n\n\t\t\t\t\t\t\t<div class=\"title-after_title reset-last-child wd-fontsize-xs\">\n\t\t\t\t\t<p>Das K406-Modell ist in der Lage, die folgenden Frequenzen zu blockieren:<\/p><ol><li>WiFi 2.4  5GHz<\/li><li>Bluetooth-Verbindung<\/li><\/ol>\t\t\t\t<\/div>\n\t\t\t\t\t<\/div>\n\t\t\t\t\t\t<\/div>\n\t\t\t\t<\/div>\n\t\t\t\t\t<\/div>\n\t\t\t\t<\/div>\n\t\t\t\t<\/div>\n\t\t\n<table dir=\"ltr\" border=\"1\" cellspacing=\"0\" cellpadding=\"0\">\n<tbody>\n<tr>\n<td data-sheets-value=\"{\"><strong>Ausgangsleistung:<\/strong><\/td>\n<td data-sheets-value=\"{\">Gesamt 6W<\/td>\n<\/tr>\n<tr>\n<td data-sheets-value=\"{\"><strong>Reichweite:<\/strong><\/td>\n<td data-sheets-value=\"{\">Bis zu 40 Meter<\/td>\n<\/tr>\n<tr>\n<td data-sheets-value=\"{\"><strong>Stromversorgung:<\/strong><\/td>\n<td data-sheets-value=\"{\">AC110 or 220V to DC12V<\/td>\n<\/tr>\n<tr>\n<td data-sheets-value=\"{\"><strong>K\u00fchlsystem:<\/strong><\/td>\n<td data-sheets-value=\"{\">\n<div>\n<div>Eingebaute 3 L\u00fcfter; K\u00fchlk\u00f6rper aus Aluminiumlegierung<\/div>\n<\/div>\n<\/td>\n<\/tr>\n<tr>\n<td data-sheets-value=\"{\"><strong>Batterie:<\/strong><\/td>\n<td data-sheets-value=\"{\">3000mAh<\/td>\n<\/tr>\n<tr>\n<td data-sheets-value=\"{\"><strong>Batterielaufzeit:<\/strong><\/td>\n<td data-sheets-value=\"{\">180 Minuten<\/td>\n<\/tr>\n<tr>\n<td data-sheets-value=\"{\"><strong>Produktma\u00dfe:<\/strong><\/td>\n<td data-sheets-value=\"{\">210x130x46 mm<\/td>\n<\/tr>\n<tr>\n<td data-sheets-value=\"{\"><strong>Produktgewicht:<\/strong><\/td>\n<td data-sheets-value=\"{\">2,0 kg<\/td>\n<\/tr>\n<tr>\n<td data-sheets-value=\"{\"><strong>Lieferumfang:<\/strong><\/td>\n<td data-sheets-value=\"{\">\n<div>\n<div>Ger\u00e4t x 1, Netzladeger\u00e4t x 1, Antennen x 3<\/div>\n<\/div>\n<\/td>\n<\/tr>\n<\/tbody>\n<\/table>\n<p>&nbsp;<\/p>\n\t\t\t<link rel=\"stylesheet\" id=\"elementor-post-17739-css\" href=\"https:\/\/hgjammer.com\/wp-content\/uploads\/elementor\/css\/post-17739.css?ver=1773719577\" type=\"text\/css\" media=\"all\">\n\t\t\t\t\t<div data-elementor-type=\"wp-post\" data-elementor-id=\"17739\" class=\"elementor elementor-17739 elementor-15953\" data-elementor-post-type=\"cms_block\">\n\t\t\t\t<div class=\"wd-negative-gap elementor-element elementor-element-ac26d9d e-flex e-con-boxed e-con e-parent\" data-id=\"ac26d9d\" data-element_type=\"container\">\n\t\t\t\t\t<div class=\"e-con-inner\">\n\t\t\t\t<div class=\"elementor-element elementor-element-a0941f7 wd-width-100 elementor-widget elementor-widget-wd_title\" data-id=\"a0941f7\" data-element_type=\"widget\" data-widget_type=\"wd_title.default\">\n\t\t\t\t<div class=\"elementor-widget-container\">\n\t\t\t\t\t\t\t<div class=\"title-wrapper wd-set-mb reset-last-child wd-title-color-default wd-title-style-default wd-title-size-default text-left\">\n\n\t\t\t\t\t\t\t\t\t\t\t<div class=\"title-subtitle subtitle-color-default subtitle-style-default wd-fontsize-xs\">\n\t\t\t\t\tAntenneninformationen\t\t\t\t<\/div>\n\t\t\t\n\t\t\t<div class=\"liner-continer\">\n\t\t\t\t<h3 class=\"woodmart-title-container title wd-fontsize-l\">Spezifikationen f\u00fcr die einzelnen Kan\u00e4le<\/h3> \n\t\t\t\t\t\t\t<\/div>\n\n\t\t\t\t\t\t\t<div class=\"title-after_title reset-last-child wd-fontsize-xs\">\n\t\t\t\t\t<p>Die angegebenen Spezifikationen f\u00fcr die einzelnen Kan\u00e4le basieren auf den USA als Referenz. Da verschiedene L\u00e4nder unterschiedliche Frequenzbereiche nutzen, werden wir den Frequenzbereich vor dem Versand entsprechend Ihrem Land anpassen, um die Effektivit\u00e4t unserer Produkte sicherzustellen. <\/p>\t\t\t\t<\/div>\n\t\t\t\t\t<\/div>\n\t\t\t\t\t\t<\/div>\n\t\t\t\t<\/div>\n\t\t\t\t\t<\/div>\n\t\t\t\t<\/div>\n\t\t\t\t<\/div>\n\t\t\n<p>&nbsp;<\/p>\n<table dir=\"ltr\" border=\"1\" cellspacing=\"0\" cellpadding=\"0\">\n<tbody>\n<tr>\n<td colspan=\"4\" rowspan=\"1\" data-sheets-value=\"{\">K406<\/td>\n<\/tr>\n<tr>\n<td data-sheets-value=\"{\">Kanal<\/td>\n<td data-sheets-value=\"{\">Ausgangsanschl\u00fcsse<\/td>\n<td data-sheets-value=\"{\">Frequenzbereiche<\/td>\n<td data-sheets-value=\"{\">\n<div>\n<div>Ausgangsleistung \u00b11dbm<\/div>\n<\/div>\n<\/td>\n<\/tr>\n<tr>\n<td data-sheets-value=\"{\">Band 1<\/td>\n<td data-sheets-value=\"{\">Wi-Fi Bluetooth 2.4G<\/td>\n<td data-sheets-value=\"{\">2400-2500MHz<\/td>\n<td data-sheets-value=\"{\">35dbm \/ 3W<\/td>\n<\/tr>\n<tr>\n<td data-sheets-value=\"{\">Band 2<\/td>\n<td data-sheets-value=\"{\">Wi-Fi 5.8G<\/td>\n<td data-sheets-value=\"{\">5500-5900MHz<\/td>\n<td data-sheets-value=\"{\">\n<div>\n<div>31.7dbm \/ 1.5W<\/div>\n<\/div>\n<\/td>\n<\/tr>\n<tr>\n<td data-sheets-value=\"{\">Band 3<\/td>\n<td data-sheets-value=\"{\">Wi-Fi 5.2G<\/td>\n<td data-sheets-value=\"{\">5100-5500MHz<\/td>\n<td data-sheets-value=\"{\">\n<div>\n<div>31.7dbm \/ 1.5W<\/div>\n<\/div>\n<\/td>\n<\/tr>\n<\/tbody>\n<\/table>\n","protected":false},"excerpt":{"rendered":"<p>Ausgangsleistung: Gesamt 6W Reichweite: Bis zu 40 Meter Stromversorgung: AC110 or 220V to DC12V K\u00fchlsystem: Eingebaute 3 L\u00fcfter; K\u00fchlk\u00f6rper aus<\/p>\n","protected":false},"featured_media":17374,"comment_status":"closed","ping_status":"closed","template":"","meta":{"_acf_changed":false},"product_brand":[],"product_cat":[147,149],"product_tag":[],"class_list":{"0":"post-17690","1":"product","2":"type-product","3":"status-publish","4":"has-post-thumbnail","6":"product_cat-stoersender","7":"product_cat-stoersender-wlan","8":"pa_channel-3-kanal","9":"pa_output-power-6w-de","10":"pa_range-40-meters-de","11":"pa_type-2-handheld-stoersender","13":"first","14":"instock","15":"purchasable","16":"product-type-simple"},"acf":[],"_links":{"self":[{"href":"https:\/\/hgjammer.com\/de\/wp-json\/wp\/v2\/product\/17690","targetHints":{"allow":["GET"]}}],"collection":[{"href":"https:\/\/hgjammer.com\/de\/wp-json\/wp\/v2\/product"}],"about":[{"href":"https:\/\/hgjammer.com\/de\/wp-json\/wp\/v2\/types\/product"}],"replies":[{"embeddable":true,"href":"https:\/\/hgjammer.com\/de\/wp-json\/wp\/v2\/comments?post=17690"}],"version-history":[{"count":2,"href":"https:\/\/hgjammer.com\/de\/wp-json\/wp\/v2\/product\/17690\/revisions"}],"predecessor-version":[{"id":17931,"href":"https:\/\/hgjammer.com\/de\/wp-json\/wp\/v2\/product\/17690\/revisions\/17931"}],"wp:featuredmedia":[{"embeddable":true,"href":"https:\/\/hgjammer.com\/de\/wp-json\/wp\/v2\/media\/17374"}],"wp:attachment":[{"href":"https:\/\/hgjammer.com\/de\/wp-json\/wp\/v2\/media?parent=17690"}],"wp:term":[{"taxonomy":"product_brand","embeddable":true,"href":"https:\/\/hgjammer.com\/de\/wp-json\/wp\/v2\/product_brand?post=17690"},{"taxonomy":"product_cat","embeddable":true,"href":"https:\/\/hgjammer.com\/de\/wp-json\/wp\/v2\/product_cat?post=17690"},{"taxonomy":"product_tag","embeddable":true,"href":"https:\/\/hgjammer.com\/de\/wp-json\/wp\/v2\/product_tag?post=17690"}],"curies":[{"name":"wp","href":"https:\/\/api.w.org\/{rel}","templated":true}]}}