{"id":17692,"date":"2024-03-30T18:08:29","date_gmt":"2024-03-30T18:08:29","guid":{"rendered":"https:\/\/hgjammer.com\/?post_type=product&#038;p=17692"},"modified":"2024-07-28T14:34:58","modified_gmt":"2024-07-28T14:34:58","slug":"k306","status":"publish","type":"product","link":"https:\/\/hgjammer.com\/de\/produkt\/k306\/","title":{"rendered":"K306 12-Kanal Hochleistungs-St\u00f6rsender (80 Meter)"},"content":{"rendered":"\t\t\t<link rel=\"stylesheet\" id=\"elementor-post-17783-css\" href=\"https:\/\/hgjammer.com\/wp-content\/uploads\/elementor\/css\/post-17783.css?ver=1773764775\" type=\"text\/css\" media=\"all\">\n\t\t\t\t\t<div data-elementor-type=\"wp-post\" data-elementor-id=\"17783\" class=\"elementor elementor-17783 elementor-15994\" data-elementor-post-type=\"cms_block\">\n\t\t\t\t<div class=\"wd-negative-gap elementor-element elementor-element-eede9eb e-flex e-con-boxed e-con e-parent\" data-id=\"eede9eb\" data-element_type=\"container\" data-settings=\"{&quot;background_background&quot;:&quot;classic&quot;}\">\n\t\t\t\t\t<div class=\"e-con-inner\">\n\t\t\t\t<div class=\"elementor-element elementor-element-ac79d27 wd-width-100 elementor-widget elementor-widget-wd_title\" data-id=\"ac79d27\" data-element_type=\"widget\" data-widget_type=\"wd_title.default\">\n\t\t\t\t<div class=\"elementor-widget-container\">\n\t\t\t\t\t\t\t<div class=\"title-wrapper wd-set-mb reset-last-child wd-title-color-default wd-title-style-default wd-title-size-default text-left\">\n\n\t\t\t\n\t\t\t<div class=\"liner-continer\">\n\t\t\t\t<h3 class=\"woodmart-title-container title wd-fontsize-l\">Funktionalit\u00e4t<\/h3> \n\t\t\t\t\t\t\t<\/div>\n\n\t\t\t\t\t\t\t<div class=\"title-after_title reset-last-child wd-fontsize-xs\">\n\t\t\t\t\t<p>Das K306-Modell ist in der Lage, die folgenden Frequenzen zu blockieren:<\/p><ul><li>2G-, 3G- und 4G-Mobilfunksignale<\/li><li>GPS L1 - L5<\/li><li>WiFi (2.4  5GHz)<\/li><li>Lojack<\/li><\/ul>\t\t\t\t<\/div>\n\t\t\t\t\t<\/div>\n\t\t\t\t\t\t<\/div>\n\t\t\t\t<\/div>\n\t\t\t\t\t<\/div>\n\t\t\t\t<\/div>\n\t\t\t\t<\/div>\n\t\t\n<table dir=\"ltr\" border=\"1\" cellspacing=\"0\" cellpadding=\"0\">\n<tbody>\n<tr>\n<td data-sheets-value=\"{\"><strong>Ausgangsleistung:<\/strong><\/td>\n<td data-sheets-value=\"{\">Gesamt 86W, 3-10W pro Band<\/td>\n<\/tr>\n<tr>\n<td data-sheets-value=\"{\"><strong>Reichweite:<\/strong><\/td>\n<td data-sheets-value=\"{\">Bis zu 80 Meter<\/td>\n<\/tr>\n<tr>\n<td data-sheets-value=\"{\"><strong>Stromversorgung:<\/strong><\/td>\n<td data-sheets-value=\"{\">\n<div>\n<div>DC24V und AC110-220V zu DC24V Adapter<\/div>\n<\/div>\n<\/td>\n<\/tr>\n<tr>\n<td data-sheets-value=\"{\"><strong>K\u00fchlsystem:<\/strong><\/td>\n<td data-sheets-value=\"{\">\n<div>\n<div>Eingebaute 3 L\u00fcfter; K\u00fchlk\u00f6rper aus Aluminiumlegierung<\/div>\n<\/div>\n<\/td>\n<\/tr>\n<tr>\n<td data-sheets-value=\"{\"><strong>Batterie:<\/strong><\/td>\n<td data-sheets-value=\"{\">Eingebaute Batterie DC24V<\/td>\n<\/tr>\n<tr>\n<td data-sheets-value=\"{\"><strong>Batterielaufzeit:<\/strong><\/td>\n<td data-sheets-value=\"{\">90 Minuten<\/td>\n<\/tr>\n<tr>\n<td data-sheets-value=\"{\"><strong>Produktma\u00dfe:<\/strong><\/td>\n<td data-sheets-value=\"{\">465 x 365 x 185 mm<\/td>\n<\/tr>\n<tr>\n<td data-sheets-value=\"{\"><strong>Produktgewicht:<\/strong><\/td>\n<td data-sheets-value=\"{\">12 kg<\/td>\n<\/tr>\n<tr>\n<td data-sheets-value=\"{\"><strong>Lieferumfang:<\/strong><\/td>\n<td data-sheets-value=\"{\">\n<div>\n<div>St\u00f6rsender x 1, Batterieladeger\u00e4t x 1, Antennen x 12, Netzstecker x 1<\/div>\n<\/div>\n<\/td>\n<\/tr>\n<\/tbody>\n<\/table>\n<p>&nbsp;<\/p>\n\t\t\t<link rel=\"stylesheet\" id=\"elementor-post-17739-css\" href=\"https:\/\/hgjammer.com\/wp-content\/uploads\/elementor\/css\/post-17739.css?ver=1773719577\" type=\"text\/css\" media=\"all\">\n\t\t\t\t\t<div data-elementor-type=\"wp-post\" data-elementor-id=\"17739\" class=\"elementor elementor-17739 elementor-15953\" data-elementor-post-type=\"cms_block\">\n\t\t\t\t<div class=\"wd-negative-gap elementor-element elementor-element-ac26d9d e-flex e-con-boxed e-con e-parent\" data-id=\"ac26d9d\" data-element_type=\"container\">\n\t\t\t\t\t<div class=\"e-con-inner\">\n\t\t\t\t<div class=\"elementor-element elementor-element-a0941f7 wd-width-100 elementor-widget elementor-widget-wd_title\" data-id=\"a0941f7\" data-element_type=\"widget\" data-widget_type=\"wd_title.default\">\n\t\t\t\t<div class=\"elementor-widget-container\">\n\t\t\t\t\t\t\t<div class=\"title-wrapper wd-set-mb reset-last-child wd-title-color-default wd-title-style-default wd-title-size-default text-left\">\n\n\t\t\t\t\t\t\t\t\t\t\t<div class=\"title-subtitle subtitle-color-default subtitle-style-default wd-fontsize-xs\">\n\t\t\t\t\tAntenneninformationen\t\t\t\t<\/div>\n\t\t\t\n\t\t\t<div class=\"liner-continer\">\n\t\t\t\t<h3 class=\"woodmart-title-container title wd-fontsize-l\">Spezifikationen f\u00fcr die einzelnen Kan\u00e4le<\/h3> \n\t\t\t\t\t\t\t<\/div>\n\n\t\t\t\t\t\t\t<div class=\"title-after_title reset-last-child wd-fontsize-xs\">\n\t\t\t\t\t<p>Die angegebenen Spezifikationen f\u00fcr die einzelnen Kan\u00e4le basieren auf den USA als Referenz. Da verschiedene L\u00e4nder unterschiedliche Frequenzbereiche nutzen, werden wir den Frequenzbereich vor dem Versand entsprechend Ihrem Land anpassen, um die Effektivit\u00e4t unserer Produkte sicherzustellen. <\/p>\t\t\t\t<\/div>\n\t\t\t\t\t<\/div>\n\t\t\t\t\t\t<\/div>\n\t\t\t\t<\/div>\n\t\t\t\t\t<\/div>\n\t\t\t\t<\/div>\n\t\t\t\t<\/div>\n\t\t\n<p>&nbsp;<\/p>\n<table dir=\"ltr\" border=\"1\" cellspacing=\"0\" cellpadding=\"0\">\n<tbody>\n<tr>\n<td colspan=\"4\" rowspan=\"1\" data-sheets-value=\"{\">K306<\/td>\n<\/tr>\n<tr>\n<td data-sheets-value=\"{\">Kanal<\/td>\n<td data-sheets-value=\"{\">Ausgangsanschl\u00fcsse<\/td>\n<td data-sheets-value=\"{\">Frequenzbereiche<\/td>\n<td data-sheets-value=\"{\">\n<div>\n<div>Ausgangsleistung:<\/div>\n<\/div>\n<\/td>\n<\/tr>\n<tr>\n<td data-sheets-value=\"{\">1<\/td>\n<td data-sheets-value=\"{\">GSM or CDMA<\/td>\n<td data-sheets-value=\"{\">925-960 or 851-894MHz<\/td>\n<td data-sheets-value=\"{\">40dbm \/ 10W<\/td>\n<\/tr>\n<tr>\n<td data-sheets-value=\"{\">2<\/td>\n<td data-sheets-value=\"{\">DCS or PCS<\/td>\n<td data-sheets-value=\"{\">1805-1880 or 1920-1990MHz<\/td>\n<td data-sheets-value=\"{\">39dbm \/ 8W<\/td>\n<\/tr>\n<tr>\n<td data-sheets-value=\"{\">3<\/td>\n<td data-sheets-value=\"{\">3G<\/td>\n<td data-sheets-value=\"{\">2110-2170MHz<\/td>\n<td data-sheets-value=\"{\">39dbm \/ 8W<\/td>\n<\/tr>\n<tr>\n<td data-sheets-value=\"{\">4<\/td>\n<td data-sheets-value=\"{\">4GLTE<\/td>\n<td data-sheets-value=\"{\">758-821 or 700-803MHz<\/td>\n<td data-sheets-value=\"{\">40dbm \/ 10W<\/td>\n<\/tr>\n<tr>\n<td data-sheets-value=\"{\">5<\/td>\n<td data-sheets-value=\"{\">4G WIMAX<\/td>\n<td data-sheets-value=\"{\">2500-2690 MHz<\/td>\n<td data-sheets-value=\"{\">39dbm \/ 8W<\/td>\n<\/tr>\n<tr>\n<td data-sheets-value=\"{\">6<\/td>\n<td data-sheets-value=\"{\">WIFI2.4G or 4G2300<\/td>\n<td data-sheets-value=\"{\">2400-2500 or 2300-2400MHz<\/td>\n<td data-sheets-value=\"{\">39dbm \/ 8W<\/td>\n<\/tr>\n<tr>\n<td data-sheets-value=\"{\">7<\/td>\n<td data-sheets-value=\"{\">VHF\/LOJACK<\/td>\n<td data-sheets-value=\"{\">135-175MHz<\/td>\n<td data-sheets-value=\"{\">37dbm \/ 5W<\/td>\n<\/tr>\n<tr>\n<td data-sheets-value=\"{\">8<\/td>\n<td data-sheets-value=\"{\">GPS<\/td>\n<td data-sheets-value=\"{\">1570-1610MHz<\/td>\n<td data-sheets-value=\"{\">37dbm \/ 5W<\/td>\n<\/tr>\n<tr>\n<td data-sheets-value=\"{\">9<\/td>\n<td data-sheets-value=\"{\">GPSL3L4<\/td>\n<td data-sheets-value=\"{\">1370-1390MHz<\/td>\n<td data-sheets-value=\"{\">37dbm \/ 5W<\/td>\n<\/tr>\n<tr>\n<td data-sheets-value=\"{\">10<\/td>\n<td data-sheets-value=\"{\">GPSL2L5<\/td>\n<td data-sheets-value=\"{\">1170-1280MHz<\/td>\n<td data-sheets-value=\"{\">37dbm \/ 5W<\/td>\n<\/tr>\n<tr>\n<td data-sheets-value=\"{\">11<\/td>\n<td data-sheets-value=\"{\">WIFI5.2G<\/td>\n<td data-sheets-value=\"{\">5100-5500MHz<\/td>\n<td data-sheets-value=\"{\">35dbm \/ 3W<\/td>\n<\/tr>\n<tr>\n<td data-sheets-value=\"{\">12<\/td>\n<td data-sheets-value=\"{\">WIFI5.8G<\/td>\n<td data-sheets-value=\"{\">5500-5900MHz<\/td>\n<td data-sheets-value=\"{\">35dbm \/ 3W<\/td>\n<\/tr>\n<\/tbody>\n<\/table>\n","protected":false},"excerpt":{"rendered":"<p>Ausgangsleistung: Gesamt 86W, 3-10W pro Band Reichweite: Bis zu 80 Meter Stromversorgung: DC24V und AC110-220V zu DC24V Adapter K\u00fchlsystem: Eingebaute<\/p>\n","protected":false},"featured_media":17334,"comment_status":"closed","ping_status":"closed","template":"","meta":{"_acf_changed":false},"product_brand":[],"product_cat":[148,146,147,149],"product_tag":[],"class_list":{"0":"post-17692","1":"product","2":"type-product","3":"status-publish","4":"has-post-thumbnail","6":"product_cat-gps-stoersender","7":"product_cat-handy-stoersender","8":"product_cat-stoersender","9":"product_cat-stoersender-wlan","10":"pa_channel-12-channel-de","11":"pa_output-power-86w-de","12":"pa_range-80-meter","13":"pa_type-2-desktop-stoersender","15":"first","16":"instock","17":"purchasable","18":"product-type-simple"},"acf":[],"_links":{"self":[{"href":"https:\/\/hgjammer.com\/de\/wp-json\/wp\/v2\/product\/17692","targetHints":{"allow":["GET"]}}],"collection":[{"href":"https:\/\/hgjammer.com\/de\/wp-json\/wp\/v2\/product"}],"about":[{"href":"https:\/\/hgjammer.com\/de\/wp-json\/wp\/v2\/types\/product"}],"replies":[{"embeddable":true,"href":"https:\/\/hgjammer.com\/de\/wp-json\/wp\/v2\/comments?post=17692"}],"version-history":[{"count":1,"href":"https:\/\/hgjammer.com\/de\/wp-json\/wp\/v2\/product\/17692\/revisions"}],"predecessor-version":[{"id":17827,"href":"https:\/\/hgjammer.com\/de\/wp-json\/wp\/v2\/product\/17692\/revisions\/17827"}],"wp:featuredmedia":[{"embeddable":true,"href":"https:\/\/hgjammer.com\/de\/wp-json\/wp\/v2\/media\/17334"}],"wp:attachment":[{"href":"https:\/\/hgjammer.com\/de\/wp-json\/wp\/v2\/media?parent=17692"}],"wp:term":[{"taxonomy":"product_brand","embeddable":true,"href":"https:\/\/hgjammer.com\/de\/wp-json\/wp\/v2\/product_brand?post=17692"},{"taxonomy":"product_cat","embeddable":true,"href":"https:\/\/hgjammer.com\/de\/wp-json\/wp\/v2\/product_cat?post=17692"},{"taxonomy":"product_tag","embeddable":true,"href":"https:\/\/hgjammer.com\/de\/wp-json\/wp\/v2\/product_tag?post=17692"}],"curies":[{"name":"wp","href":"https:\/\/api.w.org\/{rel}","templated":true}]}}