{"id":18387,"date":"2021-10-12T15:51:09","date_gmt":"2021-10-12T15:51:09","guid":{"rendered":"https:\/\/hgjammer.com\/?page_id=18387"},"modified":"2024-08-07T15:09:49","modified_gmt":"2024-08-07T15:09:49","slug":"chi-siamo","status":"publish","type":"page","link":"https:\/\/hgjammer.com\/it\/chi-siamo\/","title":{"rendered":"Chi Siamo"},"content":{"rendered":"\t\t<div data-elementor-type=\"wp-page\" data-elementor-id=\"18387\" class=\"elementor elementor-18387 elementor-4400\" data-elementor-post-type=\"page\">\n\t\t\t\t<div class=\"wd-negative-gap elementor-element elementor-element-15ec654 wd-section-stretch e-flex e-con-boxed e-con e-parent\" data-id=\"15ec654\" data-element_type=\"container\" data-settings=\"{&quot;background_background&quot;:&quot;classic&quot;}\">\n\t\t\t\t\t<div class=\"e-con-inner\">\n\t\t<div class=\"elementor-element elementor-element-efd847c e-con-full e-flex e-con e-child\" data-id=\"efd847c\" data-element_type=\"container\">\n\t\t\t\t<div class=\"elementor-element elementor-element-4409be5 elementor-widget-tablet__width-inherit wd-width-100 elementor-widget elementor-widget-wd_title\" data-id=\"4409be5\" data-element_type=\"widget\" data-widget_type=\"wd_title.default\">\n\t\t\t\t<div class=\"elementor-widget-container\">\n\t\t\t\t\t\t\t<div class=\"title-wrapper wd-set-mb reset-last-child wd-title-color-primary wd-title-style-underlined wd-title-size-large text-left\">\n\n\t\t\t\t\t\t\t\t\t\t\t<div class=\"title-subtitle subtitle-color-primary subtitle-style-default wd-fontsize-xs\">\n\t\t\t\t\tHG Techonlogy\t\t\t\t<\/div>\n\t\t\t\n\t\t\t<div class=\"liner-continer\">\n\t\t\t\t<h1 class=\"woodmart-title-container title wd-fontsize-xxl\">Chi Siamo<\/h1> \n\t\t\t\t\t\t\t<\/div>\n\n\t\t\t\t\t\t\t<div class=\"title-after_title reset-last-child wd-fontsize-s\">\n\t\t\t\t\t<p>HG Technology Co., LTD \u00e8 un produttore ed esportatore leader di jammer di segnale RF dal 2008. I nostri prodotti sono distribuiti in Europa, Stati Uniti, Asia, Medio Oriente, Russia e Africa. La nostra clientela varia da agenzie governative e aziende di sicurezza privata a fornitori militari e universit\u00e0 in tutto il mondo. Abbiamo costruito la nostra reputazione su prodotti di alta qualit\u00e0 e su un servizio post-vendita affidabile. Sicuri della qualit\u00e0 dei nostri prodotti, offriamo una garanzia di un anno su ogni ordine, permettendoti di acquistare da noi con la massima tranquillit\u00e0.    <\/p>\t\t\t\t<\/div>\n\t\t\t\t\t<\/div>\n\t\t\t\t\t\t<\/div>\n\t\t\t\t<\/div>\n\t\t<div class=\"elementor-element elementor-element-8619fed e-con-full e-flex e-con e-child\" data-id=\"8619fed\" data-element_type=\"container\">\n\t\t\t\t<div class=\"elementor-element elementor-element-d02ff7f elementor-widget elementor-widget-wd_button\" data-id=\"d02ff7f\" data-element_type=\"widget\" data-widget_type=\"wd_button.default\">\n\t\t\t\t<div class=\"elementor-widget-container\">\n\t\t\t\t\t\t\t<div class=\"wd-button-wrapper text-center\" >\n\t\t\t<a class=\"btn btn-style-default btn-shape-rectangle btn-size-small btn-color-alt btn-icon-pos-right\"  href=\"https:\/\/hgjammer.com\/it\/categoria-prodotto\/disturbatori-di-tutte-le-frequenze\/\">\n\t\t\t\t<span class=\"wd-btn-text\" data-elementor-setting-key=\"text\">\n\t\t\t\t\tEsplora e Acquista i Nostri Prodotti\t\t\t\t<\/span>\n\n\t\t\t\t\t\t\t<\/a>\n\t\t<\/div>\n\t\t\t\t\t\t<\/div>\n\t\t\t\t<\/div>\n\t\t\t\t<div class=\"elementor-element elementor-element-97081a0 elementor-widget elementor-widget-wd_button\" data-id=\"97081a0\" data-element_type=\"widget\" data-widget_type=\"wd_button.default\">\n\t\t\t\t<div class=\"elementor-widget-container\">\n\t\t\t\t\t\t\t<div class=\"wd-button-wrapper text-center\" >\n\t\t\t<a class=\"btn btn-style-link btn-shape- btn-size-small btn-icon-pos-right\"  href=\"https:\/\/hgjammer.com\/contact-us\/\">\n\t\t\t\t<span class=\"wd-btn-text\" data-elementor-setting-key=\"text\">\n\t\t\t\t\tContattaci\t\t\t\t<\/span>\n\n\t\t\t\t\t\t\t<\/a>\n\t\t<\/div>\n\t\t\t\t\t\t<\/div>\n\t\t\t\t<\/div>\n\t\t\t\t<\/div>\n\t\t\t\t<\/div>\n\t\t<div class=\"elementor-element elementor-element-604a653 e-con-full e-flex e-con e-child\" data-id=\"604a653\" data-element_type=\"container\">\n\t\t\t\t<div class=\"elementor-element elementor-element-b8cdacc elementor-widget elementor-widget-image\" data-id=\"b8cdacc\" data-element_type=\"widget\" data-widget_type=\"image.default\">\n\t\t\t\t<div class=\"elementor-widget-container\">\n\t\t\t\t\t\t\t\t\t\t\t\t<figure class=\"wp-caption\">\n\t\t\t\t\t\t\t\t\t\t<img loading=\"lazy\" decoding=\"async\" width=\"800\" height=\"543\" src=\"https:\/\/hgjammer.com\/wp-content\/uploads\/2024\/05\/hg-technology-shenzhen-factory.jpg\" class=\"attachment-full size-full wp-image-18390\" alt=\"\" srcset=\"https:\/\/hgjammer.com\/wp-content\/uploads\/2024\/05\/hg-technology-shenzhen-factory.jpg 800w, https:\/\/hgjammer.com\/wp-content\/uploads\/2024\/05\/hg-technology-shenzhen-factory-400x272.jpg 400w, https:\/\/hgjammer.com\/wp-content\/uploads\/2024\/05\/hg-technology-shenzhen-factory-768x521.jpg 768w, https:\/\/hgjammer.com\/wp-content\/uploads\/2024\/05\/hg-technology-shenzhen-factory-430x292.jpg 430w, https:\/\/hgjammer.com\/wp-content\/uploads\/2024\/05\/hg-technology-shenzhen-factory-700x475.jpg 700w, https:\/\/hgjammer.com\/wp-content\/uploads\/2024\/05\/hg-technology-shenzhen-factory-150x102.jpg 150w\" sizes=\"auto, (max-width: 800px) 100vw, 800px\" \/>\t\t\t\t\t\t\t\t\t\t\t<figcaption class=\"widget-image-caption wp-caption-text\">Fabbrica HG Technology di Shenzhen<\/figcaption>\n\t\t\t\t\t\t\t\t\t\t<\/figure>\n\t\t\t\t\t\t\t\t\t<\/div>\n\t\t\t\t<\/div>\n\t\t\t\t<\/div>\n\t\t\t\t\t<\/div>\n\t\t\t\t<\/div>\n\t\t<div class=\"wd-negative-gap elementor-element elementor-element-a29f80b e-flex e-con-boxed e-con e-parent\" data-id=\"a29f80b\" data-element_type=\"container\">\n\t\t\t\t\t<div class=\"e-con-inner\">\n\t\t<div class=\"elementor-element elementor-element-01ed793 e-con-full e-flex e-con e-child\" data-id=\"01ed793\" data-element_type=\"container\">\n\t\t\t\t<div class=\"elementor-element elementor-element-fcf9c36 wd-width-100 elementor-widget elementor-widget-wd_images_gallery\" data-id=\"fcf9c36\" data-element_type=\"widget\" data-widget_type=\"wd_images_gallery.default\">\n\t\t\t\t<div class=\"elementor-widget-container\">\n\t\t\t\t\t\t\t<div class=\"wd-images-gallery photoswipe-images\" style=\"--wd-align-items:center; --wd-justify-content:center;\">\n\t\t\t\t\t\t<div class=\"wd-masonry wd-grid-f-col\" style=\"--wd-col-lg:2;--wd-col-md:2;--wd-col-sm:1;--wd-gap-lg:2px;\" >\n\t\t\t\t\t\t\t\t\t\t\t\t\t\t\t\t\t\t<div class=\"wd-gallery-item wd-col\">\n\t\t\t\t\t\t\t\t\t\t\t\t\t<a  href=\"https:\/\/hgjammer.com\/wp-content\/uploads\/2024\/06\/drone-uav-jammer-packaging-process.jpg\" data-width=\"800\" data-height=\"543\" data-index=\"1\" data-elementor-open-lightbox=\"no\">\n\t\t\t\t\t\t\n\t\t\t\t\t\t<img loading=\"lazy\" decoding=\"async\" width=\"768\" height=\"521\" src=\"https:\/\/hgjammer.com\/wp-content\/uploads\/2024\/06\/drone-uav-jammer-packaging-process-768x521.jpg\" class=\"attachment-medium_large size-medium_large\" alt=\"drone uav jammer packaging process\" srcset=\"https:\/\/hgjammer.com\/wp-content\/uploads\/2024\/06\/drone-uav-jammer-packaging-process-768x521.jpg 768w, https:\/\/hgjammer.com\/wp-content\/uploads\/2024\/06\/drone-uav-jammer-packaging-process-400x272.jpg 400w, https:\/\/hgjammer.com\/wp-content\/uploads\/2024\/06\/drone-uav-jammer-packaging-process-430x292.jpg 430w, https:\/\/hgjammer.com\/wp-content\/uploads\/2024\/06\/drone-uav-jammer-packaging-process-700x475.jpg 700w, https:\/\/hgjammer.com\/wp-content\/uploads\/2024\/06\/drone-uav-jammer-packaging-process-150x102.jpg 150w, https:\/\/hgjammer.com\/wp-content\/uploads\/2024\/06\/drone-uav-jammer-packaging-process.jpg 800w\" sizes=\"auto, (max-width: 768px) 100vw, 768px\" \/>\n\t\t\t\t\t\t\t\t\t\t\t\t\t<\/a>\n\t\t\t\t\t\t\t\t\t\t\t<\/div>\n\t\t\t\t\t\t\t\t\t\t\t\t\t\t\t<div class=\"wd-gallery-item wd-col\">\n\t\t\t\t\t\t\t\t\t\t\t\t\t<a  href=\"https:\/\/hgjammer.com\/wp-content\/uploads\/2024\/06\/signal-jammer-device-testing-process.jpg\" data-width=\"800\" data-height=\"543\" data-index=\"2\" data-elementor-open-lightbox=\"no\">\n\t\t\t\t\t\t\n\t\t\t\t\t\t<img loading=\"lazy\" decoding=\"async\" width=\"768\" height=\"521\" src=\"https:\/\/hgjammer.com\/wp-content\/uploads\/2024\/06\/signal-jammer-device-testing-process-768x521.jpg\" class=\"attachment-medium_large size-medium_large\" alt=\"signal jammer device testing process\" srcset=\"https:\/\/hgjammer.com\/wp-content\/uploads\/2024\/06\/signal-jammer-device-testing-process-768x521.jpg 768w, https:\/\/hgjammer.com\/wp-content\/uploads\/2024\/06\/signal-jammer-device-testing-process-400x272.jpg 400w, https:\/\/hgjammer.com\/wp-content\/uploads\/2024\/06\/signal-jammer-device-testing-process-430x292.jpg 430w, https:\/\/hgjammer.com\/wp-content\/uploads\/2024\/06\/signal-jammer-device-testing-process-700x475.jpg 700w, https:\/\/hgjammer.com\/wp-content\/uploads\/2024\/06\/signal-jammer-device-testing-process-150x102.jpg 150w, https:\/\/hgjammer.com\/wp-content\/uploads\/2024\/06\/signal-jammer-device-testing-process.jpg 800w\" sizes=\"auto, (max-width: 768px) 100vw, 768px\" \/>\n\t\t\t\t\t\t\t\t\t\t\t\t\t<\/a>\n\t\t\t\t\t\t\t\t\t\t\t<\/div>\n\t\t\t\t\t\t\t\t\t\t\t\t\t\t\t<div class=\"wd-gallery-item wd-col\">\n\t\t\t\t\t\t\t\t\t\t\t\t\t<a  href=\"https:\/\/hgjammer.com\/wp-content\/uploads\/2024\/06\/drone-jammer-showcase.jpg\" data-width=\"800\" data-height=\"543\" data-index=\"3\" data-elementor-open-lightbox=\"no\">\n\t\t\t\t\t\t\n\t\t\t\t\t\t<img loading=\"lazy\" decoding=\"async\" width=\"768\" height=\"521\" src=\"https:\/\/hgjammer.com\/wp-content\/uploads\/2024\/06\/drone-jammer-showcase-768x521.jpg\" class=\"attachment-medium_large size-medium_large\" alt=\"drone jammers\" srcset=\"https:\/\/hgjammer.com\/wp-content\/uploads\/2024\/06\/drone-jammer-showcase-768x521.jpg 768w, https:\/\/hgjammer.com\/wp-content\/uploads\/2024\/06\/drone-jammer-showcase-400x272.jpg 400w, https:\/\/hgjammer.com\/wp-content\/uploads\/2024\/06\/drone-jammer-showcase-430x292.jpg 430w, https:\/\/hgjammer.com\/wp-content\/uploads\/2024\/06\/drone-jammer-showcase-700x475.jpg 700w, https:\/\/hgjammer.com\/wp-content\/uploads\/2024\/06\/drone-jammer-showcase-150x102.jpg 150w, https:\/\/hgjammer.com\/wp-content\/uploads\/2024\/06\/drone-jammer-showcase.jpg 800w\" sizes=\"auto, (max-width: 768px) 100vw, 768px\" \/>\n\t\t\t\t\t\t\t\t\t\t\t\t\t<\/a>\n\t\t\t\t\t\t\t\t\t\t\t<\/div>\n\t\t\t\t\t\t\t\t\t\t\t\t\t\t\t<div class=\"wd-gallery-item wd-col\">\n\t\t\t\t\t\t\t\t\t\t\t\t\t<a  href=\"https:\/\/hgjammer.com\/wp-content\/uploads\/2024\/06\/drone-uav-jammer-packaging-process.jpg\" data-width=\"800\" data-height=\"543\" data-index=\"4\" data-elementor-open-lightbox=\"no\">\n\t\t\t\t\t\t\n\t\t\t\t\t\t<img loading=\"lazy\" decoding=\"async\" width=\"768\" height=\"521\" src=\"https:\/\/hgjammer.com\/wp-content\/uploads\/2024\/06\/drone-uav-jammer-packaging-process-768x521.jpg\" class=\"attachment-medium_large size-medium_large\" alt=\"drone uav jammer packaging process\" srcset=\"https:\/\/hgjammer.com\/wp-content\/uploads\/2024\/06\/drone-uav-jammer-packaging-process-768x521.jpg 768w, https:\/\/hgjammer.com\/wp-content\/uploads\/2024\/06\/drone-uav-jammer-packaging-process-400x272.jpg 400w, https:\/\/hgjammer.com\/wp-content\/uploads\/2024\/06\/drone-uav-jammer-packaging-process-430x292.jpg 430w, https:\/\/hgjammer.com\/wp-content\/uploads\/2024\/06\/drone-uav-jammer-packaging-process-700x475.jpg 700w, https:\/\/hgjammer.com\/wp-content\/uploads\/2024\/06\/drone-uav-jammer-packaging-process-150x102.jpg 150w, https:\/\/hgjammer.com\/wp-content\/uploads\/2024\/06\/drone-uav-jammer-packaging-process.jpg 800w\" sizes=\"auto, (max-width: 768px) 100vw, 768px\" \/>\n\t\t\t\t\t\t\t\t\t\t\t\t\t<\/a>\n\t\t\t\t\t\t\t\t\t\t\t<\/div>\n\t\t\t\t\t\t\t\t\t\t\t\t\t<\/div>\n\t\t\t\t\t<\/div>\n\t\t\t\t\t\t<\/div>\n\t\t\t\t<\/div>\n\t\t\t\t<\/div>\n\t\t<div class=\"elementor-element elementor-element-448bb48 e-con-full e-flex e-con e-child\" data-id=\"448bb48\" data-element_type=\"container\">\n\t\t\t\t<div class=\"elementor-element elementor-element-b8233ee elementor-widget-tablet__width-inherit wd-width-100 elementor-widget elementor-widget-wd_title\" data-id=\"b8233ee\" data-element_type=\"widget\" data-widget_type=\"wd_title.default\">\n\t\t\t\t<div class=\"elementor-widget-container\">\n\t\t\t\t\t\t\t<div class=\"title-wrapper wd-set-mb reset-last-child wd-title-color-primary wd-title-style-underlined wd-title-size-large text-left\">\n\n\t\t\t\t\t\t\t\t\t\t\t<div class=\"title-subtitle subtitle-color-primary subtitle-style-default wd-fontsize-xs\">\n\t\t\t\t\tStrutture all\u2019Avanguardia\t\t\t\t<\/div>\n\t\t\t\n\t\t\t<div class=\"liner-continer\">\n\t\t\t\t<h1 class=\"woodmart-title-container title wd-fontsize-xxl\">Reparto Produzione<\/h1> \n\t\t\t\t\t\t\t<\/div>\n\n\t\t\t\t\t\t\t<div class=\"title-after_title reset-last-child wd-fontsize-s\">\n\t\t\t\t\t<p>Dalla nostra fondazione, abbiamo posseduto una struttura di produzione interna. Inizialmente, la nostra linea di produzione era limitata alla realizzazione di generatori di segnale per jammer RF. Tuttavia, grazie a anni di investimenti, abbiamo sviluppato una linea di produzione completa, che ci consente di gestire internamente ogni fase, dalla produzione ai test. Controllando l'intero processo produttivo, possiamo garantire il massimo livello di qualit\u00e0 dei prodotti. Questo impegno verso l'eccellenza \u00e8 la ragione per cui i nostri clienti continuano a sceglierci.    <\/p><p>Oggi forniamo anche servizi di personalizzazione OEM, realizzando prodotti secondo i design e le esigenze specifiche dei nostri clienti. Il nostro team di ricerca e sviluppo \u00e8 a disposizione per supportare i clienti nella valutazione dei loro piani di progettazione, mettendo a frutto i nostri anni di esperienza nel settore per assicurare il loro successo. <\/p>\t\t\t\t<\/div>\n\t\t\t\t\t<\/div>\n\t\t\t\t\t\t<\/div>\n\t\t\t\t<\/div>\n\t\t\t\t<\/div>\n\t\t\t\t\t<\/div>\n\t\t\t\t<\/div>\n\t\t<div class=\"wd-negative-gap elementor-element elementor-element-710c01f e-flex e-con-boxed e-con e-parent\" data-id=\"710c01f\" data-element_type=\"container\">\n\t\t\t\t\t<div class=\"e-con-inner\">\n\t\t<div class=\"elementor-element elementor-element-c844fc9 e-con-full e-flex e-con e-child\" data-id=\"c844fc9\" data-element_type=\"container\">\n\t\t\t\t<div class=\"elementor-element elementor-element-e6b20aa elementor-widget-tablet__width-inherit wd-width-100 elementor-widget elementor-widget-wd_title\" data-id=\"e6b20aa\" data-element_type=\"widget\" data-widget_type=\"wd_title.default\">\n\t\t\t\t<div class=\"elementor-widget-container\">\n\t\t\t\t\t\t\t<div class=\"title-wrapper wd-set-mb reset-last-child wd-title-color-primary wd-title-style-underlined wd-title-size-large text-left\">\n\n\t\t\t\t\t\t\t\t\t\t\t<div class=\"title-subtitle subtitle-color-primary subtitle-style-default wd-fontsize-xs\">\n\t\t\t\t\tHG Techonlogy\t\t\t\t<\/div>\n\t\t\t\n\t\t\t<div class=\"liner-continer\">\n\t\t\t\t<h1 class=\"woodmart-title-container title wd-fontsize-xxl\">Certificazioni<\/h1> \n\t\t\t\t\t\t\t<\/div>\n\n\t\t\t\t\t\t\t<div class=\"title-after_title reset-last-child wd-fontsize-s\">\n\t\t\t\t\t<p>La nostra fabbrica vanta diverse certificazioni fondamentali, tra cui CE e RoHS. Inoltre, siamo certificati ISO9001, a testimonianza dei nostri rigorosi processi di gestione e controllo della qualit\u00e0. Queste certificazioni evidenziano il nostro impegno nel fornire prodotti di alta qualit\u00e0 e affidabilit\u00e0 ai nostri clienti.  <\/p>\t\t\t\t<\/div>\n\t\t\t\t\t<\/div>\n\t\t\t\t\t\t<\/div>\n\t\t\t\t<\/div>\n\t\t\t\t<\/div>\n\t\t<div class=\"elementor-element elementor-element-f86b0d5 e-con-full e-flex e-con e-child\" data-id=\"f86b0d5\" data-element_type=\"container\">\n\t\t\t\t<div class=\"elementor-element elementor-element-cf029d0 elementor-widget elementor-widget-image\" data-id=\"cf029d0\" data-element_type=\"widget\" data-widget_type=\"image.default\">\n\t\t\t\t<div class=\"elementor-widget-container\">\n\t\t\t\t\t\t\t\t\t\t\t\t<figure class=\"wp-caption\">\n\t\t\t\t\t\t\t\t\t\t<img loading=\"lazy\" decoding=\"async\" width=\"800\" height=\"543\" src=\"https:\/\/hgjammer.com\/wp-content\/uploads\/2024\/05\/Certification-hgjammer.jpg\" class=\"attachment-full size-full wp-image-18392\" alt=\"\" srcset=\"https:\/\/hgjammer.com\/wp-content\/uploads\/2024\/05\/Certification-hgjammer.jpg 800w, https:\/\/hgjammer.com\/wp-content\/uploads\/2024\/05\/Certification-hgjammer-400x272.jpg 400w, https:\/\/hgjammer.com\/wp-content\/uploads\/2024\/05\/Certification-hgjammer-768x521.jpg 768w, https:\/\/hgjammer.com\/wp-content\/uploads\/2024\/05\/Certification-hgjammer-430x292.jpg 430w, https:\/\/hgjammer.com\/wp-content\/uploads\/2024\/05\/Certification-hgjammer-700x475.jpg 700w, https:\/\/hgjammer.com\/wp-content\/uploads\/2024\/05\/Certification-hgjammer-150x102.jpg 150w\" sizes=\"auto, (max-width: 800px) 100vw, 800px\" \/>\t\t\t\t\t\t\t\t\t\t\t<figcaption class=\"widget-image-caption wp-caption-text\">Certificazioni<\/figcaption>\n\t\t\t\t\t\t\t\t\t\t<\/figure>\n\t\t\t\t\t\t\t\t\t<\/div>\n\t\t\t\t<\/div>\n\t\t\t\t<\/div>\n\t\t\t\t\t<\/div>\n\t\t\t\t<\/div>\n\t\t\t\t<\/div>\n\t\t","protected":false},"excerpt":{"rendered":"<p>HG Techonlogy Chi Siamo HG Technology Co., LTD \u00e8 un produttore ed esportatore leader di jammer di segnale RF dal<\/p>\n","protected":false},"author":1,"featured_media":0,"parent":0,"menu_order":0,"comment_status":"closed","ping_status":"closed","template":"","meta":{"_acf_changed":false,"footnotes":""},"class_list":["post-18387","page","type-page","status-publish","hentry"],"acf":[],"_links":{"self":[{"href":"https:\/\/hgjammer.com\/it\/wp-json\/wp\/v2\/pages\/18387","targetHints":{"allow":["GET"]}}],"collection":[{"href":"https:\/\/hgjammer.com\/it\/wp-json\/wp\/v2\/pages"}],"about":[{"href":"https:\/\/hgjammer.com\/it\/wp-json\/wp\/v2\/types\/page"}],"author":[{"embeddable":true,"href":"https:\/\/hgjammer.com\/it\/wp-json\/wp\/v2\/users\/1"}],"replies":[{"embeddable":true,"href":"https:\/\/hgjammer.com\/it\/wp-json\/wp\/v2\/comments?post=18387"}],"version-history":[{"count":1,"href":"https:\/\/hgjammer.com\/it\/wp-json\/wp\/v2\/pages\/18387\/revisions"}],"predecessor-version":[{"id":18393,"href":"https:\/\/hgjammer.com\/it\/wp-json\/wp\/v2\/pages\/18387\/revisions\/18393"}],"wp:attachment":[{"href":"https:\/\/hgjammer.com\/it\/wp-json\/wp\/v2\/media?parent=18387"}],"curies":[{"name":"wp","href":"https:\/\/api.w.org\/{rel}","templated":true}]}}